{"id":977,"date":"2026-02-27T17:26:46","date_gmt":"2026-02-27T23:26:46","guid":{"rendered":"https:\/\/pachucatravel.com.mx\/index.php\/product\/viaje-grupal-peru\/"},"modified":"2026-03-04T14:43:45","modified_gmt":"2026-03-04T20:43:45","slug":"viaje-grupal-peru","status":"publish","type":"product","link":"https:\/\/pachucatravel.com.mx\/index.php\/product\/viaje-grupal-peru\/","title":{"rendered":"Viaje Grupal Per\u00fa"},"content":{"rendered":"<div class=\"et_pb_module et_pb_wc_meta et_pb_wc_meta_0_tb_body et_pb_bg_layout_ et_pb_wc_no_sku et_pb_wc_no_tags et_pb_wc_meta_layout_inline\">\n<div class=\"et_pb_module_inner\" style=\"margin: 0px;padding: 0px;border: 0px;font-size: 14px;vertical-align: baseline;background: transparent;position: relative\" data-mce-style=\"margin: 0px; padding: 0px; border: 0px; font-size: 14px; vertical-align: baseline; background: transparent; position: relative;\"><\/div>\n<\/div>\n<div class=\"et_pb_module et_pb_wc_description et_pb_wc_description_1_tb_body et_pb_bg_layout_light et_pb_text_align_left\">\n<div class=\"et_pb_module_inner\" style=\"margin: 0px;padding: 0px;border: 0px;font-size: 14px;vertical-align: baseline;background: transparent;position: relative\" data-mce-style=\"margin: 0px; padding: 0px; border: 0px; font-size: 14px; vertical-align: baseline; background: transparent; position: relative;\">\n<h1 style=\"margin: 0px;padding: 0px 0px 10px;border: 0px;font-size: 30px;vertical-align: baseline;background: transparent;line-height: 1em;font-weight: 500\" data-mce-style=\"margin: 0px; padding: 0px 0px 10px; border: 0px; font-size: 30px; vertical-align: baseline; background: transparent; line-height: 1em; font-weight: 500;\">ITINERARIO PRELIMINAR<\/h1>\n<h2 style=\"margin: 0px;padding: 0px 0px 10px;border: 0px;font-size: 26px;vertical-align: baseline;background: transparent;line-height: 1em;font-weight: 500\" data-mce-style=\"margin: 0px; padding: 0px 0px 10px; border: 0px; font-size: 26px; vertical-align: baseline; background: transparent; line-height: 1em; font-weight: 500;\">DIA 01. MEXICO \u2708\ufe0f LIMA<\/h2>\n<p style=\"margin: 0px;padding: 0px 0px 1em;border: 0px;font-size: 14px;vertical-align: baseline;background: transparent\" data-mce-style=\"margin: 0px; padding: 0px 0px 1em; border: 0px; font-size: 14px; vertical-align: baseline; background: transparent;\">Cita en el aeropuerto de la Ciudad de M\u00e9xico 04HRS antes de la salida del vuelo N\u00b0Y4-3918 de VOLARIS con salida a las 22:00HRS con destino a Lima. Noche abordo.<\/p>\n<h2 style=\"margin: 0px;padding: 0px 0px 10px;border: 0px;font-size: 26px;vertical-align: baseline;background: transparent;line-height: 1em;font-weight: 500\" data-mce-style=\"margin: 0px; padding: 0px 0px 10px; border: 0px; font-size: 26px; vertical-align: baseline; background: transparent; line-height: 1em; font-weight: 500;\">DIA 02. LIMA<\/h2>\n<p style=\"margin: 0px;padding: 0px 0px 1em;border: 0px;font-size: 14px;vertical-align: baseline;background: transparent\" data-mce-style=\"margin: 0px; padding: 0px 0px 1em; border: 0px; font-size: 14px; vertical-align: baseline; background: transparent;\">Arribo al aeropuerto de Lima a las 05:01HRS. Llegada y recepci\u00f3n. A la hora indicada traslado para pasar por las principales calles, plazas y avenidas de la ciudad. Comenzaremos con una vista panor\u00e1mica por el distrito de Miraflores. Iniciaremos por el Parque del Amor, donde observaremos la famosa escultura \u201cEl Beso\u201d, del artista peruano V\u00edctor Delf\u00edn. Luego, observaremos la impresionante Huaca Pucllana, centro ceremonial de la cultura Lima. Continuaremos a la Plaza de Armas, donde encontraremos el Palacio de Gobierno y el Palacio Municipal. Visitaremos la Catedral y caminaremos hasta el Convento de Santo Domingo, cuyos pasillos fueron transitados por San Mart\u00edn de Porres y Santa Rosa de Lima en el siglo XVII y donde actualmente yacen sus restos. A la hora indicada traslado al hotel. Alojamiento.<\/p>\n<p style=\"margin: 0px;padding: 0px 0px 1em;border: 0px;font-size: 14px;vertical-align: baseline;background: transparent\" data-mce-style=\"margin: 0px; padding: 0px 0px 1em; border: 0px; font-size: 14px; vertical-align: baseline; background: transparent;\"><strong style=\"margin: 0px;padding: 0px;border: 0px;font-size: 14px;vertical-align: baseline;background: transparent;font-weight: bold\" data-mce-style=\"margin: 0px; padding: 0px; border: 0px; font-size: 14px; vertical-align: baseline; background: transparent; font-weight: bold;\">NOTA:<\/strong>\u00a0CATEDRAL DE LIMA NO OPERA LOS DIAS SABADOS EN LA TARDE, NI DOMINGOS POR LA MA\u00d1ANA, SE REEMPLAZA POR MUSEO DE ARTE DE LIMA \u2013 MALI. LA CATEDRAL CIERRA EN ALGUNOS FERIADOS NACIONALES Y\/O RELIGIOSOS.<\/p>\n<h2 style=\"margin: 0px;padding: 0px 0px 10px;border: 0px;font-size: 26px;vertical-align: baseline;background: transparent;line-height: 1em;font-weight: 500\" data-mce-style=\"margin: 0px; padding: 0px 0px 10px; border: 0px; font-size: 26px; vertical-align: baseline; background: transparent; line-height: 1em; font-weight: 500;\">DIA 03. LIMA \u2708\ufe0f CUSCO<\/h2>\n<p style=\"margin: 0px;padding: 0px 0px 1em;border: 0px;font-size: 14px;vertical-align: baseline;background: transparent\" data-mce-style=\"margin: 0px; padding: 0px 0px 1em; border: 0px; font-size: 14px; vertical-align: baseline; background: transparent;\">A la hora indicada cita en el lobby del hotel, traslado al aeropuerto para abordar su vuelo con destino a Cusco. Arribo al aeropuerto, recepci\u00f3n, asistencia la hora indicada recepci\u00f3n y traslado al hotel. Por la tarde, recorrido exclusivo de la ciudad que se inicia visitando los puntos m\u00e1s resaltantes del magn\u00edfico y art\u00edstico distrito de San Blas, una mixtura de la cultura inca y espa\u00f1ola. En el camino, apreciaremos la Plazoleta Nazarenas, rodeada de edificios coloniales como la antigua sede de la universidad San Antonio Abad y junto a ella la iglesia del mismo nombre. Luego, seguiremos hacia la Plaza de Armas para visitar La Catedral que alberga obras coloniales de incre\u00edble valor. Continuaremos hacia el Koricancha, cuyo nombre en quechua es Quri Kancha (Templo Dorado) que nos recibe con toda su fastuosidad. A la hora indicada traslado al hotel. Alojamiento.<\/p>\n<p style=\"margin: 0px;padding: 0px 0px 1em;border: 0px;font-size: 14px;vertical-align: baseline;background: transparent\" data-mce-style=\"margin: 0px; padding: 0px 0px 1em; border: 0px; font-size: 14px; vertical-align: baseline; background: transparent;\"><strong style=\"margin: 0px;padding: 0px;border: 0px;font-size: 14px;vertical-align: baseline;background: transparent;font-weight: bold\" data-mce-style=\"margin: 0px; padding: 0px; border: 0px; font-size: 14px; vertical-align: baseline; background: transparent; font-weight: bold;\">NOTA:<\/strong>\u00a0LOS VUELOS PUEDEN TENER ESCALA. PUEDEN NO SER DIRECTOS.<\/p>\n<h2 style=\"margin: 0px;padding: 0px 0px 10px;border: 0px;font-size: 26px;vertical-align: baseline;background: transparent;line-height: 1em;font-weight: 500\" data-mce-style=\"margin: 0px; padding: 0px 0px 10px; border: 0px; font-size: 26px; vertical-align: baseline; background: transparent; line-height: 1em; font-weight: 500;\">DIA 04. CUSCO \ud83d\ude8c VALLE SAGRADO DE LOS INCAS<\/h2>\n<p style=\"margin: 0px;padding: 0px 0px 1em;border: 0px;font-size: 14px;vertical-align: baseline;background: transparent\" data-mce-style=\"margin: 0px; padding: 0px 0px 1em; border: 0px; font-size: 14px; vertical-align: baseline; background: transparent;\">Desayuno. A la hora indicada traslado a Valle Sagrado de los Incas nos recibe el pueblo de Pisac Inca y Colonial. Descubra uno de los sitios arqueol\u00f3gicos Incas m\u00e1s bellos del Valle Sagrado, en la cima de la monta\u00f1a que domina el pueblo colonial de Pisac. Recorrido a pie por el pueblo colonial. Tiempo para hacer compras en el mercado de artesan\u00edas (por cuenta del visitante). Luego, nos dirigiremos al impresionante Museo Inkariy. Realizaremos una visita guiada al museo para conocer las diversas salas donde se exhiben representaciones de las culturas prehisp\u00e1nicas del antiguo Per\u00fa. Almuerzo (incluido). Nuestra siguiente parada, el Museo de Cultura Viva de Yucay, complejo tur\u00edstico donde conoceremos y podremos alimentar a cam\u00e9lidos andinos como llamas y alpacas, adem\u00e1s, pobladores locales nos mostrar\u00e1n sus t\u00e9cnicas de tejido y te\u00f1ido de textiles tradicionales. Al finalizar traslado al hotel. Alojamiento.<\/p>\n<h2 style=\"margin: 0px;padding: 0px 0px 10px;border: 0px;font-size: 26px;vertical-align: baseline;background: transparent;line-height: 1em;font-weight: 500\" data-mce-style=\"margin: 0px; padding: 0px 0px 10px; border: 0px; font-size: 26px; vertical-align: baseline; background: transparent; line-height: 1em; font-weight: 500;\">DIA 05. VALLE SAGRADO DE LOS INCAS \ud83d\ude8c AGUAS CALIENTES<\/h2>\n<p style=\"margin: 0px;padding: 0px 0px 1em;border: 0px;font-size: 14px;vertical-align: baseline;background: transparent\" data-mce-style=\"margin: 0px; padding: 0px 0px 1em; border: 0px; font-size: 14px; vertical-align: baseline; background: transparent;\">Desayuno. A la hora indicada traslado para disfrutar de varios de los principales puntos del Valle Sagrado. Comenzaremos nuestro d\u00eda visitando las terrazas incas de Moray, con una impresionante vista de las colosales terrazas conc\u00e9ntricas, que tuvieron por utilidad, recrear 20 diferentes tipos de microclimas, que aseguraba la producci\u00f3n agr\u00edcola del imperio. Continuaremos hacia Maras, las famosas y milenarias minas de sal de la \u00e9poca colonial. El contraste de sus pozos blancos con el verde valle es imponente e imperdible para una postal espectacular del Valle Sagrado de los Incas. Almuerzo (incluido). Finalmente, visitaremos Ollantaytambo, pintoresco pueblo continuamente habitado desde la \u00e9poca inca, donde visitaremos el templo del mismo nombre, usado como fortaleza durante la resistencia inca y desde donde obtendremos im\u00e1genes de colecci\u00f3n. Embarque en la estaci\u00f3n de Tren para dirigirse al pueblo de Aguas Calientes. Alojamiento.<\/p>\n<h2 style=\"margin: 0px;padding: 0px 0px 10px;border: 0px;font-size: 26px;vertical-align: baseline;background: transparent;line-height: 1em;font-weight: 500\" data-mce-style=\"margin: 0px; padding: 0px 0px 10px; border: 0px; font-size: 26px; vertical-align: baseline; background: transparent; line-height: 1em; font-weight: 500;\">DIA 06. AGUAS CALIENTES \ud83d\ude8c CUSCO<\/h2>\n<p style=\"margin: 0px;padding: 0px 0px 1em;border: 0px;font-size: 14px;vertical-align: baseline;background: transparent\" data-mce-style=\"margin: 0px; padding: 0px 0px 1em; border: 0px; font-size: 14px; vertical-align: baseline; background: transparent;\">Desayuno. A la hora indicada traslado para abordar transporte que ascender\u00e1 por un camino intrincado obsequi\u00e1ndonos una espectacular vista del r\u00edo Urubamba que da forma al famoso ca\u00f1\u00f3n. La Ciudad Perdida de los Incas, Machu Picchu, nos recibir\u00e1 con sus incre\u00edbles terrazas, escalinatas, recintos ceremoniales y \u00e1reas urbanas. La energ\u00eda emana de todo el lugar. Almuerzo en Restaurante local (incluido). A la hora indicada, retornaremos en tren hasta la estaci\u00f3n de Ollantaytambo, desde donde nos trasladaremos al hotel en la ciudad de Cusco. Alojamiento.<\/p>\n<h2 style=\"margin: 0px;padding: 0px 0px 10px;border: 0px;font-size: 26px;vertical-align: baseline;background: transparent;line-height: 1em;font-weight: 500\" data-mce-style=\"margin: 0px; padding: 0px 0px 10px; border: 0px; font-size: 26px; vertical-align: baseline; background: transparent; line-height: 1em; font-weight: 500;\">Dia 07. CUSCO<\/h2>\n<p style=\"margin: 0px;padding: 0px 0px 1em;border: 0px;font-size: 14px;vertical-align: baseline;background: transparent\" data-mce-style=\"margin: 0px; padding: 0px 0px 1em; border: 0px; font-size: 14px; vertical-align: baseline; background: transparent;\">Desayuno. D\u00eda libre para realizar actividades personales. Alojamiento.<\/p>\n<h2 style=\"margin: 0px;padding: 0px 0px 10px;border: 0px;font-size: 26px;vertical-align: baseline;background: transparent;line-height: 1em;font-weight: 500\" data-mce-style=\"margin: 0px; padding: 0px 0px 10px; border: 0px; font-size: 26px; vertical-align: baseline; background: transparent; line-height: 1em; font-weight: 500;\">DIA 08. CUSCO \u2708\ufe0f LIMA<\/h2>\n<p style=\"margin: 0px;padding: 0px 0px 1em;border: 0px;font-size: 14px;vertical-align: baseline;background: transparent\" data-mce-style=\"margin: 0px; padding: 0px 0px 1em; border: 0px; font-size: 14px; vertical-align: baseline; background: transparent;\">A la hora indicada cita en el lobby del hotel, traslado al aeropuerto para abordar su vuelo con destino a Lima. Arribo al aeropuerto de Lima, recepci\u00f3n, asistencia; a la hora indicada recepci\u00f3n y traslado al hotel. Alojamiento.<\/p>\n<p style=\"margin: 0px;padding: 0px 0px 1em;border: 0px;font-size: 14px;vertical-align: baseline;background: transparent\" data-mce-style=\"margin: 0px; padding: 0px 0px 1em; border: 0px; font-size: 14px; vertical-align: baseline; background: transparent;\"><strong style=\"margin: 0px;padding: 0px;border: 0px;font-size: 14px;vertical-align: baseline;background: transparent;font-weight: bold\" data-mce-style=\"margin: 0px; padding: 0px; border: 0px; font-size: 14px; vertical-align: baseline; background: transparent; font-weight: bold;\">NOTA:<\/strong>\u00a0LOS VUELOS PUEDEN TENER ESCALA. PUEDEN NO SER DIRECTOS.<\/p>\n<h2 style=\"margin: 0px;padding: 0px 0px 10px;border: 0px;font-size: 26px;vertical-align: baseline;background: transparent;line-height: 1em;font-weight: 500\" data-mce-style=\"margin: 0px; padding: 0px 0px 10px; border: 0px; font-size: 26px; vertical-align: baseline; background: transparent; line-height: 1em; font-weight: 500;\">DIA 09. LIMA \u2708\ufe0f MEXICO<\/h2>\n<p style=\"margin: 0px;padding: 0px;border: 0px;font-size: 14px;vertical-align: baseline;background: transparent\" data-mce-style=\"margin: 0px; padding: 0px; border: 0px; font-size: 14px; vertical-align: baseline; background: transparent;\">A la hora indicada cita en lobby del hotel, traslado al aeropuerto de lima para vuelo N\u00b0 Y4-3919 de VOLARIS con salida a las 06:04HRS con destino a la Ciudad de Mexico. Llegada a las 11:10HRS.<\/p>\n<table border=\"1\">\n<tbody>\n<tr>\n<td colspan=\"4\"><strong>HOTELES PREVISTOS O SIMILARES<\/strong><\/td>\n<\/tr>\n<tr>\n<td><strong>HOTEL<\/strong><\/td>\n<td><strong>CIUDAD<\/strong><\/td>\n<td><strong>TIPO<\/strong><\/td>\n<td><strong>PA\u00cdS<\/strong><\/td>\n<\/tr>\n<\/tbody>\n<tbody>\n<tr>\n<td>Jose Antonio Deluxe<\/td>\n<td>Lima<\/td>\n<td>Primera<\/td>\n<td>Per\u00fa<\/td>\n<\/tr>\n<tr>\n<td>Jose Antonio<\/td>\n<td>Cusco<\/td>\n<td>Primera<\/td>\n<td>Per\u00fa<\/td>\n<\/tr>\n<tr>\n<td>Taypikala Valle Sagrado \/ Sonesta Posada Del Inka<\/td>\n<td>Valle Sagrado<\/td>\n<td>Primera\u00a0<\/td>\n<td>Per\u00fa<\/td>\n<\/tr>\n<tr>\n<td>El Mapi Hotel By Inkaterra<\/td>\n<td>Aguas Calientes<\/td>\n<td>Primera\u00a0<\/td>\n<td>Per\u00fa<\/td>\n<\/tr>\n<tr>\n<td colspan=\"4\">\u00c9sta es la relaci\u00f3n de los hoteles utilizados m\u00e1s frecuentemente en este circuito. Reflejada tan s\u00f3lo a efectos indicativos, pudiendo ser el pasajero alojado en establecimientos similares o alternativos<\/td>\n<\/tr>\n<\/tbody>\n<\/table>\n<\/div>\n<\/div>\n","protected":false},"excerpt":{"rendered":"<div class=\"text-center\">\n<div class=\"text-[28px] md:text-[32px] fontFormaDjr font-bold text-[#051D2E] leading-none\" data-mce-style=\"--tw-border-spacing-x: 0; --tw-border-spacing-y: 0; --tw-translate-x: 0; --tw-translate-y: 0; --tw-rotate: 0; --tw-skew-x: 0; --tw-skew-y: 0; --tw-scale-x: 1; --tw-scale-y: 1; ;--tw-scroll-snap-strictness: proximity; ;--tw-ring-offset-width: 0px; --tw-ring-offset-color: #fff; --tw-ring-offset-shadow: 0 0 #0000; --tw-ring-shadow: 0 0 #0000; --tw-shadow: 0 0 #0000; --tw-shadow-colored: 0 0 #0000; ;padding: 0px; margin: 0px; font-size: 32px; font-weight: bold; line-height: 1; --tw-text-opacity: 1; font-family: forma-djr-text, sans-serif;\" style=\"margin: 0px;padding: 0px;border: 0px;font-size: 32px;vertical-align: baseline;background: transparent;--tw-border-spacing-x: 0;--tw-border-spacing-y: 0;--tw-translate-x: 0;--tw-translate-y: 0;--tw-rotate: 0;--tw-skew-x: 0;--tw-skew-y: 0;--tw-scale-x: 1;--tw-scale-y: 1;--tw-scroll-snap-strictness: proximity;--tw-ring-offset-width: 0px;--tw-ring-offset-color: #fff;--tw-ring-offset-shadow: 0 0 #0000;--tw-ring-shadow: 0 0 #0000;--tw-shadow: 0 0 #0000;--tw-shadow-colored: 0 0 #0000;font-weight: bold;line-height: 1;--tw-text-opacity: 1;font-family: forma-djr-text, sans-serif\">9 D\u00edas \u23ae\u00a0<span data-mce-style=\"font-family: forma-djr-text, sans-serif; font-size: 32px; font-weight: bold;\" style=\"margin: 0px;padding: 0px;border: 0px;vertical-align: baseline;background: transparent\">7\u00a0<\/span><span data-mce-style=\"font-family: forma-djr-text, sans-serif; font-size: 32px; font-weight: bold;\" style=\"margin: 0px;padding: 0px;border: 0px;vertical-align: baseline;background: transparent\">Noches\u00a0<\/span>\u23ae 1Pa\u00eds \u23ae 9\u00a0<span data-mce-style=\"letter-spacing: -0.025em;\" style=\"margin: 0px;padding: 0px;border: 0px;vertical-align: baseline;background: transparent;letter-spacing: -0.025em\">Ciudades<\/span><\/div>\n<\/div>\n<p>Fecha de Salida: 01 de noviembre del 2026<\/p>\n<p>Fecha de Regreso: 09 de noviembre del 2026<\/p>\n<p>EL VIAJE INCLUYE<\/p>\n<ul>\n<li dir=\"ltr\" data-mce-style=\"line-height: 1.2;\" role=\"presentation\" style=\"margin: 0px;padding: 0px;border: 0px;vertical-align: baseline;background: transparent;line-height: 1.2\"><span data-mce-style=\"font-size: 11pt; font-family: 'Century Gothic',sans-serif; color: #000000; background-color: transparent; font-weight: 400; font-style: normal; font-variant: normal; text-decoration: none; vertical-align: baseline; white-space: pre-wrap;\">Boleto de avi\u00f3n M\u00e9xico \u2013 Lima \u2013 Cusco \u2013 Lima \u2013 M\u00e9xico, volando en clase turista.<\/span><\/li>\n<li dir=\"ltr\" data-mce-style=\"line-height: 1.2;\" role=\"presentation\" style=\"margin: 0px;padding: 0px;border: 0px;vertical-align: baseline;background: transparent;line-height: 1.2\"><span data-mce-style=\"font-size: 11pt; font-family: 'Century Gothic',sans-serif; color: #000000; background-color: transparent; font-weight: 400; font-style: normal; font-variant: normal; text-decoration: none; vertical-align: baseline; white-space: pre-wrap;\">07 noches de alojamiento de acuerdo con itinerario.<\/span><\/li>\n<li dir=\"ltr\" data-mce-style=\"line-height: 1.2;\" role=\"presentation\" style=\"margin: 0px;padding: 0px;border: 0px;vertical-align: baseline;background: transparent;line-height: 1.2\"><span data-mce-style=\"font-size: 11pt; font-family: 'Century Gothic',sans-serif; color: #000000; background-color: transparent; font-weight: 400; font-style: normal; font-variant: normal; text-decoration: none; vertical-align: baseline; white-space: pre-wrap;\">Ticket de tren in\/out en tren Vistadome Per\u00fa Rail. <\/span><\/li>\n<li dir=\"ltr\" data-mce-style=\"line-height: 1.2;\" role=\"presentation\" style=\"margin: 0px;padding: 0px;border: 0px;vertical-align: baseline;background: transparent;line-height: 1.2\"><span data-mce-style=\"font-size: 11pt; font-family: 'Century Gothic',sans-serif; color: #000000; background-color: transparent; font-weight: 400; font-style: normal; font-variant: normal; text-decoration: none; vertical-align: baseline; white-space: pre-wrap;\">R\u00e9gimen alimenticio de acuerdo con itinerario. <\/span><\/li>\n<li dir=\"ltr\" data-mce-style=\"line-height: 1.2;\" role=\"presentation\" style=\"margin: 0px;padding: 0px;border: 0px;vertical-align: baseline;background: transparent;line-height: 1.2\"><span data-mce-style=\"font-size: 11pt; font-family: 'Century Gothic',sans-serif; color: #000000; background-color: transparent; font-weight: 400; font-style: normal; font-variant: normal; text-decoration: none; vertical-align: baseline; white-space: pre-wrap;\">Visitas de acuerdo con itinerario.<\/span><\/li>\n<li dir=\"ltr\" data-mce-style=\"line-height: 1.2;\" role=\"presentation\" style=\"margin: 0px;padding: 0px;border: 0px;vertical-align: baseline;background: transparent;line-height: 1.2\"><span data-mce-style=\"font-size: 11pt; font-family: 'Century Gothic',sans-serif; color: #000000; background-color: transparent; font-weight: 400; font-style: normal; font-variant: normal; text-decoration: none; vertical-align: baseline; white-space: pre-wrap;\">Gu\u00eda de habla hispana.<\/span><\/li>\n<li dir=\"ltr\" data-mce-style=\"line-height: 1.2;\" role=\"presentation\" style=\"margin: 0px;padding: 0px;border: 0px;vertical-align: baseline;background: transparent;line-height: 1.2\"><span data-mce-style=\"font-size: 11pt; font-family: 'Century Gothic',sans-serif; color: #000000; background-color: transparent; font-weight: 400; font-style: normal; font-variant: normal; text-decoration: none; vertical-align: baseline; white-space: pre-wrap;\">Traslados de acuerdo con itinerario<\/span><\/li>\n<\/ul>\n","protected":false},"featured_media":979,"template":"","meta":{"_bbp_topic_count":0,"_bbp_reply_count":0,"_bbp_total_topic_count":0,"_bbp_total_reply_count":0,"_bbp_voice_count":0,"_bbp_anonymous_reply_count":0,"_bbp_topic_count_hidden":0,"_bbp_reply_count_hidden":0,"_bbp_forum_subforum_count":0,"_et_pb_use_builder":"","_et_pb_old_content":"","_et_gb_content_width":"","_joinchat":[]},"product_brand":[],"product_cat":[63],"product_tag":[],"class_list":{"0":"post-977","1":"product","2":"type-product","3":"status-publish","4":"has-post-thumbnail","6":"product_cat-viajes-internacionales","8":"first","9":"instock","10":"shipping-taxable","11":"purchasable","12":"product-type-simple"},"_links":{"self":[{"href":"https:\/\/pachucatravel.com.mx\/index.php\/wp-json\/wp\/v2\/product\/977","targetHints":{"allow":["GET"]}}],"collection":[{"href":"https:\/\/pachucatravel.com.mx\/index.php\/wp-json\/wp\/v2\/product"}],"about":[{"href":"https:\/\/pachucatravel.com.mx\/index.php\/wp-json\/wp\/v2\/types\/product"}],"wp:featuredmedia":[{"embeddable":true,"href":"https:\/\/pachucatravel.com.mx\/index.php\/wp-json\/wp\/v2\/media\/979"}],"wp:attachment":[{"href":"https:\/\/pachucatravel.com.mx\/index.php\/wp-json\/wp\/v2\/media?parent=977"}],"wp:term":[{"taxonomy":"product_brand","embeddable":true,"href":"https:\/\/pachucatravel.com.mx\/index.php\/wp-json\/wp\/v2\/product_brand?post=977"},{"taxonomy":"product_cat","embeddable":true,"href":"https:\/\/pachucatravel.com.mx\/index.php\/wp-json\/wp\/v2\/product_cat?post=977"},{"taxonomy":"product_tag","embeddable":true,"href":"https:\/\/pachucatravel.com.mx\/index.php\/wp-json\/wp\/v2\/product_tag?post=977"}],"curies":[{"name":"wp","href":"https:\/\/api.w.org\/{rel}","templated":true}]}}