{"id":973,"date":"2026-02-27T16:44:17","date_gmt":"2026-02-27T22:44:17","guid":{"rendered":"https:\/\/pachucatravel.com.mx\/index.php\/product\/viaje-grupal-exclusivo-japon-tailandia\/"},"modified":"2026-02-28T15:51:34","modified_gmt":"2026-02-28T21:51:34","slug":"viaje-grupal-exclusivo-japon-tailandia","status":"publish","type":"product","link":"https:\/\/pachucatravel.com.mx\/index.php\/product\/viaje-grupal-exclusivo-japon-tailandia\/","title":{"rendered":"Viaje Grupal Exclusivo: Jap\u00f3n &#038; Tailandia"},"content":{"rendered":"<h1>ITINERARIO PRELIMINAR<\/h1>\n<p>D\u00cdA 01:\u00a0<span style=\"margin: 0px;padding: 0px;border: 0px;vertical-align: baseline;background: transparent;font-weight: bold\" data-mce-style=\"margin: 0px; padding: 0px; border: 0px; vertical-align: baseline; background: transparent; font-weight: bold;\">6 de diciembre<\/span>\u00a0 M\u00c9XICO \u2708\ufe0f NARITA<\/p>\n<p>Cita en el aeropuerto de la Ciudad de M\u00e9xico para abordar vuelo con destino a Narita. Noche a bordo.<\/p>\n<p>D\u00cdA 02:\u00a0<span style=\"margin: 0px;padding: 0px;border: 0px;vertical-align: baseline;background: transparent;font-weight: bold\" data-mce-style=\"margin: 0px; padding: 0px; border: 0px; vertical-align: baseline; background: transparent; font-weight: bold;\">7 de diciembre<\/span>\u00a0NARITA TOKIO<\/p>\n<p>Llegada al aeropuerto internacional de Narita y despu\u00e9s de los tramites de inmigraci\u00f3n y aduana, se encontrar\u00e1 con nuestro gu\u00eda de habla espa\u00f1ola, quien le asistir\u00e1 para abordar autob\u00fas para visitar Barrio de Asakusa: visitaremos el templo budista Sensoji, cuya historia se remonta al a\u00f1o 628 y es el templo m\u00e1s antiguo en Tokio.<\/p>\n<p><span style=\"margin: 0px;padding: 0px;border: 0px;vertical-align: baseline;background: transparent;font-weight: bold\" data-mce-style=\"margin: 0px; padding: 0px; border: 0px; vertical-align: baseline; background: transparent; font-weight: bold;\">Barrio de Shibuya<\/span>: es uno de los barrios de moda y entretenimiento m\u00e1s populares de Tokyo por susgrandes centros comerciales y las innumerables tiendas con carteles luminosos. El barrio se conoce por el cruce de Shibuya con 5 direcciones, el m\u00e1s popular del mundo. En la plaza frente a la estaci\u00f3n, se encuentra la estatua del famoso perro Hachiko que se convirti\u00f3 en un s\u00edmbolo de lealtad.<\/p>\n<p><span style=\"margin: 0px;padding: 0px;border: 0px;vertical-align: baseline;background: transparent;font-weight: bold\" data-mce-style=\"margin: 0px; padding: 0px; border: 0px; vertical-align: baseline; background: transparent; font-weight: bold;\">Santuario Meiji<\/span>: El Santuario de Meiji termin\u00f3 de construirse a principios del siglo 20, dedicado alprimer emperador de Jap\u00f3n moderno, el Emperador Meiji y su esposa, la Emperatriz Shoken.<\/p>\n<p><span style=\"margin: 0px;padding: 0px;border: 0px;vertical-align: baseline;background: transparent;font-weight: bold\" data-mce-style=\"margin: 0px; padding: 0px; border: 0px; vertical-align: baseline; background: transparent; font-weight: bold;\">Crucero por el rio de Tokyo<\/span>: Los cruceros en los barcos Yakatabune tienen una larga tradici\u00f3n y son muy populares en Jap\u00f3n, especialmente en Tokio. Pasaremos por Shinagawa al puente Rainbow, el r\u00edo Sumida, Tokio Skytree y terminaremos en Odaiba. Podr\u00e1s disfrutar de las vistas panor\u00e1micas Tokyo Skytree entre otras maravillas desde la cubierta de observaci\u00f3n en la parte superior del barco y hacer fotos memorables Alojamiento.<\/p>\n<p>D\u00cdA 03:\u00a0<span style=\"margin: 0px;padding: 0px;border: 0px;vertical-align: baseline;background: transparent;font-weight: bold\" data-mce-style=\"margin: 0px; padding: 0px; border: 0px; vertical-align: baseline; background: transparent; font-weight: bold;\">8 de diciembre<\/span>\u00a0TOKIO<\/p>\n<p>Desayuno. D\u00eda libre. Alojamiento.<\/p>\n<p>Sugerimos realizar visita opcional (no incluida \u2013 con costo adicional) \u201cKAMAKURA Y YOKOHAMA\u201d<\/p>\n<p>D\u00cdA 04:\u00a0<span style=\"margin: 0px;padding: 0px;border: 0px;vertical-align: baseline;background: transparent;font-weight: bold\" data-mce-style=\"margin: 0px; padding: 0px; border: 0px; vertical-align: baseline; background: transparent; font-weight: bold;\">9 de diciembre<\/span>\u00a0TOKIO KYOTO OSAKA<\/p>\n<p>Desayuno. A la hora indicada salida a la estaci\u00f3n de tren para abordar el tren bala Nozomi con destino a Kioto, llegada a la estaci\u00f3n y recepci\u00f3n por gu\u00eda de habla espa\u00f1ola para abordar autob\u00fas y realizar las siguientes visitas:<\/p>\n<p>Templo Todaji: Se construy\u00f3 originalmente a principios del siglo 8 y es el templo de madera m\u00e1s grande del mundo, el cual alberga una estatua del gran buda que mide 15 metros de altura.<\/p>\n<p>Santuario Fushimi Inari: Es uno de los santuarios sinto\u00edstas m\u00e1s antiguos, ya que existe desde el siglo 8. Al esp\u00edritu de Inari se le considera como protector de las cosechas, especialmente de arroz, y en consecuencia hist\u00f3ricamente se asocia con la riqueza. Traslado al hotel. Alojamiento.<\/p>\n<p>D\u00cdA 05:\u00a0<span style=\"margin: 0px;padding: 0px;border: 0px;vertical-align: baseline;background: transparent;font-weight: bold\" data-mce-style=\"margin: 0px; padding: 0px; border: 0px; vertical-align: baseline; background: transparent; font-weight: bold;\">10 de diciembre<\/span>\u00a0OSAKA<\/p>\n<p>Desayuno. D\u00eda libre. Alojamiento.<\/p>\n<p>Sugerimos realizar la siguiente visita opcional (no incluida \u2013 con costo adicional) \u201cDIA COMPLETO EN KYOTO\u201d<\/p>\n<p>D\u00cdA 06:\u00a0<span style=\"margin: 0px;padding: 0px;border: 0px;vertical-align: baseline;background: transparent;font-weight: bold\" data-mce-style=\"margin: 0px; padding: 0px; border: 0px; vertical-align: baseline; background: transparent; font-weight: bold;\">11 de diciembre\u00a0<\/span>OSAKA<\/p>\n<p>Desayuno. D\u00eda libre. Alojamiento (Puedes elegir entre 2 opcionales para aprovechar el d\u00eda) Sugerimos realizar visitaopcional (no incluida \u2013 con costo adicional) \u201cD\u00cdA COMPLETO EN OSAKA\u201d<\/p>\n<p>Opcional 2 (no incluida con costo adicional). \u00abENTRADA A LOS ESTUDIOS UNIVERSAL\u00bb<\/p>\n<p>D\u00cdA 07.\u00a0<span style=\"margin: 0px;padding: 0px;border: 0px;vertical-align: baseline;background: transparent;font-weight: bold\" data-mce-style=\"margin: 0px; padding: 0px; border: 0px; vertical-align: baseline; background: transparent; font-weight: bold;\">12 de diciembre<\/span>\u00a0OSAKA TOKIO<\/p>\n<p>Desayuno. Reuni\u00f3n en el Lobby y salida a la estaci\u00f3n de trenes en autob\u00fas acompa\u00f1ados de gu\u00eda de habla espa\u00f1ola para poner rumbo con destino a Tokio, a la llegada, traslado al hotel. D\u00eda libre y Alojamiento.<\/p>\n<p>Por la tarde, sugerimos realizar la siguiente visita opcional (no incluida \u2013 con costo adicional) \u201cSUMO\u201d<\/p>\n<p>D\u00cdA 08.\u00a0<span style=\"margin: 0px;padding: 0px;border: 0px;vertical-align: baseline;background: transparent;font-weight: bold\" data-mce-style=\"margin: 0px; padding: 0px; border: 0px; vertical-align: baseline; background: transparent; font-weight: bold;\">13 de diciembre<\/span>\u00a0TOKIO NARITA BANGKOK\u00a0<\/p>\n<p>A la hora prevista traslado el aeropuerto de Narita para salida en vuelo con destino a Bangkok. Llegada y recepci\u00f3n en el aeropuerto, Descubre la emoci\u00f3n de explorar la de un recorrido panor\u00e1mico de Bangkok en autob\u00fas significa que te perder\u00e1s las callejuelas sinuosas y las plazas ocultas que embellecen la ciudad con encanto, podr\u00e1s admirar los impresionantes monumentos, templos, lugares emblem\u00e1ticos, pasar por las afueras tiendas y los mercados del barrio chino de Bangkok. Alojamiento.<\/p>\n<p>D\u00cdA 09.\u00a0<span style=\"margin: 0px;padding: 0px;border: 0px;vertical-align: baseline;background: transparent;font-weight: bold\" data-mce-style=\"margin: 0px; padding: 0px; border: 0px; vertical-align: baseline; background: transparent; font-weight: bold;\">14 de diciembre<\/span>\u00a0BANGKOK<\/p>\n<p>Desayuno. D\u00eda libre. Alojamiento.<\/p>\n<p>Sugerimos realizar la excursi\u00f3n opcional (con costo adicional) \u201cMEDIO D\u00cdA TEMPLOS &amp; PALACIO REAL\u201d<\/p>\n<p>D\u00cdA 10.\u00a0<span style=\"margin: 0px;padding: 0px;border: 0px;vertical-align: baseline;background: transparent;font-weight: bold\" data-mce-style=\"margin: 0px; padding: 0px; border: 0px; vertical-align: baseline; background: transparent; font-weight: bold;\">15 de diciembre<\/span>\u00a0BANGKOK AYUTTHAYA LOPBURI PHITSANULOKE<\/p>\n<p>Desayuno. La visita del d\u00eda de hoy empieza con la salida desde el hotel y la llegada al extraordinario parque arqueol\u00f3gico de Ayutthaya, donde seguro no nos cansaremos de contemplar sus maravillosos y exuberantes templos. Ayutthaya fue capital del reino del mismo nombre desde 1371 hasta 1700 aproximadamente, para pasar a ser despu\u00e9s el Reino de Siam y abarcar as\u00ed gran parte de la actual Tailandia y la vecina Camboya. Visitamos El templo m\u00e1s representativo: el Wat Pha Sri Maha impresionante lugar por descubrir. Esta tarde salimos hacia Phitsanuloke , capital de provincia y destino ideal para los amantes de la belleza natural. Alojamiento.<\/p>\n<p>D\u00cdA 11.\u00a0\u00a0<span style=\"margin: 0px;padding: 0px;border: 0px;vertical-align: baseline;background: transparent;font-weight: bold\" data-mce-style=\"margin: 0px; padding: 0px; border: 0px; vertical-align: baseline; background: transparent; font-weight: bold;\">16 de diciembre<\/span>\u00a0PHITSANULOKE SUKHOTHAI CHIANG RAI<\/p>\n<p>Desayuno. Continuamos la visita hacia el Parque Hist\u00f3rico de Sukhotai, declarado Patrimonio de la Humanidad por la UNESCO y considerado como el primer reino tailand\u00e9s (s. XIII), anterior a Ayuthaya. Visitaremos (bicicleta opcional) el gran Buda Blanco de Wat Sri Chum (Templo del \u00c1rbol Sagrado), la mano del cual, recubierta de pan de oro y apoyada en su rodilla, es venerada con gran fervor por los locales. Por la tarde, nos dirigimos a Chiang Rai, con parada obligatoria en el pintoresco Lago Phayao, en el valle del r\u00edo Ing. Alojamiento.<\/p>\n<p>D\u00cdA 12.\u00a0<span style=\"margin: 0px;padding: 0px;border: 0px;vertical-align: baseline;background: transparent;font-weight: bold\" data-mce-style=\"margin: 0px; padding: 0px; border: 0px; vertical-align: baseline; background: transparent; font-weight: bold;\">17 de diciembre<\/span>\u00a0CHIANG RAI TRI\u00c1NGULO DE ORO CHIANG MAI<\/p>\n<p>Desayuno. Esta ma\u00f1ana nos espera el m\u00e1s que popular Wat Rong Khun o Templo Blanco, un templo budista contempor\u00e1neo muy original, dise\u00f1ado por un arquitecto tailand\u00e9s que le dio una forma y color espec\u00edficos; el blanco casi inmaculado es la representaci\u00f3n de la pureza. M\u00e1s tarde sugerimos realizar la excursi\u00f3n opcional (con costo adicional) \u00abTRIANGULO DE ORO\u00bb: Nuestra primera parada es el Museo del Hach\u00eds, donde obtendremos informaci\u00f3n sobre la regi\u00f3n, que ha sido el centro de la producci\u00f3n ilegal de hach\u00eds durante siglos. Luego, pasamos a la regi\u00f3n fronteriza del tri\u00e1ngulo dorado. Desde el mirador alto de la colina, observamos la magn\u00edfica vista formada por la confluencia de los r\u00edos Mekong y Ruak, y luego, en el recorrido en bote por el r\u00edo Mekong, pasamos por las fronteras de Myanmar y Laos. Luego, nos dirigimos al pueblo de Mae Sai en la frontera de Myanmar, ubicado en el punto m\u00e1s al norte de Tailandia, y visitamos el mercado fronterizo. Tiempo libre para compras en el punto fronterizo. Al final de nuestro recorrido, visitaremos los mundialmente famosos campos de t\u00e9 de Chiang Rai en el camino. Continuaci\u00f3n hacia Chiang Mai por carretera en un trayecto de aproximadamente 3 horas. Alojamiento.<\/p>\n<p>D\u00cdA 13:\u00a0<span style=\"margin: 0px;padding: 0px;border: 0px;vertical-align: baseline;background: transparent;font-weight: bold\" data-mce-style=\"margin: 0px; padding: 0px; border: 0px; vertical-align: baseline; background: transparent; font-weight: bold;\">18 de diciembre<\/span>\u00a0CHIANG MAI BANGKOK<\/p>\n<p>Desayuno. Posibilidad de visitar opcionalmente (con costo adicional) el SANTUARIO DE ELEFANTES Y EL PUEBLO DE LAS MUJERES JIRAFAS. Por la tarde, traslado hasta la estaci\u00f3n del tren de Chiang Mai, para tomar tren con destino a Bangkok. Alojamiento en tren.<\/p>\n<p>D\u00cdA 14:\u00a0<span style=\"margin: 0px;padding: 0px;border: 0px;vertical-align: baseline;background: transparent;font-weight: bold\" data-mce-style=\"margin: 0px; padding: 0px; border: 0px; vertical-align: baseline; background: transparent; font-weight: bold;\">19 de diciembre<\/span>\u00a0BANGKOK<\/p>\n<p>Llegada a la estaci\u00f3n del tren de Bangkok a las 6:50 am aproximadamente. recepci\u00f3n y traslado al hotel. Tiempo libre hasta la hora del check-in. Sugerimos realizar el excursi\u00f3n (con costo adicional) MERCADO FLOTANTE: Los mercados flotantes de Tailandia evocan una era anterior,cuando las v\u00edas fluviales eran los principales conductos comerciales. Hoy en d\u00eda combinan productos ex\u00f3ticos (frutas tropicales,comidas arom\u00e1ticas y las necesidades de la vida de la cuidad) con la oportunidad de conocer a lugare\u00f1os coloridos en botes tradicionales. Alojamiento.<\/p>\n<p>D\u00cdA 15.\u00a0<span style=\"margin: 0px;padding: 0px;border: 0px;vertical-align: baseline;background: transparent;font-weight: bold\" data-mce-style=\"margin: 0px; padding: 0px; border: 0px; vertical-align: baseline; background: transparent; font-weight: bold;\">20 de diciembre<\/span>\u00a0BANGKOK NARITA M\u00c9XICO<\/p>\n<p>A la hora indicada, traslado al aeropuerto para abordar vuelo con destino a Narita. Llegada y tiempo de espera para abordar vuelo con destino a la Ciudad de M\u00e9xico.<\/p>\n<p>FIN DE NUESTROS SERVICIOS.<\/p>\n<p>\u2013 ESTE ITINERARIO PUEDE SUFRIR MODIFICACIONES POR CONDICIONES DE<\/p>\n<p>CARRETERAS, CLIMA, OTROS ASPECTOS NO PREVISIBLES O DISPONIBILIDAD AL<\/p>\n<p>MOMENTO DE RESERVAR.<\/p>\n<p>\u2013 EL ORDEN DE LOS SERVICIOS PUEDE CAMBIAR.<\/p>\n","protected":false},"excerpt":{"rendered":"<p data-start=\"63\" data-end=\"160\">\u2708\ufe0f\ud83c\udf0f\u00a0<span data-start=\"68\" data-end=\"149\" style=\"margin: 0px;padding: 0px;border: 0px;vertical-align: baseline;background: transparent;font-weight: bold\" data-mce-style=\"margin: 0px; padding: 0px; border: 0px; vertical-align: baseline; background: transparent; font-weight: bold;\">Descubre lo mejor de Jap\u00f3n y Tailandia en grupo con la Familia Maria Travel by Pachuca Travel<\/span>\u00a0\ud83c\uddef\ud83c\uddf5\ud83c\uddf9\ud83c\udded<\/p>\n<p data-start=\"162\" data-end=\"253\">\ud83d\udcc5\u00a0<span data-start=\"165\" data-end=\"175\" style=\"margin: 0px;padding: 0px;border: 0px;vertical-align: baseline;background: transparent;font-weight: bold\" data-mce-style=\"margin: 0px; padding: 0px; border: 0px; vertical-align: baseline; background: transparent; font-weight: bold;\">Fecha:<\/span>\u00a0Del 6 al 20<span data-start=\"180\" data-end=\"213\" style=\"margin: 0px;padding: 0px;border: 0px;vertical-align: baseline;background: transparent;font-weight: bold\" data-mce-style=\"margin: 0px; padding: 0px; border: 0px; vertical-align: baseline; background: transparent; font-weight: bold;\">\u00a0de diciembre del 2026<\/span><\/p>\n<p data-start=\"162\" data-end=\"253\">\u23f3\u00a0<span data-start=\"218\" data-end=\"231\" style=\"margin: 0px;padding: 0px;border: 0px;vertical-align: baseline;background: transparent;font-weight: bold\" data-mce-style=\"margin: 0px; padding: 0px; border: 0px; vertical-align: baseline; background: transparent; font-weight: bold;\">Duraci\u00f3n:<\/span>\u00a015 d\u00edas y 13 noches<\/p>\n<p data-start=\"255\" data-end=\"529\">\u2728\u00a0<span data-start=\"257\" data-end=\"269\" style=\"margin: 0px;padding: 0px;border: 0px;vertical-align: baseline;background: transparent;font-weight: bold\" data-mce-style=\"margin: 0px; padding: 0px; border: 0px; vertical-align: baseline; background: transparent; font-weight: bold;\">Incluye:<\/span><br data-start=\"269\" data-end=\"272\">\u2705 Boleto de avi\u00f3n M\u00e9xico \u2013 Narita \u2013 Bangkok \u2013 Narita \u2013 M\u00e9xico en clase turista.<br data-start=\"351\" data-end=\"354\">\u2705 Boleto de tren bala Nozomi clase turista Tokio-Kioto \/ Osaka- Tokio<br data-start=\"436\" data-end=\"439\">\u2705 Boleto de tren Chiang Mai \u2013 Bangkok en clase turista.<br data-start=\"505\" data-end=\"508\">\ud83c\udfe8\u00a0<span data-start=\"511\" data-end=\"527\" style=\"margin: 0px;padding: 0px;border: 0px;vertical-align: baseline;background: transparent;font-weight: bold\" data-mce-style=\"margin: 0px; padding: 0px; border: 0px; vertical-align: baseline; background: transparent; font-weight: bold;\">Alojamiento:<\/span><\/p>\n<ul data-start=\"533\" data-end=\"879\">\n<li data-start=\"533\" data-end=\"562\" style=\"margin: 0px;padding: 0px;border: 0px;vertical-align: baseline;background: transparent\" data-mce-style=\"margin: 0px; padding: 0px; border: 0px; vertical-align: baseline; background: transparent;\">03 noches de alojamiento en Tokio.<\/li>\n<li data-start=\"533\" data-end=\"562\" style=\"margin: 0px;padding: 0px;border: 0px;vertical-align: baseline;background: transparent\" data-mce-style=\"margin: 0px; padding: 0px; border: 0px; vertical-align: baseline; background: transparent;\">03 noche de alojamiento en Osaka.<\/li>\n<li data-start=\"533\" data-end=\"562\" style=\"margin: 0px;padding: 0px;border: 0px;vertical-align: baseline;background: transparent\" data-mce-style=\"margin: 0px; padding: 0px; border: 0px; vertical-align: baseline; background: transparent;\">02 noche de alojamiento en Bangkok.<\/li>\n<li data-start=\"533\" data-end=\"562\" style=\"margin: 0px;padding: 0px;border: 0px;vertical-align: baseline;background: transparent\" data-mce-style=\"margin: 0px; padding: 0px; border: 0px; vertical-align: baseline; background: transparent;\">01 noche de alojamiento en Phitsanuloke.<\/li>\n<li data-start=\"533\" data-end=\"562\" style=\"margin: 0px;padding: 0px;border: 0px;vertical-align: baseline;background: transparent\" data-mce-style=\"margin: 0px; padding: 0px; border: 0px; vertical-align: baseline; background: transparent;\">01 noche de alojamiento en Chiang Rai.<\/li>\n<li data-start=\"533\" data-end=\"562\" style=\"margin: 0px;padding: 0px;border: 0px;vertical-align: baseline;background: transparent\" data-mce-style=\"margin: 0px; padding: 0px; border: 0px; vertical-align: baseline; background: transparent;\">01 noche de alojamiento en Chiang Mai.<\/li>\n<li data-start=\"533\" data-end=\"562\" style=\"margin: 0px;padding: 0px;border: 0px;vertical-align: baseline;background: transparent\" data-mce-style=\"margin: 0px; padding: 0px; border: 0px; vertical-align: baseline; background: transparent;\">01 noche de alojamiento en tren\ud83d\ude86<\/li>\n<\/ul>\n<p>\ud83d\ude8d\u00a0<span data-start=\"771\" data-end=\"804\" style=\"margin: 0px;padding: 0px;border: 0px;vertical-align: baseline;background: transparent;font-weight: bold\" data-mce-style=\"margin: 0px; padding: 0px; border: 0px; vertical-align: baseline; background: transparent; font-weight: bold;\">Desayunos de acuerdo con el itinerario.<\/span><br data-start=\"804\" data-end=\"807\">\ud83d\udde3\ufe0fVisitas de acuerdo con el itinerario.<br data-start=\"837\" data-end=\"840\">\ud83d\ude8c\u00a0<span data-start=\"843\" data-end=\"877\" style=\"margin: 0px;padding: 0px;border: 0px;vertical-align: baseline;background: transparent;font-weight: bold\" data-mce-style=\"margin: 0px; padding: 0px; border: 0px; vertical-align: baseline; background: transparent; font-weight: bold;\">Traslado de acuerdo con el itinerario.<\/span><\/p>\n<p><span data-start=\"843\" data-end=\"877\" style=\"margin: 0px;padding: 0px;border: 0px;vertical-align: baseline;background: transparent;font-weight: bold\" data-mce-style=\"margin: 0px; padding: 0px; border: 0px; vertical-align: baseline; background: transparent; font-weight: bold;\">Gu\u00eda de habla hispana.<\/span><\/p>\n<p data-start=\"881\" data-end=\"1288\">\u274c\u00a0<span data-start=\"883\" data-end=\"898\" style=\"margin: 0px;padding: 0px;border: 0px;vertical-align: baseline;background: transparent;font-weight: bold\" data-mce-style=\"margin: 0px; padding: 0px; border: 0px; vertical-align: baseline; background: transparent; font-weight: bold;\">No incluye:<\/span><br data-start=\"898\" data-end=\"901\"><\/p>\n<p data-start=\"881\" data-end=\"1288\">\u2013 Tarjeta de asistencia m\u00e9dica.<\/p>\n<p data-start=\"881\" data-end=\"1288\">\u2013 Ning\u00fan servicio no especificado como incluido o especificado como opcional.<\/p>\n<p data-start=\"881\" data-end=\"1288\">\u2013 Alimentos diferentes a los mencionados. Bebidas.<\/p>\n<p data-start=\"881\" data-end=\"1288\">\u2013 Gastos personales, extras en los hoteles.<\/p>\n<p data-start=\"881\" data-end=\"1288\">\u2013 Pueden aplicar impuestos locales hoteleros a pagar directo en destino.<\/p>\n<p data-start=\"881\" data-end=\"1288\">\u2013 Propinas a choferes, gu\u00edas, trasladistas, maleteros por persona. (Se paga directo en destino).<\/p>\n<p data-start=\"881\" data-end=\"1288\">\u2013 Visa de Tailandia.<\/p>\n<p data-start=\"881\" data-end=\"1288\">\u2013 Nacionalidad diferente a la mexicana, verificar requisitos de entrada para el destino.<\/p>\n<p data-start=\"881\" data-end=\"1288\">\u2013 Fee de c\u00e1maras en los monumentos.<\/p>\n","protected":false},"featured_media":981,"template":"","meta":{"_bbp_topic_count":0,"_bbp_reply_count":0,"_bbp_total_topic_count":0,"_bbp_total_reply_count":0,"_bbp_voice_count":0,"_bbp_anonymous_reply_count":0,"_bbp_topic_count_hidden":0,"_bbp_reply_count_hidden":0,"_bbp_forum_subforum_count":0,"_et_pb_use_builder":"","_et_pb_old_content":"","_et_gb_content_width":"","_joinchat":[]},"product_brand":[],"product_cat":[63],"product_tag":[],"class_list":{"0":"post-973","1":"product","2":"type-product","3":"status-publish","4":"has-post-thumbnail","6":"product_cat-viajes-internacionales","8":"first","9":"instock","10":"shipping-taxable","11":"purchasable","12":"product-type-simple"},"_links":{"self":[{"href":"https:\/\/pachucatravel.com.mx\/index.php\/wp-json\/wp\/v2\/product\/973","targetHints":{"allow":["GET"]}}],"collection":[{"href":"https:\/\/pachucatravel.com.mx\/index.php\/wp-json\/wp\/v2\/product"}],"about":[{"href":"https:\/\/pachucatravel.com.mx\/index.php\/wp-json\/wp\/v2\/types\/product"}],"wp:featuredmedia":[{"embeddable":true,"href":"https:\/\/pachucatravel.com.mx\/index.php\/wp-json\/wp\/v2\/media\/981"}],"wp:attachment":[{"href":"https:\/\/pachucatravel.com.mx\/index.php\/wp-json\/wp\/v2\/media?parent=973"}],"wp:term":[{"taxonomy":"product_brand","embeddable":true,"href":"https:\/\/pachucatravel.com.mx\/index.php\/wp-json\/wp\/v2\/product_brand?post=973"},{"taxonomy":"product_cat","embeddable":true,"href":"https:\/\/pachucatravel.com.mx\/index.php\/wp-json\/wp\/v2\/product_cat?post=973"},{"taxonomy":"product_tag","embeddable":true,"href":"https:\/\/pachucatravel.com.mx\/index.php\/wp-json\/wp\/v2\/product_tag?post=973"}],"curies":[{"name":"wp","href":"https:\/\/api.w.org\/{rel}","templated":true}]}}