{"id":927,"date":"2026-01-31T15:55:07","date_gmt":"2026-01-31T21:55:07","guid":{"rendered":"https:\/\/pachucatravel.com.mx\/index.php\/product\/viaje-grupal-tren-ruta-maya\/"},"modified":"2026-03-31T11:46:00","modified_gmt":"2026-03-31T17:46:00","slug":"viaje-grupal-tren-ruta-maya","status":"publish","type":"product","link":"https:\/\/pachucatravel.com.mx\/index.php\/product\/viaje-grupal-tren-ruta-maya\/","title":{"rendered":"Viaje Grupal: Tren &#038; Ruta Maya"},"content":{"rendered":"<h1 data-start=\"4049\" data-end=\"4062\"><strong data-start=\"4051\" data-end=\"4062\">INCLUYE<\/strong><\/h1>\n<ul data-start=\"4063\" data-end=\"4372\">\n<li data-start=\"4063\" data-end=\"4122\">\n<p data-start=\"4065\" data-end=\"4122\">Transporte y traslados en autob\u00fas moderno y confortable<\/p>\n<\/li>\n<li data-start=\"4123\" data-end=\"4177\">\n<p data-start=\"4125\" data-end=\"4177\">Transportaci\u00f3n terrestre durante todo el recorrido<\/p>\n<\/li>\n<li data-start=\"4178\" data-end=\"4216\">\n<p data-start=\"4180\" data-end=\"4216\">1 noche San Crist\u00f3bal de las Casas<\/p>\n<\/li>\n<li data-start=\"4217\" data-end=\"4250\">\n<p data-start=\"4219\" data-end=\"4250\">1 noche Lagunas de Montebello<\/p>\n<\/li>\n<li data-start=\"4251\" data-end=\"4271\">\n<p data-start=\"4253\" data-end=\"4271\">1 noche Palenque<\/p>\n<\/li>\n<li data-start=\"4272\" data-end=\"4290\">\n<p data-start=\"4274\" data-end=\"4290\">1 noche M\u00e9rida<\/p>\n<\/li>\n<li data-start=\"4291\" data-end=\"4320\">\n<p data-start=\"4293\" data-end=\"4320\">2 noches Playa del Carmen<\/p>\n<\/li>\n<li data-start=\"4321\" data-end=\"4341\">\n<p data-start=\"4323\" data-end=\"4341\">1 noche Chetumal<\/p>\n<\/li>\n<li data-start=\"4342\" data-end=\"4372\">\n<p data-start=\"4344\" data-end=\"4372\">4 desayunos tipo americano<\/p>\n<\/li>\n<\/ul>\n<hr data-start=\"4374\" data-end=\"4377\">\n<h1 data-start=\"4379\" data-end=\"4392\"><strong data-start=\"4381\" data-end=\"4392\">VISITAS<\/strong><\/h1>\n<ul data-start=\"4393\" data-end=\"4623\">\n<li data-start=\"4393\" data-end=\"4428\">\n<p data-start=\"4395\" data-end=\"4428\">Lancha en el Ca\u00f1\u00f3n del Sumidero<\/p>\n<\/li>\n<li data-start=\"4429\" data-end=\"4453\">\n<p data-start=\"4431\" data-end=\"4453\">Cascadas del Chifl\u00f3n<\/p>\n<\/li>\n<li data-start=\"4454\" data-end=\"4479\">\n<p data-start=\"4456\" data-end=\"4479\">Lagunas de Montebello<\/p>\n<\/li>\n<li data-start=\"4480\" data-end=\"4504\">\n<p data-start=\"4482\" data-end=\"4504\">Agua Azul y Misol-Ha<\/p>\n<\/li>\n<li data-start=\"4505\" data-end=\"4538\">\n<p data-start=\"4507\" data-end=\"4538\">Zona Arqueol\u00f3gica de Palenque<\/p>\n<\/li>\n<li data-start=\"4539\" data-end=\"4555\">\n<p data-start=\"4541\" data-end=\"4555\">Chich\u00e9n Itz\u00e1<\/p>\n<\/li>\n<li data-start=\"4556\" data-end=\"4580\">\n<p data-start=\"4558\" data-end=\"4580\">Zona Libre de Belice<\/p>\n<\/li>\n<li data-start=\"4581\" data-end=\"4612\">\n<p data-start=\"4583\" data-end=\"4612\">Laguna de los Siete Colores<\/p>\n<\/li>\n<li data-start=\"4613\" data-end=\"4623\">\n<p data-start=\"4615\" data-end=\"4623\">Cenote<\/p>\n<\/li>\n<\/ul>\n<hr data-start=\"4625\" data-end=\"4628\">\n<h1 data-start=\"4630\" data-end=\"4646\"><strong data-start=\"4632\" data-end=\"4646\">NO INCLUYE<\/strong><\/h1>\n<p data-start=\"4647\" data-end=\"4723\">Accesos ni recorridos en lancha, ferry o parques tem\u00e1ticos no especificados.<\/p>\n<hr data-start=\"4725\" data-end=\"4728\">\n<h1 data-start=\"4730\" data-end=\"4743\"><strong data-start=\"4732\" data-end=\"4743\">PRECIOS (por persona)<\/strong><\/h1>\n<ul data-start=\"4744\" data-end=\"4832\">\n<li data-start=\"4744\" data-end=\"4781\">\n<p data-start=\"4746\" data-end=\"4781\"><strong data-start=\"4746\" data-end=\"4767\">En habitaci\u00f3n doble:<\/strong>\u00a0$16,999 MXN<\/p>\n<\/li>\n<li data-start=\"4782\" data-end=\"4832\">\n<p data-start=\"4784\" data-end=\"4832\"><strong data-start=\"4784\" data-end=\"4818\">En habitaci\u00f3n triple o cu\u00e1druple:<\/strong>\u00a0$14,999 MXN<\/p>\n<\/li>\n<\/ul>\n<p data-start=\"4834\" data-end=\"4931\">\ud83d\udc76 Menores: hasta 9 a\u00f1os | A partir de 10 a\u00f1os tarifa regular<br data-start=\"4895\" data-end=\"4898\">\ud83d\udcb0\u00a0<strong data-start=\"4901\" data-end=\"4931\">Aparta con solo $1,000 MXN<\/strong><\/p>\n<p data-pm-slice=\"1 1 []\">\ud83d\udcdc T\u00c9RMINOS Y CONDICIONES \u2013 VIAJES NACIONALES<\/p>\n<p><strong>1. Reservaci\u00f3n y confirmaci\u00f3n<\/strong><\/p>\n<ul>\n<li>Para asegurar su lugar es necesario realizar el anticipo o pago indicado por la agencia.<\/li>\n<li>El lugar queda confirmado \u00fanicamente una vez recibido el pago correspondiente.<\/li>\n<\/ul>\n<p><strong>2. Pol\u00edtica de cancelaci\u00f3n<\/strong><\/p>\n<ul>\n<li>En caso de cancelaci\u00f3n voluntaria por parte del cliente no se realizan reembolsos.<\/li>\n<\/ul>\n<p>El cliente podr\u00e1, en caso de notificar con anticipaci\u00f3n:<\/p>\n<ul>\n<li>Transferir su lugar a otra persona.<\/li>\n<\/ul>\n<ul>\n<li>Cambiar su lugar a otra fecha del mismo tour (sujeto a disponibilidad).<\/li>\n<\/ul>\n<ul>\n<li>Cancelaciones realizadas 48 horas antes o el mismo d\u00eda del viaje se considerar\u00e1n como servicio utilizado.<\/li>\n<\/ul>\n<p><strong>3. M\u00ednimo de pasajeros<\/strong><\/p>\n<p>Para operar el tour se requiere un m\u00ednimo de participantes:<\/p>\n<ul>\n<li>14 pasajeros para transporte tipo Sprinter<\/li>\n<\/ul>\n<ul>\n<li>35 pasajeros para autob\u00fas<\/li>\n<\/ul>\n<p>En caso de no reunirse el m\u00ednimo requerido, la agencia podr\u00e1:<\/p>\n<ul>\n<li>Reprogramar la fecha del viaje<\/li>\n<\/ul>\n<ul>\n<li>Operar con transporte de menor capacidad<\/li>\n<\/ul>\n<ul>\n<li>O realizar la devoluci\u00f3n del pago efectuado.<\/li>\n<\/ul>\n<p><strong>4. Cambios en el itinerario<\/strong><\/p>\n<p>El itinerario puede modificarse por causas fuera del control de la agencia, tales como:<\/p>\n<ul>\n<li>Condiciones climatol\u00f3gicas<\/li>\n<\/ul>\n<ul>\n<li>Seguridad del grupo<\/li>\n<\/ul>\n<ul>\n<li>Indicaciones de autoridades<\/li>\n<\/ul>\n<ul>\n<li>Cierres de carretera o accesos<\/li>\n<\/ul>\n<ul>\n<li>Situaciones operativas o de fuerza mayor<\/li>\n<\/ul>\n<p>En caso de presentarse alguna de estas situaciones, se procurar\u00e1 mantener la experiencia tur\u00edstica programada en la medida de lo posible.<\/p>\n<p><strong>5. Puntualidad<\/strong><\/p>\n<ul>\n<li>Los pasajeros deber\u00e1n presentarse puntualmente en el lugar y hora indicados de salida.<\/li>\n<\/ul>\n<ul>\n<li>El transporte no podr\u00e1 esperar pasajeros retrasados, y en caso de no presentarse a tiempo el servicio se considerar\u00e1 utilizado sin derecho a reembolso.<\/li>\n<\/ul>\n<p><strong>6. Responsabilidad<\/strong><\/p>\n<p>La agencia act\u00faa como organizadora e intermediaria entre los pasajeros y los prestadores de servicios tur\u00edsticos (transporte, operadores locales, gu\u00edas, etc.).<\/p>\n<p>No nos hacemos responsables por:<\/p>\n<ul>\n<li>Accidentes<\/li>\n<\/ul>\n<ul>\n<li>P\u00e9rdida de objetos personales<\/li>\n<\/ul>\n<ul>\n<li>Retrasos ocasionados por terceros<\/li>\n<\/ul>\n<ul>\n<li>Situaciones fuera de nuestro control.<\/li>\n<\/ul>\n<ul>\n<li>Se recomienda a los pasajeros cuidar sus pertenencias durante todo el recorrido.<\/li>\n<\/ul>\n<p><strong>7. Conducta durante el viaje<\/strong><\/p>\n<p>Con el objetivo de mantener una experiencia agradable para todos los pasajeros, la agencia se reserva el derecho de negar el servicio o retirar del tour a personas que se encuentren en estado inconveniente o alteren la convivencia del grupo.<\/p>\n<p>En estos casos no se realizar\u00e1 reembolso.<\/p>\n<p><strong>8. Responsabilidad del pasajero<\/strong><\/p>\n<p>Cada pasajero es responsable de:<\/p>\n<ul>\n<li>Seguir las indicaciones del coordinador o gu\u00eda<\/li>\n<\/ul>\n<ul>\n<li>Respetar horarios establecidos<\/li>\n<\/ul>\n<ul>\n<li>Cumplir normas de seguridad en cada destino<\/li>\n<\/ul>\n<ul>\n<li>El incumplimiento de estas indicaciones puede afectar la log\u00edstica del grupo.<\/li>\n<\/ul>\n<p><strong>9. Aceptaci\u00f3n de los t\u00e9rminos<\/strong><\/p>\n<p><\/p>\n<p>Al realizar el pago o anticipo del viaje, el cliente acepta y reconoce haber le\u00eddo los presentes t\u00e9rminos y condiciones.<\/p>\n","protected":false},"excerpt":{"rendered":"<div class=\"\" data-block=\"true\" data-editor=\"2pa5i\" data-offset-key=\"7d4er-0-0\">\n<div data-offset-key=\"7d4er-0-0\" class=\"_1mf _1mj\" style=\"position: relative;direction: ltr;font-family: inherit\" data-mce-style=\"position: relative; direction: ltr; font-family: inherit;\"><span data-offset-key=\"7d4er-0-0\" style=\"font-family: inherit\" data-mce-style=\"font-family: inherit;\">\ud83d\ude86\ud83c\udf34 Viaje grupal | Tren Maya + Caribe Mexicano \ud83c\uddf2\ud83c\uddfd<\/span><\/div>\n<\/div>\n<div class=\"\" data-block=\"true\" data-editor=\"2pa5i\" data-offset-key=\"5na3f-0-0\">\n<div data-offset-key=\"5na3f-0-0\" class=\"_1mf _1mj\" style=\"position: relative;direction: ltr;font-family: inherit\" data-mce-style=\"position: relative; direction: ltr; font-family: inherit;\"><span data-offset-key=\"5na3f-0-0\" style=\"font-family: inherit\" data-mce-style=\"font-family: inherit;\"><br data-text=\"true\"><\/span><\/div>\n<\/div>\n<div class=\"\" data-block=\"true\" data-editor=\"2pa5i\" data-offset-key=\"dk5dq-0-0\">\n<div data-offset-key=\"dk5dq-0-0\" class=\"_1mf _1mj\" style=\"position: relative;direction: ltr;font-family: inherit\" data-mce-style=\"position: relative; direction: ltr; font-family: inherit;\"><span data-offset-key=\"dk5dq-0-0\" style=\"font-family: inherit\" data-mce-style=\"font-family: inherit;\">Explora el sureste de M\u00e9xico de forma c\u00f3moda, segura y estrat\u00e9gicamente organizada.<\/span><\/div>\n<\/div>\n<div class=\"\" data-block=\"true\" data-editor=\"2pa5i\" data-offset-key=\"dfsio-0-0\">\n<div data-offset-key=\"dfsio-0-0\" class=\"_1mf _1mj\" style=\"position: relative;direction: ltr;font-family: inherit\" data-mce-style=\"position: relative; direction: ltr; font-family: inherit;\"><span data-offset-key=\"dfsio-0-0\" style=\"font-family: inherit\" data-mce-style=\"font-family: inherit;\">Un viaje integral donde t\u00fa solo disfrutas \ud83d\ude0e y nosotros gestionamos toda la operaci\u00f3n de principio a fin.<\/span><\/div>\n<\/div>\n<div class=\"\" data-block=\"true\" data-editor=\"2pa5i\" data-offset-key=\"69i1i-0-0\">\n<div data-offset-key=\"69i1i-0-0\" class=\"_1mf _1mj\" style=\"position: relative;direction: ltr;font-family: inherit\" data-mce-style=\"position: relative; direction: ltr; font-family: inherit;\"><strong data-start=\"199\" data-end=\"222\"><span style=\"font-family: inherit;font-size: 14px\" data-mce-style=\"font-family: inherit; font-size: 14px;\">Una experiencia dise\u00f1ada para maximizar tu tiempo, tu inversi\u00f3n y tus recuerdos.<\/span><\/strong><\/div>\n<\/div>\n<h1 data-start=\"197\" data-end=\"222\"><strong data-start=\"199\" data-end=\"222\">ITINERARIO DE VIAJE<\/strong><\/h1>\n<h2 data-start=\"357\" data-end=\"384\"><strong data-start=\"360\" data-end=\"384\">D\u00cdA 1 | 15 DE AGOSTO<\/strong><\/h2>\n<h3 data-start=\"385\" data-end=\"432\"><strong data-start=\"389\" data-end=\"430\">Salida a Ca\u00f1\u00f3n del Sumidero \u2013 Chiapas<\/strong><\/h3>\n<p data-start=\"433\" data-end=\"560\">\ud83d\uddd3\ufe0f <strong data-start=\"437\" data-end=\"456\">Hora de salida:<\/strong> 17:00 hrs<br data-start=\"466\" data-end=\"469\"><br \/>\u23f0 <em data-start=\"471\" data-end=\"560\">Los horarios son aproximados y pueden ajustarse seg\u00fan tr\u00e1fico y condiciones clim\u00e1ticas.<\/em><\/p>\n<h2 data-start=\"567\" data-end=\"596\"><strong data-start=\"570\" data-end=\"594\">D\u00cdA 2 | 16 DE AGOSTO<\/strong><\/h2>\n<h3 data-start=\"597\" data-end=\"681\"><strong data-start=\"601\" data-end=\"681\">Pachuca \u2013 Tuxtla Guti\u00e9rrez \u2013 Ca\u00f1\u00f3n del Sumidero \u2013 San Crist\u00f3bal de las Casas<\/strong><\/h3>\n<p data-start=\"683\" data-end=\"896\">Llegada a Tuxtla Guti\u00e9rrez y traslado al embarcadero para abordar la lancha que nos llevar\u00e1 a recorrer el imponente <strong data-start=\"799\" data-end=\"821\">Ca\u00f1\u00f3n del Sumidero<\/strong>, una maravilla natural reconocida por su riqueza geol\u00f3gica, flora y fauna.<\/p>\n<p data-start=\"898\" data-end=\"1125\">Posteriormente, continuamos hacia <strong data-start=\"932\" data-end=\"962\">San Crist\u00f3bal de las Casas<\/strong>, ciudad colonial fundada en 1528 y ubicada a 2,300 msnm.<br data-start=\"1019\" data-end=\"1022\"><br \/>Registro en el hotel y tiempo libre para explorar este encantador <strong data-start=\"1088\" data-end=\"1105\">Pueblo M\u00e1gico<\/strong>.<br data-start=\"1106\" data-end=\"1109\"><br \/><strong data-start=\"1109\" data-end=\"1125\">Alojamiento.<\/strong><\/p>\n<h2 data-start=\"1132\" data-end=\"1161\"><strong data-start=\"1135\" data-end=\"1159\">D\u00cdA 3 | 17 DE AGOSTO<\/strong><\/h2>\n<h3 data-start=\"1162\" data-end=\"1214\"><strong data-start=\"1166\" data-end=\"1214\">Cascadas del Chifl\u00f3n \u2013 Lagunas de Montebello<\/strong><\/h3>\n<p data-start=\"1216\" data-end=\"1392\">Salida por la ma\u00f1ana desde San Crist\u00f3bal.<br data-start=\"1257\" data-end=\"1260\"><br \/>Primera parada en las <strong data-start=\"1282\" data-end=\"1306\">Cascadas del Chifl\u00f3n<\/strong>, donde recorreremos el sendero hasta la majestuosa ca\u00edda de agua <strong data-start=\"1372\" data-end=\"1391\">\u201cVelo de Novia\u201d<\/strong>.<\/p>\n<p data-start=\"1394\" data-end=\"1545\">Continuamos hacia el <strong data-start=\"1415\" data-end=\"1456\">Parque Nacional Lagunas de Montebello<\/strong>, una reserva natural famosa por sus lagunas de m\u00faltiples tonalidades.<br data-start=\"1526\" data-end=\"1529\"><br \/><strong data-start=\"1529\" data-end=\"1545\">Alojamiento.<\/strong><\/p>\n<h2 data-start=\"1552\" data-end=\"1581\"><strong data-start=\"1555\" data-end=\"1579\">D\u00cdA 4 | 18 DE AGOSTO<\/strong><\/h2>\n<h3 data-start=\"1582\" data-end=\"1642\"><strong data-start=\"1586\" data-end=\"1642\">Agua Azul \u2013 Misol-Ha \u2013 Zona Arqueol\u00f3gica de Palenque<\/strong><\/h3>\n<p data-start=\"1644\" data-end=\"1669\">\u23f0 <strong data-start=\"1646\" data-end=\"1657\">Salida:<\/strong> 04:30 hrs<\/p>\n<p data-start=\"1671\" data-end=\"1848\">Visita a las <strong data-start=\"1684\" data-end=\"1709\">Cascadas de Agua Azul<\/strong>, formadas por los r\u00edos Otul\u00fan, Shumulj\u00e1 y Tulij\u00e1.<br data-start=\"1759\" data-end=\"1762\"><br \/>Posteriormente, visita a <strong data-start=\"1787\" data-end=\"1799\">Misol-Ha<\/strong>, cascada de 30 metros rodeada de selva tropical.<\/p>\n<p data-start=\"1850\" data-end=\"1925\">Finalmente, recorrido por la <strong data-start=\"1879\" data-end=\"1912\">Zona Arqueol\u00f3gica de Palenque<\/strong>, destacando:<\/p>\n<ul data-start=\"1926\" data-end=\"1989\">\n<li data-start=\"1926\" data-end=\"1940\">\n<p data-start=\"1928\" data-end=\"1940\">El Palacio<\/p>\n<\/li>\n<li data-start=\"1941\" data-end=\"1970\">\n<p data-start=\"1943\" data-end=\"1970\">Templo de la Cruz Foliada<\/p>\n<\/li>\n<li data-start=\"1971\" data-end=\"1989\">\n<p data-start=\"1973\" data-end=\"1989\">Templo del Sol<\/p>\n<\/li>\n<\/ul>\n<p data-start=\"1991\" data-end=\"2040\">Traslado al hotel en Palenque.<br data-start=\"2021\" data-end=\"2024\"><br \/><strong data-start=\"2024\" data-end=\"2040\">Alojamiento.<\/strong><\/p>\n<h2 data-start=\"2047\" data-end=\"2076\"><strong data-start=\"2050\" data-end=\"2074\">D\u00cdA 5 | 19 DE AGOSTO<\/strong><\/h2>\n<h3 data-start=\"2077\" data-end=\"2124\"><strong data-start=\"2081\" data-end=\"2124\">M\u00e9rida \u2013 City Tour (Opcional Tren Maya)<\/strong><\/h3>\n<p data-start=\"2126\" data-end=\"2201\">Llegada a <strong data-start=\"2136\" data-end=\"2146\">M\u00e9rida<\/strong>, la \u201cCiudad Blanca\u201d.<br data-start=\"2167\" data-end=\"2170\"><br \/>City tour panor\u00e1mico visitando:<\/p>\n<ul data-start=\"2202\" data-end=\"2267\">\n<li data-start=\"2202\" data-end=\"2219\">\n<p data-start=\"2204\" data-end=\"2219\">Paseo Montejo<\/p>\n<\/li>\n<li data-start=\"2220\" data-end=\"2232\">\n<p data-start=\"2222\" data-end=\"2232\">Catedral<\/p>\n<\/li>\n<li data-start=\"2233\" data-end=\"2267\">\n<p data-start=\"2235\" data-end=\"2267\">Museo Regional de Antropolog\u00eda<\/p>\n<\/li>\n<\/ul>\n<p data-start=\"2269\" data-end=\"2355\">Destino reconocido por su gastronom\u00eda, clima c\u00e1lido y hospitalidad.<br data-start=\"2336\" data-end=\"2339\"><br \/><strong data-start=\"2339\" data-end=\"2355\">Alojamiento.<\/strong><\/p>\n<h2 data-start=\"2362\" data-end=\"2391\"><strong data-start=\"2365\" data-end=\"2389\">D\u00cdA 6 | 20 DE AGOSTO<\/strong><\/h2>\n<h3 data-start=\"2392\" data-end=\"2456\"><strong data-start=\"2396\" data-end=\"2456\">M\u00e9rida \u2013 Chich\u00e9n Itz\u00e1 \u2013 Cenote Xcaj\u00fan \u2013 Playa del Carmen<\/strong><\/h3>\n<p data-start=\"2458\" data-end=\"2554\">Traslado a <strong data-start=\"2469\" data-end=\"2485\">Chich\u00e9n Itz\u00e1<\/strong>, una de las <strong data-start=\"2498\" data-end=\"2536\">Siete Maravillas del Mundo Moderno<\/strong>.<br data-start=\"2537\" data-end=\"2540\"><br \/>Recorrido por:<\/p>\n<ul data-start=\"2555\" data-end=\"2654\">\n<li data-start=\"2555\" data-end=\"2577\">\n<p data-start=\"2557\" data-end=\"2577\">Templo de Kukulk\u00e1n<\/p>\n<\/li>\n<li data-start=\"2578\" data-end=\"2605\">\n<p data-start=\"2580\" data-end=\"2605\">Templo de los Guerreros<\/p>\n<\/li>\n<li data-start=\"2606\" data-end=\"2625\">\n<p data-start=\"2608\" data-end=\"2625\">Juego de Pelota<\/p>\n<\/li>\n<li data-start=\"2626\" data-end=\"2654\">\n<p data-start=\"2628\" data-end=\"2654\">Observatorio Astron\u00f3mico<\/p>\n<\/li>\n<\/ul>\n<p data-start=\"2656\" data-end=\"2744\">Visita al <strong data-start=\"2666\" data-end=\"2683\">Cenote Xcaj\u00fan<\/strong>, de aguas turquesa rodeado de vegetaci\u00f3n.<br data-start=\"2725\" data-end=\"2728\"><br \/><strong data-start=\"2728\" data-end=\"2744\">Alojamiento.<\/strong><\/p>\n<h2 data-start=\"2751\" data-end=\"2780\"><strong data-start=\"2754\" data-end=\"2778\">D\u00cdA 7 | 21 DE AGOSTO<\/strong><\/h2>\n<h3 data-start=\"2781\" data-end=\"2817\"><strong data-start=\"2785\" data-end=\"2817\">Playa del Carmen \u2013 D\u00eda Libre<\/strong><\/h3>\n<p data-start=\"2819\" data-end=\"2993\">D\u00eda libre para actividades personales.<br data-start=\"2857\" data-end=\"2860\"><br \/><strong data-start=\"2860\" data-end=\"2887\">Opcional (NO incluido):<\/strong><br data-start=\"2887\" data-end=\"2890\"><br \/>Visita a <strong data-start=\"2899\" data-end=\"2910\">Cozumel<\/strong> con traslado en ferry (45 minutos), ideal para snorkel y buceo.<br data-start=\"2974\" data-end=\"2977\"><br \/><strong data-start=\"2977\" data-end=\"2993\">Alojamiento.<\/strong><\/p>\n<h2 data-start=\"3000\" data-end=\"3029\"><strong data-start=\"3003\" data-end=\"3027\">D\u00cdA 8 | 22 DE AGOSTO<\/strong><\/h2>\n<h3 data-start=\"3030\" data-end=\"3066\"><strong data-start=\"3034\" data-end=\"3066\">Playa del Carmen \u2013 D\u00eda Libre<\/strong><\/h3>\n<p data-start=\"3068\" data-end=\"3129\">D\u00eda libre.<br data-start=\"3078\" data-end=\"3081\"><br \/><strong data-start=\"3081\" data-end=\"3129\">Opcional (NO incluido): Parque Xcaret B\u00e1sico<\/strong><\/p>\n<p data-start=\"3131\" data-end=\"3186\">Parque con m\u00e1s de 50 atractivos naturales y culturales:<\/p>\n<ul data-start=\"3187\" data-end=\"3290\">\n<li data-start=\"3187\" data-end=\"3208\">\n<p data-start=\"3189\" data-end=\"3208\">R\u00edos subterr\u00e1neos<\/p>\n<\/li>\n<li data-start=\"3209\" data-end=\"3228\">\n<p data-start=\"3211\" data-end=\"3228\">Fauna silvestre<\/p>\n<\/li>\n<li data-start=\"3229\" data-end=\"3248\">\n<p data-start=\"3231\" data-end=\"3248\">Vestigios mayas<\/p>\n<\/li>\n<li data-start=\"3249\" data-end=\"3290\">\n<p data-start=\"3251\" data-end=\"3290\">Show nocturno <strong data-start=\"3265\" data-end=\"3290\">\u201cM\u00e9xico Espectacular\u201d<\/strong><\/p>\n<\/li>\n<\/ul>\n<p data-start=\"3292\" data-end=\"3308\"><strong data-start=\"3292\" data-end=\"3308\">Alojamiento.<\/strong><\/p>\n<h2 data-start=\"3315\" data-end=\"3344\"><strong data-start=\"3318\" data-end=\"3342\">D\u00cdA 9 | 23 DE AGOSTO<\/strong><\/h2>\n<h3 data-start=\"3345\" data-end=\"3403\"><strong data-start=\"3349\" data-end=\"3403\">Playa del Carmen \u2013 Chetumal \u2013 Zona Libre de Belice<\/strong><\/h3>\n<p data-start=\"3405\" data-end=\"3542\">Traslado a <strong data-start=\"3416\" data-end=\"3428\">Chetumal<\/strong>.<br data-start=\"3429\" data-end=\"3432\"><br \/>Visita a la <strong data-start=\"3444\" data-end=\"3468\">Zona Libre de Belice<\/strong>, \u00e1rea comercial libre de impuestos ideal para compras.<br data-start=\"3523\" data-end=\"3526\"><br \/><strong data-start=\"3526\" data-end=\"3542\">Alojamiento.<\/strong><\/p>\n<h2 data-start=\"3549\" data-end=\"3579\"><strong data-start=\"3552\" data-end=\"3577\">D\u00cdA 10 | 24 DE AGOSTO<\/strong><\/h2>\n<h3 data-start=\"3580\" data-end=\"3626\"><strong data-start=\"3584\" data-end=\"3626\">Chetumal \u2013 Bacalar \u2013 Regreso a Pachuca<\/strong><\/h3>\n<p data-start=\"3628\" data-end=\"3787\">Traslado a <strong data-start=\"3639\" data-end=\"3650\">Bacalar<\/strong>.<br data-start=\"3651\" data-end=\"3654\"><br \/>Tiempo libre para disfrutar de la <strong data-start=\"3688\" data-end=\"3719\">Laguna de los Siete Colores<\/strong>.<br data-start=\"3720\" data-end=\"3723\"><br \/><em data-start=\"3723\" data-end=\"3765\">Opcional: paseo en lancha (NO incluido).<\/em><br data-start=\"3765\" data-end=\"3768\"><br \/>Comida no incluida.<\/p>\n<p data-start=\"3789\" data-end=\"3854\">Salida aproximada 18:00 hrs rumbo a Pachuca.<br data-start=\"3833\" data-end=\"3836\"><br \/><strong data-start=\"3836\" data-end=\"3854\">Noche a bordo.<\/strong><\/p>\n<h2 data-start=\"3861\" data-end=\"3888\"><strong data-start=\"3864\" data-end=\"3888\">FIN DE LOS SERVICIOS<\/strong><\/h2>\n<p data-start=\"3890\" data-end=\"4042\"><em data-start=\"3890\" data-end=\"4042\">El itinerario puede sufrir modificaciones por causas de fuerza mayor ajenas a Maria Travel; sin embargo, siempre se buscar\u00e1 cumplir con lo programado.<\/em><\/p>\n","protected":false},"featured_media":913,"template":"","meta":{"_bbp_topic_count":0,"_bbp_reply_count":0,"_bbp_total_topic_count":0,"_bbp_total_reply_count":0,"_bbp_voice_count":0,"_bbp_anonymous_reply_count":0,"_bbp_topic_count_hidden":0,"_bbp_reply_count_hidden":0,"_bbp_forum_subforum_count":0,"_et_pb_use_builder":"","_et_pb_old_content":"","_et_gb_content_width":"","_joinchat":[]},"product_brand":[],"product_cat":[94],"product_tag":[],"class_list":{"0":"post-927","1":"product","2":"type-product","3":"status-publish","4":"has-post-thumbnail","6":"product_cat-viajes-nacionales","8":"first","9":"instock","10":"shipping-taxable","11":"purchasable","12":"product-type-simple"},"_links":{"self":[{"href":"https:\/\/pachucatravel.com.mx\/index.php\/wp-json\/wp\/v2\/product\/927","targetHints":{"allow":["GET"]}}],"collection":[{"href":"https:\/\/pachucatravel.com.mx\/index.php\/wp-json\/wp\/v2\/product"}],"about":[{"href":"https:\/\/pachucatravel.com.mx\/index.php\/wp-json\/wp\/v2\/types\/product"}],"wp:featuredmedia":[{"embeddable":true,"href":"https:\/\/pachucatravel.com.mx\/index.php\/wp-json\/wp\/v2\/media\/913"}],"wp:attachment":[{"href":"https:\/\/pachucatravel.com.mx\/index.php\/wp-json\/wp\/v2\/media?parent=927"}],"wp:term":[{"taxonomy":"product_brand","embeddable":true,"href":"https:\/\/pachucatravel.com.mx\/index.php\/wp-json\/wp\/v2\/product_brand?post=927"},{"taxonomy":"product_cat","embeddable":true,"href":"https:\/\/pachucatravel.com.mx\/index.php\/wp-json\/wp\/v2\/product_cat?post=927"},{"taxonomy":"product_tag","embeddable":true,"href":"https:\/\/pachucatravel.com.mx\/index.php\/wp-json\/wp\/v2\/product_tag?post=927"}],"curies":[{"name":"wp","href":"https:\/\/api.w.org\/{rel}","templated":true}]}}