{"id":895,"date":"2026-01-26T12:11:14","date_gmt":"2026-01-26T18:11:14","guid":{"rendered":"https:\/\/pachucatravel.com.mx\/index.php\/product\/cascadas-paraiso-honey-xicotepec\/"},"modified":"2026-04-01T18:36:51","modified_gmt":"2026-04-02T00:36:51","slug":"cascadas-paraiso-honey-xicotepec","status":"publish","type":"product","link":"https:\/\/pachucatravel.com.mx\/index.php\/product\/cascadas-paraiso-honey-xicotepec\/","title":{"rendered":"Cascadas Paraiso, Honey &#038; Xicotepec"},"content":{"rendered":"<h2 data-start=\"1748\" data-end=\"1764\">\ud83d\udd58 Itinerario<\/h2>\n<p data-start=\"252\" data-end=\"321\"><strong data-start=\"252\" data-end=\"265\">7:00 a.m.<\/strong> \u2013 Salida desde <strong data-start=\"281\" data-end=\"320\">Soriana del Valle, Pachuca, Hidalgo<\/strong>.<\/p>\n<p data-start=\"323\" data-end=\"397\"><strong data-start=\"323\" data-end=\"336\">9:30 a.m.<\/strong> \u2013 Llegada a las <strong data-start=\"353\" data-end=\"374\">Cascadas de Honey<\/strong>, Huauchinango, Puebla.<\/p>\n<p data-start=\"399\" data-end=\"523\">Recorrido guiado por el complejo natural de cascadas y puente colgante.<br data-start=\"470\" data-end=\"473\"><br \/>\u23f1\ufe0f Duraci\u00f3n aproximada del recorrido: <strong data-start=\"511\" data-end=\"522\">3 horas<\/strong>.<\/p>\n<p data-start=\"530\" data-end=\"590\"><strong data-start=\"530\" data-end=\"545\">\u23f0 1:00 p.m.<\/strong> \u2013 Salida hacia <strong data-start=\"561\" data-end=\"589\">Xicotepec, Pueblo M\u00e1gico<\/strong>.<\/p>\n<p data-start=\"592\" data-end=\"671\"><strong data-start=\"592\" data-end=\"605\">3:00 p.m.<\/strong> \u2013 Llegada a <strong data-start=\"618\" data-end=\"631\">Xicotepec<\/strong> y tiempo libre para comida y recorrido.<\/p>\n<p data-start=\"673\" data-end=\"805\">\ud83c\udf7d\ufe0f <strong data-start=\"677\" data-end=\"707\">Alimentos de manera libre.<\/strong><br data-start=\"707\" data-end=\"710\"><br \/>Se recomienda probar caf\u00e9 de la regi\u00f3n, pan artesanal y platillos t\u00edpicos de la sierra poblana.<\/p>\n<h3 data-start=\"807\" data-end=\"838\">\ud83c\udf32 Xicotepec, Pueblo M\u00e1gico<\/h3>\n<p data-start=\"839\" data-end=\"1027\">Xicotepec es reconocido por su entorno monta\u00f1oso, cafetales, arquitectura tradicional y su ambiente tranquilo. Es un destino ideal para caminar sin prisa y disfrutar de su esencia serrana.<\/p>\n<p data-start=\"1029\" data-end=\"1071\"><strong data-start=\"1029\" data-end=\"1071\">Actividades sugeridas en tiempo libre:<\/strong><\/p>\n<ul data-start=\"1072\" data-end=\"1225\">\n<li data-start=\"1072\" data-end=\"1109\">\n<p data-start=\"1074\" data-end=\"1109\">Recorrido por el centro hist\u00f3rico<\/p>\n<\/li>\n<li data-start=\"1110\" data-end=\"1160\">\n<p data-start=\"1112\" data-end=\"1160\">Visita a la <strong data-start=\"1124\" data-end=\"1158\">Virgen Monumental de Guadalupe<\/strong><\/p>\n<\/li>\n<li data-start=\"1161\" data-end=\"1186\">\n<p data-start=\"1163\" data-end=\"1186\">Miradores panor\u00e1micos<\/p>\n<\/li>\n<li data-start=\"1187\" data-end=\"1225\">\n<p data-start=\"1189\" data-end=\"1225\">Compra de caf\u00e9 y productos locales<\/p>\n<\/li>\n<\/ul>\n<p data-start=\"1232\" data-end=\"1357\"><strong data-start=\"1232\" data-end=\"1245\">7:30 p.m.<\/strong> \u2013 Punto de reuni\u00f3n para iniciar regreso a Pachuca.<br data-start=\"1296\" data-end=\"1299\"><br \/><strong data-start=\"1299\" data-end=\"1313\">10:00 p.m.<\/strong> \u2013 Llegada a <strong data-start=\"1326\" data-end=\"1356\">Soriana del Valle, Pachuca<\/strong>.<\/p>\n<h2 data-start=\"3528\" data-end=\"3559\">\ud83c\udf92 Recomendaciones generales<\/h2>\n<ul data-start=\"3560\" data-end=\"3725\">\n<li data-start=\"3560\" data-end=\"3602\">\n<p data-start=\"3562\" data-end=\"3602\">Ropa y calzado c\u00f3modo y antiderrapante<\/p>\n<\/li>\n<li data-start=\"3603\" data-end=\"3629\">\n<p data-start=\"3605\" data-end=\"3629\">Impermeable o paraguas<\/p>\n<\/li>\n<li data-start=\"3630\" data-end=\"3657\">\n<p data-start=\"3632\" data-end=\"3657\">Protector solar y gorra<\/p>\n<\/li>\n<li data-start=\"3658\" data-end=\"3675\">\n<p data-start=\"3660\" data-end=\"3675\">Agua y snacks<\/p>\n<\/li>\n<li data-start=\"3676\" data-end=\"3725\">\n<p data-start=\"3678\" data-end=\"3725\">Mantener el \u00e1rea limpia y respetar indicaciones<\/p>\n<\/li>\n<\/ul>\n<h2 data-start=\"3732\" data-end=\"3755\">\ud83d\udc3e NOTA PET FRIENDLY<\/h2>\n<p data-start=\"3756\" data-end=\"3801\">En este viaje puedes llevar a tu perrito \ud83d\udc36<\/p>\n<p data-start=\"3803\" data-end=\"3880\">Todos los lomitos viajan\u00a0<strong data-start=\"3828\" data-end=\"3841\">sin jaula<\/strong>, acompa\u00f1ados de su humano responsable.<\/p>\n<h3 data-start=\"3882\" data-end=\"3907\">\ud83d\udc3e Tabla de espacios:<\/h3>\n<ul data-start=\"3908\" data-end=\"4094\">\n<li data-start=\"3908\" data-end=\"3955\">\n<p data-start=\"3910\" data-end=\"3955\"><strong data-start=\"3910\" data-end=\"3939\">XXS, XS y S (0.5 \u2013 6 kg):<\/strong>\u00a0Viajan gratis<\/p>\n<\/li>\n<li data-start=\"3956\" data-end=\"3990\">\n<p data-start=\"3958\" data-end=\"3990\"><strong data-start=\"3958\" data-end=\"3978\">M (6.1 \u2013 20 kg):<\/strong>\u00a01 asiento<\/p>\n<\/li>\n<li data-start=\"3991\" data-end=\"4025\">\n<p data-start=\"3993\" data-end=\"4025\"><strong data-start=\"3993\" data-end=\"4012\">G (21 \u2013 26 kg):<\/strong>\u00a02 asientos<\/p>\n<\/li>\n<li data-start=\"4026\" data-end=\"4061\">\n<p data-start=\"4028\" data-end=\"4061\"><strong data-start=\"4028\" data-end=\"4048\">XL (26 \u2013 30 kg):<\/strong>\u00a02 asientos<\/p>\n<\/li>\n<li data-start=\"4062\" data-end=\"4094\">\n<p data-start=\"4064\" data-end=\"4094\"><strong data-start=\"4064\" data-end=\"4081\">XXL (+30 kg):<\/strong>\u00a03 asientos<\/p>\n<\/li>\n<\/ul>\n<p data-start=\"4096\" data-end=\"4157\">\ud83d\udcf8 Requisito: Foto del perrito + carnet de salud veterinaria.<\/p>\n<p data-start=\"4159\" data-end=\"4186\">\ud83c\udf92 El humano deber\u00e1 llevar:<\/p>\n<ul data-start=\"4187\" data-end=\"4299\">\n<li data-start=\"4187\" data-end=\"4223\">\n<p data-start=\"4189\" data-end=\"4223\">Toalla o franela para el asiento<\/p>\n<\/li>\n<li data-start=\"4224\" data-end=\"4243\">\n<p data-start=\"4226\" data-end=\"4243\">Cobija o su\u00e9ter<\/p>\n<\/li>\n<li data-start=\"4244\" data-end=\"4263\">\n<p data-start=\"4246\" data-end=\"4263\">Agua y alimento<\/p>\n<\/li>\n<li data-start=\"4264\" data-end=\"4274\">\n<p data-start=\"4266\" data-end=\"4274\">Correa<\/p>\n<\/li>\n<li data-start=\"4275\" data-end=\"4299\">\n<p data-start=\"4277\" data-end=\"4299\">Bolsas para desechos<\/p>\n<\/li>\n<\/ul>\n<h3 data-start=\"4306\" data-end=\"4323\">\u26a0\ufe0f Nota final<\/h3>\n<p data-start=\"4324\" data-end=\"4472\">El itinerario puede ajustarse por causas ajenas a nuestra operaci\u00f3n. Agradecemos tu comprensi\u00f3n para garantizar una experiencia segura y placentera.<\/p>\n","protected":false},"excerpt":{"rendered":"<h3 data-start=\"398\" data-end=\"441\">\ud83c\udf3f Xicotepec &amp; Cascadas Para\u00edso Honey<\/h3>\n<p data-start=\"442\" data-end=\"464\"><strong data-start=\"442\" data-end=\"464\">Escapada de un d\u00eda<\/strong><\/p>\n<p data-start=\"466\" data-end=\"689\">Vive una experiencia de naturaleza, aventura y tradici\u00f3n en esta escapada de un d\u00eda para disfrutar de las <strong data-start=\"572\" data-end=\"593\">Cascadas de Honey<\/strong> y del <strong data-start=\"600\" data-end=\"630\">Pueblo M\u00e1gico de Xicotepec<\/strong>, rodeado de monta\u00f1as, cafetales y paisajes espectaculares.<\/p>\n<h3 data-start=\"696\" data-end=\"711\">\ud83d\ude90 Incluye:<\/h3>\n<p data-start=\"712\" data-end=\"918\">\u2705 Transporte en camioneta <strong data-start=\"738\" data-end=\"756\">Urvan (14 pax)<\/strong> o <strong data-start=\"759\" data-end=\"780\">Sprinter (20 pax)<\/strong><br data-start=\"780\" data-end=\"783\"><br \/>\u2705 Coordinador de viaje grupal<br data-start=\"812\" data-end=\"815\"><br \/>\u2705 Seguro de viajero dentro de la unidad<br data-start=\"854\" data-end=\"857\"><br \/>\u2705 Fotograf\u00eda grupal \ud83d\udcf8<br data-start=\"879\" data-end=\"882\"><br \/>\u2705 Traslados entre puntos de visita<\/p>\n<p data-start=\"920\" data-end=\"1015\">\ud83d\udccd <strong data-start=\"923\" data-end=\"934\">Salida:<\/strong> Soriana del Valle, Pachuca \u2013 <strong data-start=\"964\" data-end=\"977\">7:00 a.m.<\/strong><br data-start=\"977\" data-end=\"980\"><br \/>\ud83d\udd59 <strong data-start=\"983\" data-end=\"995\">Regreso:<\/strong> 10:00 p.m. aprox.<\/p>\n<p data-start=\"1017\" data-end=\"1102\">\ud83d\udcb2 <strong data-start=\"1020\" data-end=\"1031\">Precio:<\/strong> $750 por persona<br data-start=\"1048\" data-end=\"1051\"><br \/>\ud83d\udcb3 <strong data-start=\"1054\" data-end=\"1073\">Aparta con $150<\/strong> y liquida una semana antes<\/p>\n<p data-start=\"1104\" data-end=\"1155\">\ud83d\udcc5 <strong data-start=\"1107\" data-end=\"1130\">Domingo 01 de marzo<\/strong><br data-start=\"1130\" data-end=\"1133\"><br \/>\ud83c\udf1f <strong data-start=\"1136\" data-end=\"1155\">Cupos limitados<\/strong><\/p>\n<p data-start=\"1157\" data-end=\"1188\">\ud83d\udcf2 <strong data-start=\"1160\" data-end=\"1173\">Reservas:<\/strong> 771 483 7820<\/p>\n<h2 data-start=\"1195\" data-end=\"1211\">\u274c No incluye:<\/h2>\n<ul data-start=\"1212\" data-end=\"1398\">\n<li data-start=\"1212\" data-end=\"1233\">\n<p data-start=\"1214\" data-end=\"1233\">Gastos personales<\/p>\n<\/li>\n<li data-start=\"1234\" data-end=\"1247\">\n<p data-start=\"1236\" data-end=\"1247\">Alimentos<\/p>\n<\/li>\n<li data-start=\"1248\" data-end=\"1291\">\n<p data-start=\"1250\" data-end=\"1291\">Acceso a Cascadas Para\u00edso: <strong data-start=\"1277\" data-end=\"1289\">$100 p\/p<\/strong><\/p>\n<\/li>\n<li data-start=\"1292\" data-end=\"1327\">\n<p data-start=\"1294\" data-end=\"1327\">Propina voluntaria a gu\u00eda local<\/p>\n<\/li>\n<li data-start=\"1328\" data-end=\"1398\">\n<p data-start=\"1330\" data-end=\"1398\">Actividad opcional de tirolesa: <strong data-start=\"1362\" data-end=\"1374\">$100 p\/p<\/strong> (pago directo en sitio)<\/p>\n<\/li>\n<\/ul>\n<h2 data-start=\"1405\" data-end=\"1433\">\ud83d\udcdc T\u00e9rminos y condiciones<\/h2>\n<ul data-start=\"1434\" data-end=\"1741\">\n<li data-start=\"1434\" data-end=\"1496\">\n<p data-start=\"1436\" data-end=\"1496\">No aplican reembolsos por cancelaci\u00f3n voluntaria.<\/p>\n<\/li>\n<li data-start=\"1551\" data-end=\"1649\">\n<p data-start=\"1553\" data-end=\"1649\">El itinerario puede modificarse por condiciones climatol\u00f3gicas o causas ajenas a la operaci\u00f3n.<\/p>\n<\/li>\n<li data-start=\"1650\" data-end=\"1741\">\n<p data-start=\"1652\" data-end=\"1741\">Salida sujeta a un m\u00ednimo de pasajeros (reembolso \u00fanicamente si no se alcanza el m\u00ednimo).<\/p>\n<\/li>\n<\/ul>\n<h2 data-start=\"1748\" data-end=\"1764\"><\/h2>\n","protected":false},"featured_media":1004,"template":"","meta":{"_bbp_topic_count":0,"_bbp_reply_count":0,"_bbp_total_topic_count":0,"_bbp_total_reply_count":0,"_bbp_voice_count":0,"_bbp_anonymous_reply_count":0,"_bbp_topic_count_hidden":0,"_bbp_reply_count_hidden":0,"_bbp_forum_subforum_count":0,"_et_pb_use_builder":"","_et_pb_old_content":"","_et_gb_content_width":"","_joinchat":[]},"product_brand":[],"product_cat":[94],"product_tag":[],"class_list":{"0":"post-895","1":"product","2":"type-product","3":"status-publish","4":"has-post-thumbnail","6":"product_cat-viajes-nacionales","8":"first","9":"instock","10":"shipping-taxable","11":"purchasable","12":"product-type-simple"},"_links":{"self":[{"href":"https:\/\/pachucatravel.com.mx\/index.php\/wp-json\/wp\/v2\/product\/895","targetHints":{"allow":["GET"]}}],"collection":[{"href":"https:\/\/pachucatravel.com.mx\/index.php\/wp-json\/wp\/v2\/product"}],"about":[{"href":"https:\/\/pachucatravel.com.mx\/index.php\/wp-json\/wp\/v2\/types\/product"}],"wp:featuredmedia":[{"embeddable":true,"href":"https:\/\/pachucatravel.com.mx\/index.php\/wp-json\/wp\/v2\/media\/1004"}],"wp:attachment":[{"href":"https:\/\/pachucatravel.com.mx\/index.php\/wp-json\/wp\/v2\/media?parent=895"}],"wp:term":[{"taxonomy":"product_brand","embeddable":true,"href":"https:\/\/pachucatravel.com.mx\/index.php\/wp-json\/wp\/v2\/product_brand?post=895"},{"taxonomy":"product_cat","embeddable":true,"href":"https:\/\/pachucatravel.com.mx\/index.php\/wp-json\/wp\/v2\/product_cat?post=895"},{"taxonomy":"product_tag","embeddable":true,"href":"https:\/\/pachucatravel.com.mx\/index.php\/wp-json\/wp\/v2\/product_tag?post=895"}],"curies":[{"name":"wp","href":"https:\/\/api.w.org\/{rel}","templated":true}]}}