{"id":643,"date":"2025-04-29T19:28:13","date_gmt":"2025-04-30T01:28:13","guid":{"rendered":"https:\/\/pachucatravel.com.mx\/index.php\/product\/ruta-del-chepe-barrancas-del-cobre\/"},"modified":"2025-11-05T12:19:45","modified_gmt":"2025-11-05T18:19:45","slug":"ruta-del-chepe-barrancas-del-cobre","status":"archived","type":"product","link":"https:\/\/pachucatravel.com.mx\/index.php\/product\/ruta-del-chepe-barrancas-del-cobre\/","title":{"rendered":"Ruta del Chepe: Barrancas del Cobre"},"content":{"rendered":"<p><br data-mce-bogus=\"1\"><\/p>\n","protected":false},"excerpt":{"rendered":"<p>ITINERARIO DETALLADO<\/p>\n<p>D\u00cdA 1. Cita por la ma\u00f1ana en el aeropuerto de la Ciudad de<br \/>\nM\u00e9xico, para abordar el vuelo con destino Los Mochis o Culiacan (conforme a fecha contratada, a la llegada tendremos<br \/>\ntiempo para desayunar (no incluido) posteriormente nos<br \/>\ntrasladaremos a el pueblo m\u00e1gico del Fuerte, donde tendremos un reconocimiento del centro, disfrutaremos de la tarde<br \/>\nlibre.\n<\/p>\n<p>D\u00cdA 2. Desayuno, salida con equipaje. Abordaremos el Chepe para el espectacular paseo en Tren por la Sierra Tarahumara, una obra de arte con t\u00faneles, puentes, ca\u00f1ones, presas, recorreremos en el Chepe m\u00e1s de 200 km saliendo de<br \/>\nEl Fuerte hacia Creel, ambos pueblos m\u00e1gicos, cruzaremos<br \/>\nuna de las sierras m\u00e1s imponentes de M\u00e9xico a trav\u00e9s de<br \/>\nt\u00faneles y puentes. Con el confort de vagones con c\u00f3modos<br \/>\nsillones y ventanas panor\u00e1micas que te dejaran disfrutar de<br \/>\nlos paisajes. Llegada a El Fuerte es el lugar donde naci\u00f3 Don<br \/>\nDiego de la Vega \u00a8El Zorro\u00a8, adem\u00e1s de ser un lugar m\u00e1gico, es la cuarta ciudad m\u00e1s poblada del Estado de Sinaloa.<br \/>\nFue un importante pueblo minero con grandes casonas hoy<br \/>\ntransformadas en hoteles o museos. En 1610 se construy\u00f3 un<br \/>\nFuerte para protegerse de los nativos, reconstruyendo una<br \/>\nr\u00e9plica para conmemorar el lugar que dio origen a su nombre tanto del pueblo como del rio y donde tendremos una noche<br \/>\nde hospedaje, alojamiento\n<\/p>\n<p>D\u00cdA 3. Desayuno, tour a Parque Aventura, recorreremos este espectacular lugar con miradores espectaculares que nos permiten apreciar acantilados de m\u00e1s de 1,000 metros de altura y la uni\u00f3n de 3 ca\u00f1ones mayores como lo es Urique, El Cobre y<br \/>\nTararecua, llegaremos hasta la estaci\u00f3n para hacer un excitante recorrido en Telef\u00e9rico uno de los mas grandes del mundo,<br \/>\n3 kil\u00f3metros de distancia sobre m\u00e1s de 500 metros de altura que nos permitir\u00e1 ver aparte de la magnitud de los ca\u00f1ones,<br \/>\nuna comunidad Taramuri y un cementerio ancestral. Tendremos tiempo para actividades opcionales, No Incluidas, como los<br \/>\ncircuitos de tirolesa, la v\u00eda ferrata o la famosa Zip Raider considerada como la cuerda m\u00e1s r\u00e1pida del mundo, por la tarde visitaremos el Lago de Arareko uno de los lagos con mayor altitud de M\u00e9xico y en una peculiar forma de herradura, un entorno<br \/>\napacible que te dar\u00e1 la m\u00e1xima relajaci\u00f3n, finalizaremos el d\u00eda visitando el Valle de los Hongos y de las ranas, que resguarda<br \/>\nformaciones rocosas en las cercan\u00edas de la misi\u00f3n de San Ignacio fundada en el siglo XVII y reconstruido a principios del siglo<br \/>\npasado, tiempo para fotograf\u00edas, regreso al pueblo m\u00e1gico de Creel. alojamiento.\n<\/p>\n<p>D\u00cdA 4. Desayuno, salida con equipaje, tomaremos camino a las monta\u00f1as, comenzaremos con una parada en Cd. Cuauht\u00e9moc, donde se concentra la mayor poblaci\u00f3n de Menonitas en M\u00e9xico, fascinante comunidad que conserva su Privilegum, que<br \/>\nresguarda las garant\u00edas de su dogma y que es respetado a los pa\u00edses en los que residen, saber de este grupo y\/o comunidad<br \/>\nreligiosa que festa sus 100 de estancia en M\u00e9xico, posteriormente nos trasladaremos a Chihuahua, hospedaje, alojamiento.\n<\/p>\n<p>D\u00cdA 5. Desayuno, Visita en la ciudad de Chihuahua, una ciudad cosmopolita con sitios muy interesantes, en esta ciudad se<br \/>\nencuentran sitios hist\u00f3ricos como el calabozo de Hidalgo o el carro donde fue acribillado el General Francisco Villa, donde<br \/>\napreciaremos hermosas fachadas del Palacio de Gobierno, Casa Chihuahua, la Quinta Luz que alberga el Museo de la revoluci\u00f3n, la Av. Zarco que ofrece vistas de diversas quintas, casonas y palacetes con estilo parisino, Traslado al aeropuerto de<br \/>\nChihuahua, para tomar nuestro vuelo de regreso.\n<\/p>\n<p>No Incluye:\n<\/p>\n<p>-Propinas\n<\/p>\n<p>-Servicios no especificados\n<\/p>\n<p>-Gastos personales\n<\/p>\n<p>Hoteles Previstos:<br \/>El Fuerte La Choza 1 Noche\n<\/p>\n<p>Creel Santa Cruz Plus<br \/>\no Taramuri 2 Noches\n<\/p>\n<p>Chihuahua Fiesta Inn 1 Noche\n<\/p>\n<p>Informaci\u00f3n de Vuelos\n<\/p>\n<p>Aerol\u00ednea Volaris CDMX-Los Mochis 06:05 07:17\n<\/p>\n<p>Volaris CDMX-Culiac\u00e1n 07:10 08:15<br \/>\nVolaris Chihuahua-CDMX 20:51 23:05<\/p>\n","protected":false},"featured_media":634,"template":"","meta":{"_bbp_topic_count":0,"_bbp_reply_count":0,"_bbp_total_topic_count":0,"_bbp_total_reply_count":0,"_bbp_voice_count":0,"_bbp_anonymous_reply_count":0,"_bbp_topic_count_hidden":0,"_bbp_reply_count_hidden":0,"_bbp_forum_subforum_count":0,"_et_pb_use_builder":"","_et_pb_old_content":"","_et_gb_content_width":"","_joinchat":[]},"product_brand":[],"product_cat":[94],"product_tag":[],"class_list":{"0":"post-643","1":"product","2":"type-product","3":"status-archived","4":"has-post-thumbnail","6":"product_cat-viajes-nacionales","8":"first","9":"instock","10":"shipping-taxable","11":"product-type-simple"},"_links":{"self":[{"href":"https:\/\/pachucatravel.com.mx\/index.php\/wp-json\/wp\/v2\/product\/643","targetHints":{"allow":["GET"]}}],"collection":[{"href":"https:\/\/pachucatravel.com.mx\/index.php\/wp-json\/wp\/v2\/product"}],"about":[{"href":"https:\/\/pachucatravel.com.mx\/index.php\/wp-json\/wp\/v2\/types\/product"}],"wp:featuredmedia":[{"embeddable":true,"href":"https:\/\/pachucatravel.com.mx\/index.php\/wp-json\/wp\/v2\/media\/634"}],"wp:attachment":[{"href":"https:\/\/pachucatravel.com.mx\/index.php\/wp-json\/wp\/v2\/media?parent=643"}],"wp:term":[{"taxonomy":"product_brand","embeddable":true,"href":"https:\/\/pachucatravel.com.mx\/index.php\/wp-json\/wp\/v2\/product_brand?post=643"},{"taxonomy":"product_cat","embeddable":true,"href":"https:\/\/pachucatravel.com.mx\/index.php\/wp-json\/wp\/v2\/product_cat?post=643"},{"taxonomy":"product_tag","embeddable":true,"href":"https:\/\/pachucatravel.com.mx\/index.php\/wp-json\/wp\/v2\/product_tag?post=643"}],"curies":[{"name":"wp","href":"https:\/\/api.w.org\/{rel}","templated":true}]}}