{"id":622,"date":"2025-04-28T14:10:45","date_gmt":"2025-04-28T20:10:45","guid":{"rendered":"https:\/\/pachucatravel.com.mx\/index.php\/product\/las-estacas-tepoztlan\/"},"modified":"2025-06-02T16:38:24","modified_gmt":"2025-06-02T22:38:24","slug":"las-estacas-tepoztlan","status":"archived","type":"product","link":"https:\/\/pachucatravel.com.mx\/index.php\/product\/las-estacas-tepoztlan\/","title":{"rendered":"Las Estacas &#038; Tepoztl\u00e1n"},"content":{"rendered":"<h1 data-start=\"241\" data-end=\"269\" class=\"\">\ud83d\ude8c Itinerario Preliminar<\/h1>\n<p data-start=\"270\" data-end=\"331\" class=\"\"><strong data-start=\"270\" data-end=\"302\">Tour Las Estacas + Tepoztl\u00e1n<\/strong><\/p>\n<hr data-start=\"333\" data-end=\"336\" class=\"\">\n<h3 data-start=\"338\" data-end=\"393\" class=\"\">03:45 a.m. \u2014 <strong data-start=\"355\" data-end=\"393\">Cita en Soriana del Valle, Pachuca<\/strong><\/h3>\n<ul data-start=\"394\" data-end=\"441\">\n<li data-start=\"394\" data-end=\"441\" class=\"\">\n<p data-start=\"396\" data-end=\"441\" class=\"\">Registro de pasajeros y acomodo en la unidad.<\/p>\n<\/li>\n<\/ul>\n<h3 data-start=\"443\" data-end=\"494\" class=\"\">05:00 a.m. \u2014 <strong data-start=\"460\" data-end=\"494\">Salida puntual hacia Tepoztl\u00e1n<\/strong><\/h3>\n<ul data-start=\"495\" data-end=\"594\">\n<li data-start=\"495\" data-end=\"535\" class=\"\">\n<p data-start=\"497\" data-end=\"535\" class=\"\">Viaje c\u00f3modo en sprinter gran turismo.<\/p>\n<\/li>\n<li data-start=\"536\" data-end=\"594\" class=\"\">\n<p data-start=\"538\" data-end=\"594\" class=\"\">(Traslado estimado: 3 h 30 min aprox. con parada breve.)<\/p>\n<\/li>\n<\/ul>\n<h3 data-start=\"596\" data-end=\"636\" class=\"\">08:30 a.m. \u2014 <strong data-start=\"613\" data-end=\"636\">Llegada a Tepoztl\u00e1n<\/strong><\/h3>\n<ul data-start=\"637\" data-end=\"822\">\n<li data-start=\"637\" data-end=\"822\" class=\"\">\n<p data-start=\"639\" data-end=\"712\" class=\"\">Tiempo libre para desayunar (no incluido) y recorrer el centro hist\u00f3rico:<\/p>\n<ul data-start=\"715\" data-end=\"822\">\n<li data-start=\"715\" data-end=\"767\" class=\"\">\n<p data-start=\"717\" data-end=\"767\" class=\"\">Calles empedradas, artesan\u00edas y productos locales.<\/p>\n<\/li>\n<li data-start=\"770\" data-end=\"822\" class=\"\">\n<p data-start=\"772\" data-end=\"822\" class=\"\">Opcional: breve visita a la Iglesia del Tepozteco.<\/p>\n<\/li>\n<\/ul>\n<\/li>\n<\/ul>\n<h3 data-start=\"824\" data-end=\"869\" class=\"\">10:00 a.m. \u2014 <strong data-start=\"841\" data-end=\"869\">Salida hacia Las Estacas<\/strong><\/h3>\n<ul data-start=\"870\" data-end=\"918\">\n<li data-start=\"870\" data-end=\"918\" class=\"\">\n<p data-start=\"872\" data-end=\"918\" class=\"\">Traslado de aproximadamente 1 hora 30 minutos.<\/p>\n<\/li>\n<\/ul>\n<h3 data-start=\"920\" data-end=\"962\" class=\"\">11:00 a.m. \u2014 <strong data-start=\"937\" data-end=\"962\">Llegada a Las Estacas<\/strong><\/h3>\n<ul data-start=\"963\" data-end=\"991\">\n<li data-start=\"963\" data-end=\"991\" class=\"\">\n<p data-start=\"965\" data-end=\"991\" class=\"\">Ingreso al parque natural.<\/p>\n<\/li>\n<\/ul>\n<h3 data-start=\"993\" data-end=\"1049\" class=\"\">11:00 a.m. a 5:30 p.m. \u2014 <strong data-start=\"1022\" data-end=\"1049\">Disfrute en Las Estacas<\/strong><\/h3>\n<ul data-start=\"1050\" data-end=\"1295\">\n<li data-start=\"1050\" data-end=\"1295\" class=\"\">\n<p data-start=\"1052\" data-end=\"1082\" class=\"\">Tiempo libre para actividades:<\/p>\n<ul data-start=\"1085\" data-end=\"1295\">\n<li data-start=\"1085\" data-end=\"1110\" class=\"\">\n<p data-start=\"1087\" data-end=\"1110\" class=\"\">Nado en el r\u00edo natural.<\/p>\n<\/li>\n<li data-start=\"1113\" data-end=\"1159\" class=\"\">\n<p data-start=\"1115\" data-end=\"1159\" class=\"\">Snorkel, buceo (opcional y con costo extra).<\/p>\n<\/li>\n<li data-start=\"1162\" data-end=\"1223\" class=\"\">\n<p data-start=\"1164\" data-end=\"1223\" class=\"\">Tirolesa, kayak o simplemente descansar en el \u00e1rea natural.<\/p>\n<\/li>\n<li data-start=\"1226\" data-end=\"1295\" class=\"\">\n<p data-start=\"1228\" data-end=\"1295\" class=\"\">Picnic, alimentos en cafeter\u00eda o restaurante (consumo no incluido).<\/p>\n<\/li>\n<\/ul>\n<\/li>\n<\/ul>\n<h3 data-start=\"1297\" data-end=\"1337\" class=\"\">05:30 p.m. \u2014 <strong data-start=\"1314\" data-end=\"1337\">Reuni\u00f3n para salida<\/strong><\/h3>\n<ul data-start=\"1338\" data-end=\"1393\">\n<li data-start=\"1338\" data-end=\"1393\" class=\"\">\n<p data-start=\"1340\" data-end=\"1393\" class=\"\">Breve tiempo para cambio de ropa seca, \u00faltimos ba\u00f1os.<\/p>\n<\/li>\n<\/ul>\n<h3 data-start=\"1395\" data-end=\"1433\" class=\"\">06:00 p.m. \u2014 <strong data-start=\"1412\" data-end=\"1433\">Regreso a Pachuca<\/strong><\/h3>\n<ul data-start=\"1434\" data-end=\"1531\">\n<li data-start=\"1434\" data-end=\"1531\" class=\"\">\n<p data-start=\"1436\" data-end=\"1531\" class=\"\">Viaje de regreso con una breve parada intermedia para sanitarios o compra de alimentos ligeros.<\/p>\n<\/li>\n<\/ul>\n<h3 data-start=\"1533\" data-end=\"1601\" class=\"\">11:00 p.m. \u2014 <strong data-start=\"1550\" data-end=\"1601\">Llegada aproximada a Soriana del Valle, Pachuca<\/strong><\/h3>\n<ul data-start=\"1602\" data-end=\"1630\">\n<li data-start=\"1602\" data-end=\"1630\" class=\"\">\n<p data-start=\"1604\" data-end=\"1630\" class=\"\">Fin de nuestros servicios.<\/p>\n<\/li>\n<\/ul>\n<hr data-start=\"1632\" data-end=\"1635\" class=\"\">\n<h1 data-start=\"1637\" data-end=\"1674\" class=\"\">\ud83d\udd25 Recomendaciones para el viajero:<\/h1>\n<ul data-start=\"1675\" data-end=\"1905\">\n<li data-start=\"1675\" data-end=\"1741\" class=\"\">\n<p data-start=\"1677\" data-end=\"1741\" class=\"\">Llevar traje de ba\u00f1o, toalla, sandalias acu\u00e1ticas y ropa c\u00f3moda.<\/p>\n<\/li>\n<li data-start=\"1742\" data-end=\"1774\" class=\"\">\n<p data-start=\"1744\" data-end=\"1774\" class=\"\">Protector solar biodegradable.<\/p>\n<\/li>\n<li data-start=\"1775\" data-end=\"1842\" class=\"\">\n<p data-start=\"1777\" data-end=\"1842\" class=\"\">Dinero en efectivo para alimentos, souvenirs o actividades extra.<\/p>\n<\/li>\n<li data-start=\"1843\" data-end=\"1881\" class=\"\">\n<p data-start=\"1845\" data-end=\"1881\" class=\"\">Cambio de ropa seca para el regreso.<\/p>\n<\/li>\n<li data-start=\"1882\" data-end=\"1905\" class=\"\">\n<p data-start=\"1884\" data-end=\"1905\" class=\"\">Hidrataci\u00f3n personal.<\/p>\n<\/li>\n<\/ul>\n","protected":false},"excerpt":{"rendered":"<div class=\"\" data-block=\"true\" data-editor=\"48o4d\" data-offset-key=\"bachn-0-0\">\n<div data-offset-key=\"bachn-0-0\" class=\"_1mf _1mj\" style=\"position: relative;direction: ltr;font-family: inherit\" data-mce-style=\"position: relative; direction: ltr; font-family: inherit;\"><span data-offset-key=\"bachn-0-0\" style=\"font-family: inherit\" data-mce-style=\"font-family: inherit;\">\ud83d\udcc5 FECHAS DISPONIBLES 2025:\u00a0<\/span><\/div>\n<div data-offset-key=\"bachn-0-0\"><\/div>\n<div data-offset-key=\"bachn-0-0\" class=\"_1mf _1mj\" style=\"position: relative;direction: ltr;font-family: inherit\" data-mce-style=\"position: relative; direction: ltr; font-family: inherit;\">&#8211; Domingo 20 de julio<\/div>\n<p class=\"cvGsUA direction-ltr align-end para-style-body\"><span class=\"OYPEnA font-feature-liga-off font-feature-clig-off font-feature-calt-off text-decoration-none text-strikethrough-none\">&#8211; S\u00e1bado 18 de octubre<\/span><\/p>\n<\/div>\n<div class=\"\" data-block=\"true\" data-editor=\"48o4d\" data-offset-key=\"5s02q-0-0\">\n<div data-offset-key=\"5s02q-0-0\" class=\"_1mf _1mj\" style=\"position: relative;direction: ltr;font-family: inherit\" data-mce-style=\"position: relative; direction: ltr; font-family: inherit;\"><span data-offset-key=\"5s02q-0-0\" style=\"font-family: inherit\" data-mce-style=\"font-family: inherit;\">\ud83d\udd53 Salida: 4:00 a.m. desde Soriana del Valle, Pachuca<\/span><\/div>\n<\/div>\n<div class=\"\" data-block=\"true\" data-editor=\"48o4d\" data-offset-key=\"8ovh-0-0\">\n<div data-offset-key=\"8ovh-0-0\" class=\"_1mf _1mj\" style=\"position: relative;direction: ltr;font-family: inherit\" data-mce-style=\"position: relative; direction: ltr; font-family: inherit;\"><span data-offset-key=\"8ovh-0-0\" style=\"font-family: inherit\" data-mce-style=\"font-family: inherit;\">\ud83d\udd5a Regreso: 11:00 p.m. apr\u00f3ximadamente.<\/span><\/div>\n<\/div>\n<div class=\"\" data-block=\"true\" data-editor=\"48o4d\" data-offset-key=\"23bns-0-0\">\n<div data-offset-key=\"23bns-0-0\" class=\"_1mf _1mj\" style=\"position: relative;direction: ltr;font-family: inherit\" data-mce-style=\"position: relative; direction: ltr; font-family: inherit;\"><span data-offset-key=\"23bns-0-0\" style=\"font-family: inherit\" data-mce-style=\"font-family: inherit;\"><br data-text=\"true\"><\/span><\/div>\n<\/div>\n<div class=\"\" data-block=\"true\" data-editor=\"48o4d\" data-offset-key=\"728h2-0-0\">\n<div data-offset-key=\"728h2-0-0\" class=\"_1mf _1mj\" style=\"position: relative;direction: ltr;font-family: inherit\" data-mce-style=\"position: relative; direction: ltr; font-family: inherit;\"><span data-offset-key=\"728h2-0-0\" style=\"font-family: inherit\" data-mce-style=\"font-family: inherit;\">\u00a1No hagas m\u00e1s planes! Diversi\u00f3n garantizada. \ud83d\udc4c\ud83c\udffb<\/span><\/div>\n<\/div>\n<div class=\"\" data-block=\"true\" data-editor=\"48o4d\" data-offset-key=\"17a1k-0-0\">\n<div data-offset-key=\"17a1k-0-0\" class=\"_1mf _1mj\" style=\"position: relative;direction: ltr;font-family: inherit\" data-mce-style=\"position: relative; direction: ltr; font-family: inherit;\"><span data-offset-key=\"17a1k-0-0\" style=\"font-family: inherit\" data-mce-style=\"font-family: inherit;\"><br data-text=\"true\"><\/span><\/div>\n<\/div>\n<div class=\"\" data-block=\"true\" data-editor=\"48o4d\" data-offset-key=\"ac3u5-0-0\">\n<div data-offset-key=\"ac3u5-0-0\" class=\"_1mf _1mj\" style=\"position: relative;direction: ltr;font-family: inherit\" data-mce-style=\"position: relative; direction: ltr; font-family: inherit;\"><span data-offset-key=\"ac3u5-0-0\" style=\"font-family: inherit\" data-mce-style=\"font-family: inherit;\">\ud83d\udd30 VISITANDO:<\/span><\/div>\n<\/div>\n<div class=\"\" data-block=\"true\" data-editor=\"48o4d\" data-offset-key=\"8f6ee-0-0\">\n<div data-offset-key=\"8f6ee-0-0\" class=\"_1mf _1mj\" style=\"position: relative;direction: ltr;font-family: inherit\" data-mce-style=\"position: relative; direction: ltr; font-family: inherit;\"><span data-offset-key=\"8f6ee-0-0\" style=\"font-family: inherit\" data-mce-style=\"font-family: inherit;\">\ud83d\udca6 Parque Natural Las Estacas<\/span><\/div>\n<\/div>\n<div class=\"\" data-block=\"true\" data-editor=\"48o4d\" data-offset-key=\"p1n4-0-0\">\n<div data-offset-key=\"p1n4-0-0\" class=\"_1mf _1mj\" style=\"position: relative;direction: ltr;font-family: inherit\" data-mce-style=\"position: relative; direction: ltr; font-family: inherit;\"><span data-offset-key=\"p1n4-0-0\" style=\"font-family: inherit\" data-mce-style=\"font-family: inherit;\">\ud83c\udfde\ufe0f Tepoztl\u00e1n (Pueblo M\u00e1gico)<\/span><\/div>\n<\/div>\n<div class=\"\" data-block=\"true\" data-editor=\"48o4d\" data-offset-key=\"2hm45-0-0\">\n<div data-offset-key=\"2hm45-0-0\" class=\"_1mf _1mj\" style=\"position: relative;direction: ltr;font-family: inherit\" data-mce-style=\"position: relative; direction: ltr; font-family: inherit;\"><span data-offset-key=\"2hm45-0-0\" style=\"font-family: inherit\" data-mce-style=\"font-family: inherit;\"><br data-text=\"true\"><\/span><\/div>\n<\/div>\n<div class=\"\" data-block=\"true\" data-editor=\"48o4d\" data-offset-key=\"2oe3o-0-0\">\n<div data-offset-key=\"2oe3o-0-0\" class=\"_1mf _1mj\" style=\"position: relative;direction: ltr;font-family: inherit\" data-mce-style=\"position: relative; direction: ltr; font-family: inherit;\"><span data-offset-key=\"2oe3o-0-0\" style=\"font-family: inherit\" data-mce-style=\"font-family: inherit;\">\u2666\ufe0f EL CIRCUITO INCLUYE:<\/span><\/div>\n<\/div>\n<div class=\"\" data-block=\"true\" data-editor=\"48o4d\" data-offset-key=\"7ma6q-0-0\">\n<div data-offset-key=\"7ma6q-0-0\" class=\"_1mf _1mj\" style=\"position: relative;direction: ltr;font-family: inherit\" data-mce-style=\"position: relative; direction: ltr; font-family: inherit;\"><span data-offset-key=\"7ma6q-0-0\" style=\"font-family: inherit\" data-mce-style=\"font-family: inherit;\">\u2714\ufe0f Transporte redondo en sprinter gran turismo desde Pachuca, Hidalgo<\/span><\/div>\n<\/div>\n<div class=\"\" data-block=\"true\" data-editor=\"48o4d\" data-offset-key=\"7ff2-0-0\">\n<div data-offset-key=\"7ff2-0-0\" class=\"_1mf _1mj\" style=\"position: relative;direction: ltr;font-family: inherit\" data-mce-style=\"position: relative; direction: ltr; font-family: inherit;\"><span data-offset-key=\"7ff2-0-0\" style=\"font-family: inherit\" data-mce-style=\"font-family: inherit;\">\u2714\ufe0f Seguro de viajero a bordo de la unidad<\/span><\/div>\n<\/div>\n<div class=\"\" data-block=\"true\" data-editor=\"48o4d\" data-offset-key=\"cieph-0-0\">\n<div data-offset-key=\"cieph-0-0\" class=\"_1mf _1mj\" style=\"position: relative;direction: ltr;font-family: inherit\" data-mce-style=\"position: relative; direction: ltr; font-family: inherit;\"><span data-offset-key=\"cieph-0-0\" style=\"font-family: inherit\" data-mce-style=\"font-family: inherit;\">\u2714\ufe0f ENTRADA al Parque Natural Las Estacas<\/span><\/div>\n<\/div>\n<div class=\"\" data-block=\"true\" data-editor=\"48o4d\" data-offset-key=\"b9pl0-0-0\">\n<div data-offset-key=\"b9pl0-0-0\" class=\"_1mf _1mj\" style=\"position: relative;direction: ltr;font-family: inherit\" data-mce-style=\"position: relative; direction: ltr; font-family: inherit;\"><span data-offset-key=\"b9pl0-0-0\" style=\"font-family: inherit\" data-mce-style=\"font-family: inherit;\">\u2714\ufe0f Visita a Tepoztl\u00e1n<\/span><\/div>\n<\/div>\n<div class=\"\" data-block=\"true\" data-editor=\"48o4d\" data-offset-key=\"cst6f-0-0\">\n<div data-offset-key=\"cst6f-0-0\" class=\"_1mf _1mj\" style=\"position: relative;direction: ltr;font-family: inherit\" data-mce-style=\"position: relative; direction: ltr; font-family: inherit;\"><span data-offset-key=\"cst6f-0-0\" style=\"font-family: inherit\" data-mce-style=\"font-family: inherit;\">\u2714\ufe0f Gu\u00eda acompa\u00f1ante durante la excursi\u00f3n<\/span><\/div>\n<\/div>\n<div class=\"\" data-block=\"true\" data-editor=\"48o4d\" data-offset-key=\"edm05-0-0\">\n<div data-offset-key=\"edm05-0-0\" class=\"_1mf _1mj\" style=\"position: relative;direction: ltr;font-family: inherit\" data-mce-style=\"position: relative; direction: ltr; font-family: inherit;\"><span data-offset-key=\"edm05-0-0\" style=\"font-family: inherit\" data-mce-style=\"font-family: inherit;\"><br data-text=\"true\"><\/span><\/div>\n<\/div>\n<div class=\"\" data-block=\"true\" data-editor=\"48o4d\" data-offset-key=\"933d5-0-0\">\n<div data-offset-key=\"933d5-0-0\" class=\"_1mf _1mj\" style=\"position: relative;direction: ltr;font-family: inherit\" data-mce-style=\"position: relative; direction: ltr; font-family: inherit;\"><span data-offset-key=\"933d5-0-0\" style=\"font-family: inherit\" data-mce-style=\"font-family: inherit;\">\ud83d\udd18 No incluye: gastos personales no especificados.<\/span><\/div>\n<\/div>\n<div class=\"\" data-block=\"true\" data-editor=\"48o4d\" data-offset-key=\"183i-0-0\">\n<div data-offset-key=\"183i-0-0\" class=\"_1mf _1mj\" style=\"position: relative;direction: ltr;font-family: inherit\" data-mce-style=\"position: relative; direction: ltr; font-family: inherit;\"><span data-offset-key=\"183i-0-0\" style=\"font-family: inherit\" data-mce-style=\"font-family: inherit;\"><br data-text=\"true\"><\/span><\/div>\n<\/div>\n<div class=\"\" data-block=\"true\" data-editor=\"48o4d\" data-offset-key=\"6eh41-0-0\">\n<div data-offset-key=\"6eh41-0-0\" class=\"_1mf _1mj\" style=\"position: relative;direction: ltr;font-family: inherit\" data-mce-style=\"position: relative; direction: ltr; font-family: inherit;\"><span data-offset-key=\"6eh41-0-0\" style=\"font-family: inherit\" data-mce-style=\"font-family: inherit;\">\ud83d\udcb5 COSTO POR PERSONA:<\/span><\/div>\n<\/div>\n<div class=\"\" data-block=\"true\" data-editor=\"48o4d\" data-offset-key=\"fkv8t-0-0\">\n<div data-offset-key=\"fkv8t-0-0\" class=\"_1mf _1mj\" style=\"position: relative;direction: ltr;font-family: inherit\" data-mce-style=\"position: relative; direction: ltr; font-family: inherit;\"><span data-offset-key=\"fkv8t-0-0\" style=\"font-family: inherit\" data-mce-style=\"font-family: inherit;\"><br data-text=\"true\"><\/span><\/div>\n<\/div>\n<div class=\"\" data-block=\"true\" data-editor=\"48o4d\" data-offset-key=\"5pbdf-0-0\">\n<div data-offset-key=\"5pbdf-0-0\" class=\"_1mf _1mj\" style=\"position: relative;direction: ltr;font-family: inherit\" data-mce-style=\"position: relative; direction: ltr; font-family: inherit;\"><span data-offset-key=\"5pbdf-0-0\" style=\"font-family: inherit\" data-mce-style=\"font-family: inherit;\">$1,250 MXN general<\/span><\/div>\n<\/div>\n<div class=\"\" data-block=\"true\" data-editor=\"48o4d\" data-offset-key=\"f4v71-0-0\">\n<div data-offset-key=\"f4v71-0-0\" class=\"_1mf _1mj\" style=\"position: relative;direction: ltr;font-family: inherit\" data-mce-style=\"position: relative; direction: ltr; font-family: inherit;\"><span data-offset-key=\"f4v71-0-0\" style=\"font-family: inherit\" data-mce-style=\"font-family: inherit;\"><br data-text=\"true\"><\/span><\/div>\n<\/div>\n<div class=\"\" data-block=\"true\" data-editor=\"48o4d\" data-offset-key=\"b0ogg-0-0\">\n<div data-offset-key=\"b0ogg-0-0\" class=\"_1mf _1mj\" style=\"position: relative;direction: ltr;font-family: inherit\" data-mce-style=\"position: relative; direction: ltr; font-family: inherit;\"><span data-offset-key=\"b0ogg-0-0\" style=\"font-family: inherit\" data-mce-style=\"font-family: inherit;\">$1,090 MXN (ni\u00f1os menores de 1.25 m de estatura)<\/span><\/div>\n<\/div>\n<div class=\"\" data-block=\"true\" data-editor=\"48o4d\" data-offset-key=\"616ne-0-0\">\n<div data-offset-key=\"616ne-0-0\" class=\"_1mf _1mj\" style=\"position: relative;direction: ltr;font-family: inherit\" data-mce-style=\"position: relative; direction: ltr; font-family: inherit;\"><span data-offset-key=\"616ne-0-0\" style=\"font-family: inherit\" data-mce-style=\"font-family: inherit;\"><br data-text=\"true\"><\/span><\/div>\n<\/div>\n<div class=\"\" data-block=\"true\" data-editor=\"48o4d\" data-offset-key=\"e8dlg-0-0\">\n<div data-offset-key=\"e8dlg-0-0\" class=\"_1mf _1mj\" style=\"position: relative;direction: ltr;font-family: inherit\" data-mce-style=\"position: relative; direction: ltr; font-family: inherit;\"><span data-offset-key=\"e8dlg-0-0\" style=\"font-family: inherit\" data-mce-style=\"font-family: inherit;\">\u00a1Ni\u00f1os menores de 90 cm viajan gratis! \ud83d\udc76\ud83c\udffb<\/span><\/div>\n<\/div>\n<div class=\"\" data-block=\"true\" data-editor=\"48o4d\" data-offset-key=\"enk62-0-0\">\n<div data-offset-key=\"enk62-0-0\" class=\"_1mf _1mj\" style=\"position: relative;direction: ltr;font-family: inherit\" data-mce-style=\"position: relative; direction: ltr; font-family: inherit;\"><span data-offset-key=\"enk62-0-0\" style=\"font-family: inherit\" data-mce-style=\"font-family: inherit;\"><br data-text=\"true\"><\/span><\/div>\n<\/div>\n<div class=\"\" data-block=\"true\" data-editor=\"48o4d\" data-offset-key=\"7hmma-0-0\">\n<div data-offset-key=\"7hmma-0-0\" class=\"_1mf _1mj\" style=\"position: relative;direction: ltr;font-family: inherit\" data-mce-style=\"position: relative; direction: ltr; font-family: inherit;\"><span data-offset-key=\"7hmma-0-0\" style=\"font-family: inherit\" data-mce-style=\"font-family: inherit;\">\ud83d\udd25 RESERVA CON SOLO $250 MXN POR PERSONA<\/span><\/div>\n<\/div>\n<div class=\"\" data-block=\"true\" data-editor=\"48o4d\" data-offset-key=\"1ob0j-0-0\">\n<div data-offset-key=\"1ob0j-0-0\" class=\"_1mf _1mj\" style=\"position: relative;direction: ltr;font-family: inherit\" data-mce-style=\"position: relative; direction: ltr; font-family: inherit;\"><span data-offset-key=\"1ob0j-0-0\" style=\"font-family: inherit\" data-mce-style=\"font-family: inherit;\">(\u00a1Cupo limitado!)<\/span><\/div>\n<\/div>\n","protected":false},"featured_media":655,"template":"","meta":{"_bbp_topic_count":0,"_bbp_reply_count":0,"_bbp_total_topic_count":0,"_bbp_total_reply_count":0,"_bbp_voice_count":0,"_bbp_anonymous_reply_count":0,"_bbp_topic_count_hidden":0,"_bbp_reply_count_hidden":0,"_bbp_forum_subforum_count":0,"_et_pb_use_builder":"","_et_pb_old_content":"","_et_gb_content_width":"","_joinchat":[]},"product_brand":[],"product_cat":[94],"product_tag":[],"class_list":{"0":"post-622","1":"product","2":"type-product","3":"status-archived","4":"has-post-thumbnail","6":"product_cat-viajes-nacionales","8":"first","9":"instock","10":"shipping-taxable","11":"product-type-simple"},"_links":{"self":[{"href":"https:\/\/pachucatravel.com.mx\/index.php\/wp-json\/wp\/v2\/product\/622","targetHints":{"allow":["GET"]}}],"collection":[{"href":"https:\/\/pachucatravel.com.mx\/index.php\/wp-json\/wp\/v2\/product"}],"about":[{"href":"https:\/\/pachucatravel.com.mx\/index.php\/wp-json\/wp\/v2\/types\/product"}],"wp:featuredmedia":[{"embeddable":true,"href":"https:\/\/pachucatravel.com.mx\/index.php\/wp-json\/wp\/v2\/media\/655"}],"wp:attachment":[{"href":"https:\/\/pachucatravel.com.mx\/index.php\/wp-json\/wp\/v2\/media?parent=622"}],"wp:term":[{"taxonomy":"product_brand","embeddable":true,"href":"https:\/\/pachucatravel.com.mx\/index.php\/wp-json\/wp\/v2\/product_brand?post=622"},{"taxonomy":"product_cat","embeddable":true,"href":"https:\/\/pachucatravel.com.mx\/index.php\/wp-json\/wp\/v2\/product_cat?post=622"},{"taxonomy":"product_tag","embeddable":true,"href":"https:\/\/pachucatravel.com.mx\/index.php\/wp-json\/wp\/v2\/product_tag?post=622"}],"curies":[{"name":"wp","href":"https:\/\/api.w.org\/{rel}","templated":true}]}}