{"id":449,"date":"2024-11-20T18:40:05","date_gmt":"2024-11-21T00:40:05","guid":{"rendered":"https:\/\/pachucatravel.com.mx\/index.php\/product\/valquirico-centro-historico-de-puebla\/"},"modified":"2026-03-20T16:54:29","modified_gmt":"2026-03-20T22:54:29","slug":"valquirico-centro-historico-de-puebla","status":"publish","type":"product","link":"https:\/\/pachucatravel.com.mx\/index.php\/product\/valquirico-centro-historico-de-puebla\/","title":{"rendered":"Val&#8217;Quirico, Ex-Hacienda de Chautla &#038; Centro Hist\u00f3rico de Puebla"},"content":{"rendered":"<h1 data-start=\"113\" data-end=\"175\">Itinerario Preliminar \u2013 Tour Puebla, Ex Hacienda de Chautla &amp; Val&#8217;Quirico<\/h1>\n<div>\n<div style=\"line-height: 1.4;direction: ltr;margin-left: 0px\" data-mce-style=\"line-height: 1.4; direction: ltr; margin-left: 0px;\">\n<p><span style=\"letter-spacing: 0em\" data-mce-style=\"letter-spacing: 0em;\">Punto de salida y regreso: \ud83d\udccd Soriana del Valle, Pachuca, Hidalgo.<\/span><\/p>\n<\/div>\n<div style=\"line-height: 1.4;direction: ltr;margin-left: 0px\" data-mce-style=\"line-height: 1.4; direction: ltr; margin-left: 0px;\">\n<p><span style=\"letter-spacing: 0em\" data-mce-style=\"letter-spacing: 0em;\">Hora de salida: 7:00 a.m. (tolerancia m\u00e1xima de 15 minutos)<\/span><\/p>\n<\/div>\n<div style=\"line-height: 1.4;direction: ltr;margin-left: 0px\" data-mce-style=\"line-height: 1.4; direction: ltr; margin-left: 0px;\">\n<p><span style=\"letter-spacing: 0em\" data-mce-style=\"letter-spacing: 0em;\">Hora de regreso: 10:00 p.m. aproximadamente.<\/span><\/p>\n<\/div>\n<div style=\"line-height: 1.4;direction: ltr;margin-left: 0px\" data-mce-style=\"line-height: 1.4; direction: ltr; margin-left: 0px;\">\n<p><span style=\"font-style: italic;letter-spacing: 0em\" data-mce-style=\"font-style: italic; letter-spacing: 0em;\">El itinerario est\u00e1 sujeto a cambios sin previo aviso debido a condiciones meteorol\u00f3gicas <\/span><span style=\"font-style: italic;letter-spacing: 0em\" data-mce-style=\"font-style: italic; letter-spacing: 0em;\">u<\/span><span style=\"font-style: italic;letter-spacing: 0em\" data-mce-style=\"font-style: italic; letter-spacing: 0em;\"> operativas.<\/span><\/p>\n<\/div>\n<div style=\"line-height: 1.4;direction: ltr;margin-left: 0px\" data-mce-style=\"line-height: 1.4; direction: ltr; margin-left: 0px;\">\n<p><span style=\"letter-spacing: 0em\" data-mce-style=\"letter-spacing: 0em;\">\ud83d\ude90 <\/span><span style=\"font-weight: bold;letter-spacing: 0em\" data-mce-style=\"font-weight: bold; letter-spacing: 0em;\">7:00 a.m. \u2013 Salida desde Soriana del Valle, Pachuca<\/span><br \/><span style=\"letter-spacing: 0em\" data-mce-style=\"letter-spacing: 0em;\"> \ud83d\udccd <\/span><span style=\"font-style: italic;letter-spacing: 0em\" data-mce-style=\"font-style: italic; letter-spacing: 0em;\">Punto de encuentro:<\/span><span style=\"letter-spacing: 0em\" data-mce-style=\"letter-spacing: 0em;\"> Estacionamiento de Soriana del Valle, a un costado de Cinemex.<\/span><br \/><span style=\"letter-spacing: 0em\" data-mce-style=\"letter-spacing: 0em;\"> \ud83d\udccc <\/span><span style=\"font-style: italic;letter-spacing: 0em\" data-mce-style=\"font-style: italic; letter-spacing: 0em;\">Importante:<\/span><span style=\"letter-spacing: 0em\" data-mce-style=\"letter-spacing: 0em;\"> Llega con tiempo suficiente para abordar c\u00f3modamente. <\/span><span style=\"font-weight: bold;letter-spacing: 0em\" data-mce-style=\"font-weight: bold; letter-spacing: 0em;\">Los asientos no est\u00e1n asignados.<\/span><br \/><span style=\"letter-spacing: 0em\" data-mce-style=\"letter-spacing: 0em;\"> \ud83d\udebb Parada a sanitarios y tiendas de conveniencia, solo si es necesario.<\/span><\/p>\n<\/div>\n<div style=\"line-height: 1.4;direction: ltr;margin-left: 0px\" data-mce-style=\"line-height: 1.4; direction: ltr; margin-left: 0px;\">\n<p><span style=\"letter-spacing: 0em\" data-mce-style=\"letter-spacing: 0em;\">\ud83c\udff0 <\/span><span style=\"font-weight: bold;letter-spacing: 0em\" data-mce-style=\"font-weight: bold; letter-spacing: 0em;\">8:30 a.m. \u2013 Llegada aproximada a la Ex Hacienda de Chautla<\/span><br \/><span style=\"letter-spacing: 0em\" data-mce-style=\"letter-spacing: 0em;\"> \ud83d\udd39 Recorrido opcional guiado con un experto local (propina voluntaria; duraci\u00f3n aproximada de 1 hora).<\/span><br \/><span style=\"letter-spacing: 0em\" data-mce-style=\"letter-spacing: 0em;\"> \ud83d\udd39 Tiempo libre para desayunar y participar en actividades opcionales como pesca o tirolesa.<\/span><\/p>\n<\/div>\n<div style=\"line-height: 1.4;direction: ltr;margin-left: 0px\" data-mce-style=\"line-height: 1.4; direction: ltr; margin-left: 0px;\">\n<p><span style=\"letter-spacing: 0em\" data-mce-style=\"letter-spacing: 0em;\">\u23f3 <\/span><span style=\"font-weight: bold;letter-spacing: 0em\" data-mce-style=\"font-weight: bold; letter-spacing: 0em;\">11:30 a.m. \u2013 Reuni\u00f3n en el transporte para continuar con el recorrido<\/span><\/p>\n<\/div>\n<div style=\"line-height: 1.4;direction: ltr;margin-left: 0px\" data-mce-style=\"line-height: 1.4; direction: ltr; margin-left: 0px;\">\n<p><span style=\"letter-spacing: 0em\" data-mce-style=\"letter-spacing: 0em;\">\ud83d\udee4\ufe0f <\/span><span style=\"font-weight: bold;letter-spacing: 0em\" data-mce-style=\"font-weight: bold; letter-spacing: 0em;\">11:30 a.m. &#8211; 12:00 p.m. \u2013 Traslado a Val\u2019Quirico<\/span><br \/><span style=\"letter-spacing: 0em\" data-mce-style=\"letter-spacing: 0em;\"> \ud83d\udccd A la llegada, el coordinador brindar\u00e1 indicaciones y recomendaciones sobre el lugar.<\/span><br \/><span style=\"letter-spacing: 0em\" data-mce-style=\"letter-spacing: 0em;\"> \ud83d\udd52 Tiempo libre para explorar y disfrutar.<\/span><\/p>\n<\/div>\n<div style=\"line-height: 1.4;direction: ltr;margin-left: 0px\" data-mce-style=\"line-height: 1.4; direction: ltr; margin-left: 0px;\">\n<p><span style=\"letter-spacing: 0em\" data-mce-style=\"letter-spacing: 0em;\">\u23f3 <\/span><span style=\"font-weight: bold;letter-spacing: 0em\" data-mce-style=\"font-weight: bold; letter-spacing: 0em;\">4:00 p.m. \u2013 Reuni\u00f3n en el transporte para el siguiente destino<\/span><\/p>\n<\/div>\n<div style=\"line-height: 1.4;direction: ltr;margin-left: 0px\" data-mce-style=\"line-height: 1.4; direction: ltr; margin-left: 0px;\">\n<p><span style=\"letter-spacing: 0em\" data-mce-style=\"letter-spacing: 0em;\">\ud83c\udf06 <\/span><span style=\"font-weight: bold;letter-spacing: 0em\" data-mce-style=\"font-weight: bold; letter-spacing: 0em;\">4:00 &#8211; 4:30 p.m. \u2013 Traslado al Centro Hist\u00f3rico de Puebla<\/span><br \/><span style=\"letter-spacing: 0em\" data-mce-style=\"letter-spacing: 0em;\"> \ud83d\udccd Llegada al Z\u00f3calo de Puebla<\/span><br \/><span style=\"letter-spacing: 0em\" data-mce-style=\"letter-spacing: 0em;\"> \ud83d\udd39 El coordinador brindar\u00e1 indicaciones y sugerencias.<\/span><br \/><span style=\"letter-spacing: 0em\" data-mce-style=\"letter-spacing: 0em;\"> \ud83d\udd39 Participantes con la opci\u00f3n del Turib\u00fas iniciar\u00e1n su recorrido guiado.<\/span><\/p>\n<\/div>\n<div style=\"line-height: 1.4;direction: ltr;margin-left: 0px\" data-mce-style=\"line-height: 1.4; direction: ltr; margin-left: 0px;\">\n<p><span style=\"letter-spacing: 0em\" data-mce-style=\"letter-spacing: 0em;\">\u23f3 <\/span><span style=\"font-weight: bold;letter-spacing: 0em\" data-mce-style=\"font-weight: bold; letter-spacing: 0em;\">7:30 p.m. \u2013 Reuni\u00f3n en el punto indicado por el coordinador para el regreso a Pachuca<\/span><\/p>\n<\/div>\n<div style=\"line-height: 1.4;direction: ltr;margin-left: 0px\" data-mce-style=\"line-height: 1.4; direction: ltr; margin-left: 0px;\">\n<p><span style=\"letter-spacing: 0em\" data-mce-style=\"letter-spacing: 0em;\">\ud83d\udd59 <\/span><span style=\"font-weight: bold;letter-spacing: 0em\" data-mce-style=\"font-weight: bold; letter-spacing: 0em;\">10:00 p.m. aproximadamente \u2013 Llegada a Pachuca<\/span><br \/><span style=\"letter-spacing: 0em\" data-mce-style=\"letter-spacing: 0em;\"> Fin del recorrido y despedida.<\/span><\/p>\n<\/div>\n<p data-pm-slice=\"1 1 []\">\ud83d\udcdc T\u00c9RMINOS Y CONDICIONES \u2013 VIAJES NACIONALES<\/p>\n<p><strong>1. Reservaci\u00f3n y confirmaci\u00f3n<\/strong><\/p>\n<ul>\n<li>Para asegurar su lugar es necesario realizar el anticipo o pago indicado por la agencia.<\/li>\n<li>El lugar queda confirmado \u00fanicamente una vez recibido el pago correspondiente.<\/li>\n<\/ul>\n<p><strong>2. Pol\u00edtica de cancelaci\u00f3n<\/strong><\/p>\n<ul>\n<li>En caso de cancelaci\u00f3n voluntaria por parte del cliente no se realizan reembolsos.<\/li>\n<\/ul>\n<p>El cliente podr\u00e1, en caso de notificar con anticipaci\u00f3n:<\/p>\n<ul>\n<li>Transferir su lugar a otra persona.<\/li>\n<\/ul>\n<ul>\n<li>Cambiar su lugar a otra fecha del mismo tour (sujeto a disponibilidad).<\/li>\n<\/ul>\n<ul>\n<li>Cancelaciones realizadas 48 horas antes o el mismo d\u00eda del viaje se considerar\u00e1n como servicio utilizado.<\/li>\n<\/ul>\n<p><strong>3. M\u00ednimo de pasajeros<\/strong><\/p>\n<p>Para operar el tour se requiere un m\u00ednimo de participantes:<\/p>\n<ul>\n<li>14 pasajeros para transporte tipo Sprinter<\/li>\n<\/ul>\n<ul>\n<li>35 pasajeros para autob\u00fas<\/li>\n<\/ul>\n<p>En caso de no reunirse el m\u00ednimo requerido, la agencia podr\u00e1:<\/p>\n<ul>\n<li>Reprogramar la fecha del viaje<\/li>\n<\/ul>\n<ul>\n<li>Operar con transporte de menor capacidad<\/li>\n<\/ul>\n<ul>\n<li>O realizar la devoluci\u00f3n del pago efectuado.<\/li>\n<\/ul>\n<p><strong>4. Cambios en el itinerario<\/strong><\/p>\n<p>El itinerario puede modificarse por causas fuera del control de la agencia, tales como:<\/p>\n<ul>\n<li>Condiciones climatol\u00f3gicas<\/li>\n<\/ul>\n<ul>\n<li>Seguridad del grupo<\/li>\n<\/ul>\n<ul>\n<li>Indicaciones de autoridades<\/li>\n<\/ul>\n<ul>\n<li>Cierres de carretera o accesos<\/li>\n<\/ul>\n<ul>\n<li>Situaciones operativas o de fuerza mayor<\/li>\n<\/ul>\n<p>En caso de presentarse alguna de estas situaciones, se procurar\u00e1 mantener la experiencia tur\u00edstica programada en la medida de lo posible.<\/p>\n<p><strong>5. Puntualidad<\/strong><\/p>\n<ul>\n<li>Los pasajeros deber\u00e1n presentarse puntualmente en el lugar y hora indicados de salida.<\/li>\n<\/ul>\n<ul>\n<li>El transporte no podr\u00e1 esperar pasajeros retrasados, y en caso de no presentarse a tiempo el servicio se considerar\u00e1 utilizado sin derecho a reembolso.<\/li>\n<\/ul>\n<p><strong>6. Responsabilidad<\/strong><\/p>\n<p>La agencia act\u00faa como organizadora e intermediaria entre los pasajeros y los prestadores de servicios tur\u00edsticos (transporte, operadores locales, gu\u00edas, etc.).<\/p>\n<p>No nos hacemos responsables por:<\/p>\n<ul>\n<li>Accidentes<\/li>\n<\/ul>\n<ul>\n<li>P\u00e9rdida de objetos personales<\/li>\n<\/ul>\n<ul>\n<li>Retrasos ocasionados por terceros<\/li>\n<\/ul>\n<ul>\n<li>Situaciones fuera de nuestro control.<\/li>\n<\/ul>\n<ul>\n<li>Se recomienda a los pasajeros cuidar sus pertenencias durante todo el recorrido.<\/li>\n<\/ul>\n<p><strong>7. Conducta durante el viaje<\/strong><\/p>\n<p>Con el objetivo de mantener una experiencia agradable para todos los pasajeros, la agencia se reserva el derecho de negar el servicio o retirar del tour a personas que se encuentren en estado inconveniente o alteren la convivencia del grupo.<\/p>\n<p>En estos casos no se realizar\u00e1 reembolso.<\/p>\n<p><strong>8. Responsabilidad del pasajero<\/strong><\/p>\n<p>Cada pasajero es responsable de:<\/p>\n<ul>\n<li>Seguir las indicaciones del coordinador o gu\u00eda<\/li>\n<\/ul>\n<ul>\n<li>Respetar horarios establecidos<\/li>\n<\/ul>\n<ul>\n<li>Cumplir normas de seguridad en cada destino<\/li>\n<\/ul>\n<ul>\n<li>El incumplimiento de estas indicaciones puede afectar la log\u00edstica del grupo.<\/li>\n<\/ul>\n<p><strong>9. Aceptaci\u00f3n de los t\u00e9rminos<\/strong><\/p>\n<p>Al realizar el pago o anticipo del viaje, el cliente acepta y reconoce haber le\u00eddo los presentes t\u00e9rminos y condiciones.<\/p>\n<\/div>\n","protected":false},"excerpt":{"rendered":"<div class=\"\" data-block=\"true\" data-editor=\"2nbfp\" data-offset-key=\"5ta0l-0-0\"><span style=\"font-family: inherit\" data-mce-style=\"font-family: inherit;\">\ud83c\udf1f Incluye:<\/span><\/div>\n<div class=\"\" data-block=\"true\" data-editor=\"2nbfp\" data-offset-key=\"8k5jv-0-0\">\n<div data-offset-key=\"8k5jv-0-0\" class=\"_1mf _1mj\" style=\"position: relative;direction: ltr;font-family: inherit\" data-mce-style=\"position: relative; direction: ltr; font-family: inherit;\"><span data-offset-key=\"8k5jv-0-0\" style=\"font-family: inherit\" data-mce-style=\"font-family: inherit;\">\ud83d\ude8c Transporte c\u00f3modo y seguro en camioneta Sprinter de 20 pasajeros.<br \/>\ud83c\udf7f\ud83e\udd64Kit de hidrataci\u00f3n: bebida + snack.<\/span><\/div>\n<div data-offset-key=\"8k5jv-0-0\">\ud83d\ude8c Traslado entre los puntos de visita<\/div>\n<\/div>\n<div class=\"\" data-block=\"true\" data-editor=\"2nbfp\" data-offset-key=\"bhs4b-0-0\">\n<div data-offset-key=\"bhs4b-0-0\" class=\"_1mf _1mj\" style=\"position: relative;direction: ltr;font-family: inherit\" data-mce-style=\"position: relative; direction: ltr; font-family: inherit;\"><span data-offset-key=\"bhs4b-0-0\" style=\"font-family: inherit\" data-mce-style=\"font-family: inherit;\">\ud83c\udf92 Coordinador de viaje.<\/span><\/div>\n<\/div>\n<div class=\"\" data-block=\"true\" data-editor=\"2nbfp\" data-offset-key=\"a30ab-0-0\">\n<div data-offset-key=\"a30ab-0-0\" class=\"_1mf _1mj\" style=\"position: relative;direction: ltr;font-family: inherit\" data-mce-style=\"position: relative; direction: ltr; font-family: inherit;\"><span data-offset-key=\"a30ab-0-0\" style=\"font-family: inherit\" data-mce-style=\"font-family: inherit;\">\ud83d\udcf8 Fotografia grupal.<\/span><\/div>\n<\/div>\n<div class=\"\" data-block=\"true\" data-editor=\"2nbfp\" data-offset-key=\"2uvnq-0-0\">\n<div data-offset-key=\"2uvnq-0-0\" class=\"_1mf _1mj\" style=\"position: relative;direction: ltr;font-family: inherit\" data-mce-style=\"position: relative; direction: ltr; font-family: inherit;\"><span data-offset-key=\"2uvnq-0-0\" style=\"font-family: inherit\" data-mce-style=\"font-family: inherit;\">\u2705 Seguro de viajero dentro de la unidade transporte.<\/span><\/div>\n<\/div>\n<div class=\"\" data-block=\"true\" data-editor=\"2nbfp\" data-offset-key=\"ft0nm-0-0\">\n<div data-offset-key=\"ft0nm-0-0\" class=\"_1mf _1mj\" style=\"position: relative;direction: ltr;font-family: inherit\" data-mce-style=\"position: relative; direction: ltr; font-family: inherit;\"><span data-offset-key=\"ft0nm-0-0\" style=\"font-family: inherit\" data-mce-style=\"font-family: inherit;\"><br data-text=\"true\"><\/span><\/div>\n<\/div>\n<div class=\"\" data-block=\"true\" data-editor=\"2nbfp\" data-offset-key=\"3ricv-0-0\">\n<div data-offset-key=\"3ricv-0-0\" class=\"_1mf _1mj\" style=\"position: relative;direction: ltr;font-family: inherit\" data-mce-style=\"position: relative; direction: ltr; font-family: inherit;\"><span data-offset-key=\"3ricv-0-0\" style=\"font-family: inherit\" data-mce-style=\"font-family: inherit;\">\u2728 Qu\u00e9 visitaremos:<\/span><\/div>\n<div data-offset-key=\"3ricv-0-0\">\ud83d\udcf8Ex Hacienda de Chautla<\/div>\n<\/div>\n<div class=\"\" data-block=\"true\" data-editor=\"2nbfp\" data-offset-key=\"9t314-0-0\">\n<div data-offset-key=\"9t314-0-0\" class=\"_1mf _1mj\" style=\"position: relative;direction: ltr;font-family: inherit\" data-mce-style=\"position: relative; direction: ltr; font-family: inherit;\"><span data-offset-key=\"9t314-0-0\" style=\"font-family: inherit\" data-mce-style=\"font-family: inherit;\">\ud83c\udf81 Centro Hist\u00f3rico de Puebla.<\/span><\/div>\n<\/div>\n<div class=\"\" data-block=\"true\" data-editor=\"2nbfp\" data-offset-key=\"3v59u-0-0\">\n<div data-offset-key=\"3v59u-0-0\" class=\"_1mf _1mj\" style=\"position: relative;direction: ltr;font-family: inherit\" data-mce-style=\"position: relative; direction: ltr; font-family: inherit;\"><span data-offset-key=\"3v59u-0-0\" style=\"font-family: inherit\" data-mce-style=\"font-family: inherit;\">\ud83c\udff0 Val&#8217;Quirico: un rinc\u00f3n europeo en M\u00e9xico, ideal para fotos y momentos inolvidables.<\/span><\/div>\n<\/div>\n<div class=\"\" data-block=\"true\" data-editor=\"2nbfp\" data-offset-key=\"7lm1t-0-0\">\n<div data-offset-key=\"7lm1t-0-0\" class=\"_1mf _1mj\" style=\"position: relative;direction: ltr;font-family: inherit\" data-mce-style=\"position: relative; direction: ltr; font-family: inherit;\"><\/div>\n<\/div>\n<div class=\"\" data-block=\"true\" data-editor=\"2nbfp\" data-offset-key=\"8bflb-0-0\">\n<div data-offset-key=\"8bflb-0-0\" class=\"_1mf _1mj\" style=\"position: relative;direction: ltr;font-family: inherit\" data-mce-style=\"position: relative; direction: ltr; font-family: inherit;\"><span data-offset-key=\"8bflb-0-0\" style=\"font-family: inherit\" data-mce-style=\"font-family: inherit;\"><br data-text=\"true\"><\/span><\/div>\n<\/div>\n<div class=\"\" data-block=\"true\" data-editor=\"2nbfp\" data-offset-key=\"co9lj-0-0\">\n<div data-offset-key=\"co9lj-0-0\" class=\"_1mf _1mj\" style=\"position: relative;direction: ltr;font-family: inherit\" data-mce-style=\"position: relative; direction: ltr; font-family: inherit;\"><span data-offset-key=\"co9lj-0-0\" style=\"font-family: inherit\" data-mce-style=\"font-family: inherit;\">\ud83d\udcf2 \u00a1RESERVA AHORA y VIVE LA MAGIA de M\u00c9XICO!\u00a0<\/span><\/div>\n<\/div>\n<div class=\"\" data-block=\"true\" data-editor=\"2nbfp\" data-offset-key=\"3i93m-0-0\">\n<div data-offset-key=\"3i93m-0-0\" class=\"_1mf _1mj\" style=\"position: relative;direction: ltr;font-family: inherit\" data-mce-style=\"position: relative; direction: ltr; font-family: inherit;\"><span data-offset-key=\"3i93m-0-0\" style=\"font-family: inherit\" data-mce-style=\"font-family: inherit;\"><br data-text=\"true\"><\/span><\/div>\n<\/div>\n<div class=\"\" data-block=\"true\" data-editor=\"2nbfp\" data-offset-key=\"6m9d7-0-0\">\n<div data-offset-key=\"6m9d7-0-0\" class=\"_1mf _1mj\" style=\"position: relative;direction: ltr;font-family: inherit\" data-mce-style=\"position: relative; direction: ltr; font-family: inherit;\"><span data-offset-key=\"6m9d7-0-0\" style=\"font-family: inherit\" data-mce-style=\"font-family: inherit;\">\u2744\ufe0f \u00a1Reserva tu lugar hoy y celebra las fiestas con una experiencia \u00fanica!\u00a0<\/span><\/div>\n<\/div>\n<div class=\"\" data-block=\"true\" data-editor=\"2nbfp\" data-offset-key=\"ehkff-0-0\">\n<div data-offset-key=\"ehkff-0-0\" class=\"_1mf _1mj\" style=\"position: relative;direction: ltr;font-family: inherit\" data-mce-style=\"position: relative; direction: ltr; font-family: inherit;\"><span data-offset-key=\"ehkff-0-0\" style=\"font-family: inherit\" data-mce-style=\"font-family: inherit;\">\ud83d\udea8 \u00a1Cupos limitados!<\/span><\/div>\n<\/div>\n<div class=\"\" data-block=\"true\" data-editor=\"2nbfp\" data-offset-key=\"8trhn-0-0\">\n<div data-offset-key=\"8trhn-0-0\" class=\"_1mf _1mj\" style=\"position: relative;direction: ltr;font-family: inherit\" data-mce-style=\"position: relative; direction: ltr; font-family: inherit;\"><\/div>\n<\/div>\n","protected":false},"featured_media":990,"template":"","meta":{"_bbp_topic_count":0,"_bbp_reply_count":0,"_bbp_total_topic_count":0,"_bbp_total_reply_count":0,"_bbp_voice_count":0,"_bbp_anonymous_reply_count":0,"_bbp_topic_count_hidden":0,"_bbp_reply_count_hidden":0,"_bbp_forum_subforum_count":0,"_et_pb_use_builder":"","_et_pb_old_content":"","_et_gb_content_width":"","_joinchat":[]},"product_brand":[],"product_cat":[94],"product_tag":[],"class_list":{"0":"post-449","1":"product","2":"type-product","3":"status-publish","4":"has-post-thumbnail","6":"product_cat-viajes-nacionales","8":"first","9":"instock","10":"shipping-taxable","11":"purchasable","12":"product-type-simple"},"_links":{"self":[{"href":"https:\/\/pachucatravel.com.mx\/index.php\/wp-json\/wp\/v2\/product\/449","targetHints":{"allow":["GET"]}}],"collection":[{"href":"https:\/\/pachucatravel.com.mx\/index.php\/wp-json\/wp\/v2\/product"}],"about":[{"href":"https:\/\/pachucatravel.com.mx\/index.php\/wp-json\/wp\/v2\/types\/product"}],"wp:featuredmedia":[{"embeddable":true,"href":"https:\/\/pachucatravel.com.mx\/index.php\/wp-json\/wp\/v2\/media\/990"}],"wp:attachment":[{"href":"https:\/\/pachucatravel.com.mx\/index.php\/wp-json\/wp\/v2\/media?parent=449"}],"wp:term":[{"taxonomy":"product_brand","embeddable":true,"href":"https:\/\/pachucatravel.com.mx\/index.php\/wp-json\/wp\/v2\/product_brand?post=449"},{"taxonomy":"product_cat","embeddable":true,"href":"https:\/\/pachucatravel.com.mx\/index.php\/wp-json\/wp\/v2\/product_cat?post=449"},{"taxonomy":"product_tag","embeddable":true,"href":"https:\/\/pachucatravel.com.mx\/index.php\/wp-json\/wp\/v2\/product_tag?post=449"}],"curies":[{"name":"wp","href":"https:\/\/api.w.org\/{rel}","templated":true}]}}