{"id":439,"date":"2024-11-13T18:49:32","date_gmt":"2024-11-14T00:49:32","guid":{"rendered":"https:\/\/pachucatravel.com.mx\/?post_type=product&#038;p=439"},"modified":"2025-02-17T11:46:44","modified_gmt":"2025-02-17T17:46:44","slug":"tailandia-playa-y-aventura","status":"archived","type":"product","link":"https:\/\/pachucatravel.com.mx\/index.php\/product\/tailandia-playa-y-aventura\/","title":{"rendered":"Tailandia: Playa y Aventura"},"content":{"rendered":"<p>Itinerario<\/p>\n<p>D\u00cdA 01. JULIO 07 M\u00c9XICO DUBAI<br \/>Cita en el aeropuerto de la Ciudad de M\u00e9xico para abordar vuelo con destino a Dubai, v\u00eda Barcelona. Noche a bordo.<\/p>\n<p>DIA 02. JULIO 08TIEMPO DE VUELO<br \/>Vuelos con escala t\u00e9cnica en Barcelona.<\/p>\n<p>D\u00cdA 03. JULIO 09 DUBAI BANGKOK<br \/>Llegada al aeropuerto internacional de los Emiratos \u00e1rabes. Tiempo de espera para tomar vuelo con destino a Bangkok. Llegada y<br \/>recepci\u00f3n en el aeropuerto. Tiempo libre hasta la hora del check in. Alojamiento.<\/p>\n<p>D\u00cdA 04. JULIO 10 BANGKOK<br \/>Desayuno. Dia libre. Alojamiento.<br \/>Sugerimos realizar la excursi\u00f3n opcional (con costo adicional) TOUR DE CIUDAD: En el recorrido veremos la estatua del<br \/>buda sentado y las estupas (l\u00e1pidas), as\u00ed como el barrio chino, el mercado de las flores, el monumento y la calle de la democracia,<br \/>la calle de los ministerios, el edificio del parlamento y la actual mansi\u00f3n del rey de Tailandia en Bangkok. Al finalizar el recorrido,<br \/>traslado al hotel y tiempo libre. Mas tarde salida hacia \u00abYor Yor Seafood Restaurant &amp; Patpong Night Market\u00bb a la hora que<br \/>determine nuestro gu\u00eda por la noche. Nos preparar\u00e1n la comida en el restaurante, donde podremos ver Bangkok bajo las luces,<br \/>junto al famoso r\u00edo Chao Praya, conocido como el \u00abR\u00edo de los Reyes\u00bb. Despu\u00e9s de nuestra agradable cena, nos trasladamos al<br \/>mercado nocturno de Patpong, que es el mercado nocturno m\u00e1s famoso de Bangkok, donde puede comprar al estilo chino y al<br \/>estilo tailand\u00e9s, donde predominan en su mayor\u00eda productos de imitaci\u00f3n (relojes Rolex, bolsos Versace, etc.). Pasar\u00e1s un buen<br \/>rato en la famosa calle comercial y de bares. No te olvides de regatear mucho. Traslado al hotel.<\/p>\n<p>DIA 05. JULIO 11 BANGKOK KANCHANABURI<br \/>Desayuno. Dia libre. Alojamiento.<br \/>Sugerimos realizar la excursi\u00f3n opcional (con costo adicional) \u00abMERCADO FLOTANTE Y EL PUENTE KWAI\u00bb: En<br \/>este recorrido, salimos de Bangkok y nos detenemos en una granja de cocoteros en la ciudad de Samut Songkram, donde nacieron<br \/>los gemelos siameses de renombre mundial por primera vez en el camino. Aqu\u00ed obtenemos informaci\u00f3n sobre lo que los<br \/>tailandeses usan del \u00e1rbol de coco, vemos los recuerdos hechos de este \u00e1rbol, tambi\u00e9n puede visitar el mercado de trenes.<br \/>Partimos de aqu\u00ed y despu\u00e9s de un viaje en autob\u00fas de unos 10 minutos, llegamos al muelle donde parten los barcos de estilo<br \/>tailand\u00e9s. Despu\u00e9s de un agradable crucero de media hora acompa\u00f1ado de deliciosos paisajes ex\u00f3ticos del Lejano Oriente<br \/>subiendo a los barcos desde aqu\u00ed, llegamos al famoso mercado flotante, que ha sido portada de revistas y documentales. Veremos<br \/>el mercado abierto instalado en canoas por el r\u00edo y tendremos la oportunidad de hacer compras. Por la tarde traslado a<br \/>Kanchanaburi para ver el Puente Kwai, que fue el tema de las pel\u00edculas, en referencia al cierre del bazar Yuzen, el puente era parte<br \/>del ferrocarril Birmania-Tailandia construido por las fuerzas invasoras japonesas. M\u00e1s de cien mil personas murieron a causa de<br \/>enfermedades y torturas durante la construcci\u00f3n del ferrocarril, en el que se utilizaron prisioneros de guerra de las fuerzas aliadas y<br \/>habitantes locales en su construcci\u00f3n. Es por eso por lo que esta l\u00ednea se conoce hoy como el Ferrocarril de la Muerte. Traslado al<br \/>hotel.<\/p>\n<p>DIA 06. JULIO 12 KANCHANABURI BANGKOK CHIANG RAI<br \/>Desayuno. A la hora indicada Salida hacia aeropuerto de Bangkok para tomar el vuelo con destino a Chiang Rai. Despu\u00e9s de<br \/>los procedimientos de pasaporte y check-in, volamos a Chiang Rai, que se encuentra en la parte m\u00e1s al norte de Tailandia.<br \/>Traslado al hotel. Alojamiento.<\/p>\n<p>DIA 07. JULIO 13 CHIANG RAI<br \/>Desayuno. Dia libre. Alojamiento<br \/>Sugerimos realizar la excursi\u00f3n opcional (con costo adicional) \u00abTRI\u00c1NGULO DE ORO\u00bb, donde las fronteras de Tailandia &#8211;<br \/>Myanmar &#8211; Laos se encuentran en el mismo punto. La primera parada es el Museo del Hach\u00eds, donde obtendremos informaci\u00f3n<br \/>sobre la regi\u00f3n, que ha sido el centro de la producci\u00f3n ilegal de hach\u00eds durante siglos. Luego, pasamos a la regi\u00f3n fronteriza del<br \/>tri\u00e1ngulo dorado con nuestro autob\u00fas privado. Desde el mirador alto de la colina, observamos la magn\u00edfica vista formada por la<br \/>confluencia de los r\u00edos Mekong y Ruak, y luego, en el recorrido en bote por el r\u00edo Mekong, pasamos por las fronteras de Myanmar y<br \/>Laos. Luego, nos dirigimos al pueblo de Mae Sai en la frontera de Myanmar, ubicado en el punto m\u00e1s al norte de Tailandia, y<br \/>visitamos el mercado fronterizo. Tiempo libre para compras en el punto fronterizo. Al final de nuestro recorrido, visitaremos los<br \/>famosos campos de t\u00e9 de Chiang Rai en el camino. Traslado al nuestro hotel.<\/p>\n<p>DIA 08. JULIO 14 CHIANG RAI CHIANG MAI<br \/>Desayuno. A la hora indicada salida hacia Chiang Mai. La primera parada en el camino es el pueblo de la famosa Etnia Karen,<br \/>que ha sido objeto de documentales y est\u00e1 bajo la protecci\u00f3n de la Unesco, con los anillos que llevan al cuello. Tambi\u00e9n puedes ver<br \/>las Etnias Akha, Lahu y Yao aqu\u00ed. Nuestra primera parada en el camino ser\u00e1 Wat Rong Khun, ubicado a 13 km al sur de la ciudad<br \/>de Chiang Rai y conocido como el Templo Blanco, donde todos los objetos dentro del templo est\u00e1n hechos completamente de<br \/>materiales blancos. El templo, que comenz\u00f3 a construirse en 1996 por un artista local llamado Chalermchai Kositpipat, es tan<br \/>grande y magn\u00edfico que, en palabras del artista, solo pudo completarse 60 a\u00f1os despu\u00e9s de su muerte. El artista don\u00f3<br \/>aproximadamente 40 millones de baht para la construcci\u00f3n de este templo. Despu\u00e9s de esta visita, visitaremos el Templo Azul en<br \/>Rong Suea Ten Bay, que significa tigre danzante. La construcci\u00f3n comenz\u00f3 en 2005 sobre las ruinas de un antiguo templo que<br \/>hab\u00eda sido olvidado durante m\u00e1s de 100 a\u00f1os. Adem\u00e1s de tener una estatua de buda blanca con una altura de 6,5 metros en el<br \/>interior, todos los colores est\u00e1n dise\u00f1ados en azul \u00edndigo. Al finalizar nuestro recorrido continuamos hacia la ciudad de Chiang Mai.<br \/>A la llegada, entrega de llaves de la habitaci\u00f3n y tiempo libre para descansar. Sugerimos realizar opcional (costo adicional)<br \/>\u00abMERCADO NOCTURNO DE CHIANG MAI\u00bb, que abre todos los d\u00edas a las 18:00 de la tarde. Tiempo libre para<br \/>compras y relajaci\u00f3n en este mercado donde hay restaurantes y souvenirs espec\u00edficos de Tailandia. Traslado al hotel.<br \/>Alojamiento.<\/p>\n<p>DIA 09. JULIO 15 CHIANG MAI<br \/>Desayuno. Dia libre. Alojamiento<br \/>Sugerimos realizar la excursi\u00f3n opcional (con costo adicional) \u201cCAMPAMENTO DE ELEFANTES MAE TAENG\u201d<br \/>ubicado en el norte de la ciudad. Despu\u00e9s de la prohibici\u00f3n del transporte de madera y troncos de elefantes como trabajadores en<br \/>Tailandia en 1989, cientos de elefantes fueron dejados en las calles o condenados a trabajar en malas condiciones en trabajos de<br \/>tala por m\u00e9todos ilegales. La familia Chailert ha establecido voluntariamente este campamento con el fin de proteger a los elefantes<br \/>y ofrecerles una vida libre en su vida natural. Estamos viendo el espect\u00e1culo de los elefantes, haciendo referencia a nuestra llegada<br \/>al campamento. Un recorrido inolvidable de aproximadamente 45 minutos te espera en el h\u00e1bitat natural de los elefantes. Despu\u00e9s<br \/>de nuestro safari, regresaremos al campamento con un corto pero divertido paseo en bote tirado por bueyes y almorzaremos.<br \/>Luego haremos rafting en balsas de bamb\u00fa. Nuestra siguiente parada es un jard\u00edn de orqu\u00eddeas y mariposas cercano. Despu\u00e9s de<br \/>dar tiempo libre para la fotograf\u00eda en este incre\u00edble jard\u00edn, nos congelamos en Chiang Mai al final del recorrido. Nuestra siguiente<br \/>parada es el \u201ctemplo Doi Suthep\u201d, donde podremos ver Chang Mai desde el octavo pico m\u00e1s alto de Tailandia, a vista de p\u00e1jaro en<br \/>todo su esplendor. Como los tailandeses cambian, si no has visto la ciudad desde Doi Suthept, significa que nunca has estado en<br \/>Chiang Mai. Declarado como Parque Nacional 24 de Tailandia en 1981, Doi Suthep ofrece una belleza natural \u00fanica con todo su<br \/>verdor y esplendor en un \u00e1rea de 260 kil\u00f3metros cuadrados. El templo Doi Suthep, ubicado en el parque nacional, cuya historia se<br \/>remonta al per\u00edodo del Reino Lanna de 1380, tiene 24 metros de altura, est\u00e1 cubierto con pan de oro y te abre las puertas de un<br \/>mundo misterioso. Traslado al hotel.<\/p>\n<p>DIA 10. JULIO 16 CHIANG MAI PHUKET<br \/>Desayuno. A la hora indicada salida hacia el aeropuerto de Chiang Mai para tomar vuelo con destino a Phuket, ubicado en el<br \/>sur de Tailandia. Llegada, recepci\u00f3n en el aeropuerto y traslado al hotel. Alojamiento.<\/p>\n<p>DIA 11. JULIO 17 PHUKET<br \/>Desayuno. Dia libre. Alojamiento.<br \/>Sugerimos realizar opcional (con costo adicional) DIA COMPLETO POR LA ISLA PHI PHI: acceso r\u00e1pido a Phi Phi<br \/>Don, la primera de dos islas de coral paradis\u00edacas cerca de Phuket, en nuestras lanchas r\u00e1pidas. La oportunidad de nadar y tomar<br \/>el sol en la famosa isla de Bamb\u00fa, con su playa de arena adornada con palmeras y su mar limpio de color turquesa. La pr\u00f3xima<br \/>parada es la mundialmente famosa laguna Phi Phi Ley. Luego visitamos la Cueva Vikinga y la Isla de los Monos. Almuerzo en la<br \/>isla Phi Phi Don. Tiempo libre para nadar y bucear y descubrir peces del oc\u00e9ano. Regreso a nuestro hotel por la noche con nuestras<br \/>lanchas r\u00e1pidas.<\/p>\n<p>DIA 12. JULIO 18 PHUKET DUB\u00c1I<br \/>Desayuno. A la hora indicada traslado al aeropuerto para tomar vuelo con destino a Dubai. Llegada a Dubai y tiempo de<br \/>espera para tomar el siguiente vuelo con destino a la Ciudad de M\u00e9xico.<\/p>\n<p>DIA 13. JULIO 19 DUBAI MEXICO<br \/>Abordar vuelo con destino a la Ciudad de M\u00e9xico.<br \/>\u2013<\/p>\n<p>ESTE ITINERARIO PUEDE SUFRIR MODIFICACIONES POR CONDICIONES DE<br \/>CARRETERAS, CLIMA, OTROS ASPECTOS NO PREVISIBLES O DISPONIBILIDAD AL<br \/>MOMENTO DE RESERVAR.<br \/>\u2013 EL ORDEN DE LOS SERVICIOS PUEDE CAMBIAR.<\/p>\n","protected":false},"excerpt":{"rendered":"<p>Incluye:<\/p>\n<p>&#8211; Boleto de avi\u00f3n en viaje redondo M\u00e9xico \u2013 Bangkok \/ Phuket \u2013 M\u00e9xico en clase turista.<\/p>\n<p>&#8211; Boleto de avi\u00f3n Bangkok \u2013 Chiang Rai \/ Chiang Mai \u2013 Phuket en clase turista.<\/p>\n<p>&#8211; 02 noches de alojamiento en Bangkok.<\/p>\n<p>&#8211; 01 noche de alojamiento en Kanchanaburi.<\/p>\n<p>&#8211; 02 noche de alojamiento en Chiang Rai.<br \/>02 noches de alojamiento en Chiang Mai.<\/p>\n<p>&#8211; 02 noches de alojamiento en Phuket.<\/p>\n<p>&#8211; R\u00e9gimen alimenticio indicado en el itinerario.<\/p>\n<p>&#8211; Traslados indicados<\/p>\n<p>&#8211; Visitas indicadas<\/p>\n<p>&#8211; Gu\u00edas de habla hispana.<\/p>\n<p>&#8211; Autocar con aire acondicionado.<\/p>\n<p>No incluye:<\/p>\n<p>&#8211; Gastos personales y extras en los hoteles.<\/p>\n<p>&#8211; Propinas Tailandia: 50 USD por persona (Se paga directo en destino)<\/p>\n<p>&#8211; Ning\u00fan servicio no especificado como incluido o especificado como opcional.<\/p>\n<p>&#8211; Visa de Tailandia<\/p>\n","protected":false},"featured_media":478,"template":"","meta":{"_bbp_topic_count":0,"_bbp_reply_count":0,"_bbp_total_topic_count":0,"_bbp_total_reply_count":0,"_bbp_voice_count":0,"_bbp_anonymous_reply_count":0,"_bbp_topic_count_hidden":0,"_bbp_reply_count_hidden":0,"_bbp_forum_subforum_count":0,"_et_pb_use_builder":"","_et_pb_old_content":"","_et_gb_content_width":"","_joinchat":[]},"product_brand":[],"product_cat":[63],"product_tag":[],"class_list":{"0":"post-439","1":"product","2":"type-product","3":"status-archived","4":"has-post-thumbnail","6":"product_cat-viajes-internacionales","8":"first","9":"instock","10":"shipping-taxable","11":"product-type-simple"},"_links":{"self":[{"href":"https:\/\/pachucatravel.com.mx\/index.php\/wp-json\/wp\/v2\/product\/439","targetHints":{"allow":["GET"]}}],"collection":[{"href":"https:\/\/pachucatravel.com.mx\/index.php\/wp-json\/wp\/v2\/product"}],"about":[{"href":"https:\/\/pachucatravel.com.mx\/index.php\/wp-json\/wp\/v2\/types\/product"}],"wp:featuredmedia":[{"embeddable":true,"href":"https:\/\/pachucatravel.com.mx\/index.php\/wp-json\/wp\/v2\/media\/478"}],"wp:attachment":[{"href":"https:\/\/pachucatravel.com.mx\/index.php\/wp-json\/wp\/v2\/media?parent=439"}],"wp:term":[{"taxonomy":"product_brand","embeddable":true,"href":"https:\/\/pachucatravel.com.mx\/index.php\/wp-json\/wp\/v2\/product_brand?post=439"},{"taxonomy":"product_cat","embeddable":true,"href":"https:\/\/pachucatravel.com.mx\/index.php\/wp-json\/wp\/v2\/product_cat?post=439"},{"taxonomy":"product_tag","embeddable":true,"href":"https:\/\/pachucatravel.com.mx\/index.php\/wp-json\/wp\/v2\/product_tag?post=439"}],"curies":[{"name":"wp","href":"https:\/\/api.w.org\/{rel}","templated":true}]}}