{"id":403,"date":"2024-11-05T17:26:19","date_gmt":"2024-11-05T23:26:19","guid":{"rendered":"https:\/\/pachucatravel.com.mx\/index.php\/product\/dia-de-senderismo-nevado-de-toluca-santuario-de-la-mariposa-monarca-valle-de-bravo\/"},"modified":"2025-02-12T14:46:12","modified_gmt":"2025-02-12T20:46:12","slug":"dia-de-senderismo-nevado-de-toluca-santuario-de-la-mariposa-monarca-valle-de-bravo","status":"archived","type":"product","link":"https:\/\/pachucatravel.com.mx\/index.php\/product\/dia-de-senderismo-nevado-de-toluca-santuario-de-la-mariposa-monarca-valle-de-bravo\/","title":{"rendered":"D\u00eda de Senderismo: Nevado de Toluca, Santuario de la Mariposa Monarca &#038; Valle de Bravo"},"content":{"rendered":"<p><\/p>\n","protected":false},"excerpt":{"rendered":"<div class=\"et_pb_module et_pb_wc_description et_pb_wc_description_0_tb_body et_pb_bg_layout_light et_pb_text_align_left\" style=\"margin: 0px 0px 29.6875px;padding: 0px;border: 0px;font-size: 14px;vertical-align: baseline;background: 50% center \/ cover no-repeat transparent;position: relative\" data-mce-style=\"margin: 0px 0px 29.6875px; padding: 0px; border: 0px; font-size: 14px; vertical-align: baseline; background: 50% center \/ cover no-repeat transparent; position: relative;\">\n<div class=\"et_pb_module_inner\" style=\"margin: 0px;padding: 0px;border: 0px;vertical-align: baseline;background: transparent;position: relative\" data-mce-style=\"margin: 0px; padding: 0px; border: 0px; vertical-align: baseline; background: transparent; position: relative;\">\n<p style=\"margin: 0px;padding: 0px 0px 1em;border: 0px;vertical-align: baseline;background: transparent\" data-mce-style=\"margin: 0px; padding: 0px 0px 1em; border: 0px; vertical-align: baseline; background: transparent;\">\u00a1\u00daLTIMA FECHA DE ESTA TEMPORADA!<\/p>\n<p style=\"margin: 0px;padding: 0px 0px 1em;border: 0px;vertical-align: baseline;background: transparent\" data-mce-style=\"margin: 0px; padding: 0px 0px 1em; border: 0px; vertical-align: baseline; background: transparent;\">D\u00cdA DE SENDERISMO<\/p>\n<p style=\"margin: 0px;padding: 0px 0px 1em;border: 0px;vertical-align: baseline;background: transparent\" data-mce-style=\"margin: 0px; padding: 0px 0px 1em; border: 0px; vertical-align: baseline; background: transparent;\">\ud83c\udf04 <span style=\"margin: 0px;padding: 0px;border: 0px;vertical-align: baseline;background: transparent;font-weight: bold\" data-mce-style=\"margin: 0px; padding: 0px; border: 0px; vertical-align: baseline; background: transparent; font-weight: bold;\">Tour Nevado de Toluca, Valle de Bravo y Santuario de la Mariposa Monarca<\/span>\u00a0\ud83c\udf04<br \/><span style=\"margin: 0px;padding: 0px;border: 0px;vertical-align: baseline;background: transparent;font-weight: bold\" data-mce-style=\"margin: 0px; padding: 0px; border: 0px; vertical-align: baseline; background: transparent; font-weight: bold;\">Fecha<\/span>: S\u00e1bado 01 de febrero| <span style=\"margin: 0px;padding: 0px;border: 0px;vertical-align: baseline;background: transparent;font-weight: bold\" data-mce-style=\"margin: 0px; padding: 0px; border: 0px; vertical-align: baseline; background: transparent; font-weight: bold;\">Duraci\u00f3n<\/span>: Un solo d\u00eda |\u00a0<span style=\"margin: 0px;padding: 0px;border: 0px;vertical-align: baseline;background: transparent;font-weight: bold\" data-mce-style=\"margin: 0px; padding: 0px; border: 0px; vertical-align: baseline; background: transparent; font-weight: bold;\">Transporte<\/span>: Camioneta Crafter 20 pasajeros o autobus (dependiendo del n\u00famero minimo de pasajeros requerido).<\/p>\n<h3 style=\"margin: 0px;padding: 0px 0px 10px;border: 0px;font-size: 22px;vertical-align: baseline;background: transparent;line-height: 1em;font-weight: 500\" data-mce-style=\"margin: 0px; padding: 0px 0px 10px; border: 0px; font-size: 22px; vertical-align: baseline; background: transparent; line-height: 1em; font-weight: 500;\">\u00a1Una experiencia inolvidable de un d\u00eda para amantes de las caminatas en la naturaleza!<\/h3>\n<h4 style=\"margin: 0px;padding: 0px 0px 10px;border: 0px;font-size: 18px;vertical-align: baseline;background: transparent;line-height: 1em;font-weight: 500\" data-mce-style=\"margin: 0px; padding: 0px 0px 10px; border: 0px; font-size: 18px; vertical-align: baseline; background: transparent; line-height: 1em; font-weight: 500;\"><span style=\"margin: 0px;padding: 0px;border: 0px;vertical-align: baseline;background: transparent;font-weight: bold\" data-mce-style=\"margin: 0px; padding: 0px; border: 0px; vertical-align: baseline; background: transparent; font-weight: bold;\">\u00bfQu\u00e9 incluye el tour?<\/span><\/h4>\n<ul style=\"margin: 0px;padding: 0px 0px 23px 1em;border: 0px;vertical-align: baseline;background: transparent;line-height: 26px\" data-mce-style=\"margin: 0px; padding: 0px 0px 23px 1em; border: 0px; vertical-align: baseline; background: transparent; line-height: 26px;\">\n<li style=\"margin: 0px;padding: 0px;border: 0px;vertical-align: baseline;background: transparent\" data-mce-style=\"margin: 0px; padding: 0px; border: 0px; vertical-align: baseline; background: transparent;\">\ud83d\ude8d\u00a0<span style=\"margin: 0px;padding: 0px;border: 0px;vertical-align: baseline;background: transparent;font-weight: bold\" data-mce-style=\"margin: 0px; padding: 0px; border: 0px; vertical-align: baseline; background: transparent; font-weight: bold;\">Transporte<\/span>\u00a0en autob\u00fas c\u00f3modo y seguro (sujeto a minimo de lugares completados)<\/li>\n<li style=\"margin: 0px;padding: 0px;border: 0px;vertical-align: baseline;background: transparent\" data-mce-style=\"margin: 0px; padding: 0px; border: 0px; vertical-align: baseline; background: transparent;\">\ud83c\udfd4\ufe0f\u00a0<span style=\"margin: 0px;padding: 0px;border: 0px;vertical-align: baseline;background: transparent;font-weight: bold\" data-mce-style=\"margin: 0px; padding: 0px; border: 0px; vertical-align: baseline; background: transparent; font-weight: bold;\">Visita al Nevado de Toluca<\/span>: Explora sus espectaculares paisajes y vive una experiencia \u00fanica en uno de los volcanes m\u00e1s emblem\u00e1ticos de M\u00e9xico (no incluye la camioneta que nos traslada del parque de los Venados al Nevado)<\/li>\n<li style=\"margin: 0px;padding: 0px;border: 0px;vertical-align: baseline;background: transparent\" data-mce-style=\"margin: 0px; padding: 0px; border: 0px; vertical-align: baseline; background: transparent;\">\ud83c\udf32\u00a0<span style=\"margin: 0px;padding: 0px;border: 0px;vertical-align: baseline;background: transparent;font-weight: bold\" data-mce-style=\"margin: 0px; padding: 0px; border: 0px; vertical-align: baseline; background: transparent; font-weight: bold;\">Recorrido por Valle de Bravo<\/span>: Un encantador pueblo con arquitectura colonial, calles empedradas y un hermoso lago donde podr\u00e1s tomar fotos incre\u00edbles.<\/li>\n<li style=\"margin: 0px;padding: 0px;border: 0px;vertical-align: baseline;background: transparent\" data-mce-style=\"margin: 0px; padding: 0px; border: 0px; vertical-align: baseline; background: transparent;\">\ud83c\udf3a\u00a0<b>Santuario de la Mariposa Monarca<\/b><\/li>\n<li style=\"margin: 0px;padding: 0px;border: 0px;vertical-align: baseline;background: transparent\" data-mce-style=\"margin: 0px; padding: 0px; border: 0px; vertical-align: baseline; background: transparent;\">\ud83d\udcf8\u00a0<span style=\"margin: 0px;padding: 0px;border: 0px;vertical-align: baseline;background: transparent;font-weight: bold\" data-mce-style=\"margin: 0px; padding: 0px; border: 0px; vertical-align: baseline; background: transparent; font-weight: bold;\">Fotograf\u00eda grupal<\/span>\u00a0para capturar recuerdos inolvidables.<\/li>\n<li style=\"margin: 0px;padding: 0px;border: 0px;vertical-align: baseline;background: transparent\" data-mce-style=\"margin: 0px; padding: 0px; border: 0px; vertical-align: baseline; background: transparent;\">\ud83e\ude7a\u00a0<span style=\"margin: 0px;padding: 0px;border: 0px;vertical-align: baseline;background: transparent;font-weight: bold\" data-mce-style=\"margin: 0px; padding: 0px; border: 0px; vertical-align: baseline; background: transparent; font-weight: bold;\">Seguro de gastos m\u00e9dicos<\/span>\u00a0dentro de la unidad de transporte.<\/li>\n<li style=\"margin: 0px;padding: 0px;border: 0px;vertical-align: baseline;background: transparent\" data-mce-style=\"margin: 0px; padding: 0px; border: 0px; vertical-align: baseline; background: transparent;\">\ud83e\udd1d\u00a0<span style=\"margin: 0px;padding: 0px;border: 0px;vertical-align: baseline;background: transparent;font-weight: bold\" data-mce-style=\"margin: 0px; padding: 0px; border: 0px; vertical-align: baseline; background: transparent; font-weight: bold;\">Gu\u00eda y coordinador<\/span>\u00a0que te acompa\u00f1ar\u00e1 en cada destino.<\/li>\n<\/ul>\n<h4 style=\"margin: 0px;padding: 0px 0px 10px;border: 0px;font-size: 18px;vertical-align: baseline;background: transparent;line-height: 1em;font-weight: 500\" data-mce-style=\"margin: 0px; padding: 0px 0px 10px; border: 0px; font-size: 18px; vertical-align: baseline; background: transparent; line-height: 1em; font-weight: 500;\"><span style=\"margin: 0px;padding: 0px;border: 0px;vertical-align: baseline;background: transparent;font-weight: bold\" data-mce-style=\"margin: 0px; padding: 0px; border: 0px; vertical-align: baseline; background: transparent; font-weight: bold;\">Itinerario (se entrega itinerario oficial unos d\u00edas antes de la fecha de salida)<\/span><\/h4>\n<h4 style=\"margin: 0px;padding: 0px 0px 10px;border: 0px;font-size: 18px;vertical-align: baseline;background: transparent;line-height: 1em;font-weight: 500\" data-mce-style=\"margin: 0px; padding: 0px 0px 10px; border: 0px; font-size: 18px; vertical-align: baseline; background: transparent; line-height: 1em; font-weight: 500;\"><span style=\"margin: 0px;padding: 0px;border: 0px;vertical-align: baseline;background: transparent;font-weight: bold\" data-mce-style=\"margin: 0px; padding: 0px; border: 0px; vertical-align: baseline; background: transparent; font-weight: bold;\">Precio<\/span>: $845 MXN por persona<\/h4>\n<p style=\"margin: 0px;padding: 0px 0px 1em;border: 0px;vertical-align: baseline;background: transparent\" data-mce-style=\"margin: 0px; padding: 0px 0px 1em; border: 0px; vertical-align: baseline; background: transparent;\"><span style=\"margin: 0px;padding: 0px;border: 0px;vertical-align: baseline;background: transparent;font-weight: bold\" data-mce-style=\"margin: 0px; padding: 0px; border: 0px; vertical-align: baseline; background: transparent; font-weight: bold;\">Aparta tu lugar con solo $200MXN<\/span>\u00a0y liquida el resto antes de la fecha del viaje.<\/p>\n<h3 style=\"margin: 0px;padding: 0px 0px 10px;border: 0px;font-size: 22px;vertical-align: baseline;background: transparent;line-height: 1em;font-weight: 500\" data-mce-style=\"margin: 0px; padding: 0px 0px 10px; border: 0px; font-size: 22px; vertical-align: baseline; background: transparent; line-height: 1em; font-weight: 500;\">\u00a1Reserva ahora!<\/h3>\n<p style=\"margin: 0px;padding: 0px 0px 1em;border: 0px;vertical-align: baseline;background: transparent\" data-mce-style=\"margin: 0px; padding: 0px 0px 1em; border: 0px; vertical-align: baseline; background: transparent;\">\ud83d\udcf2\u00a0<span style=\"margin: 0px;padding: 0px;border: 0px;vertical-align: baseline;background: transparent;font-weight: bold\" data-mce-style=\"margin: 0px; padding: 0px; border: 0px; vertical-align: baseline; background: transparent; font-weight: bold;\">Reserva tu lugar<\/span>:\u00a0<a rel=\"noopener\" target=\"_new\" href=\"https:\/\/wa.me\/5217712093870\" style=\"margin: 0px;padding: 0px;border: 0px;vertical-align: baseline;background: transparent\" data-mce-href=\"https:\/\/wa.me\/5217712093870\" data-mce-style=\"margin: 0px; padding: 0px; border: 0px; vertical-align: baseline; background: transparent;\">https:\/\/wa.me\/5217712093870<\/a><\/p>\n<hr>\n<p style=\"margin: 0px;padding: 0px;border: 0px;vertical-align: baseline;background: transparent\" data-mce-style=\"margin: 0px; padding: 0px; border: 0px; vertical-align: baseline; background: transparent;\">\ud83c\udf1f\u00a0<span style=\"margin: 0px;padding: 0px;border: 0px;vertical-align: baseline;background: transparent;font-weight: bold\" data-mce-style=\"margin: 0px; padding: 0px; border: 0px; vertical-align: baseline; background: transparent; font-weight: bold;\">No te pierdas la oportunidad de vivir una aventura invernal en destinos inolvidables. \u00a1Te esperamos!<\/span>\u00a0\ud83c\udf1f<\/p>\n<\/div>\n<\/div>\n<div class=\"et_pb_module et_pb_wc_description et_pb_wc_description_1_tb_body et_pb_bg_layout_light et_pb_text_align_left\" style=\"margin: 0px 0px 29.6875px;padding: 0px;border: 0px;font-size: 14px;vertical-align: baseline;background: 50% center \/ cover no-repeat transparent;position: relative\" data-mce-style=\"margin: 0px 0px 29.6875px; padding: 0px; border: 0px; font-size: 14px; vertical-align: baseline; background: 50% center \/ cover no-repeat transparent; position: relative;\">\n<div class=\"et_pb_module_inner\" style=\"margin: 0px;padding: 0px;border: 0px;vertical-align: baseline;background: transparent;position: relative\" data-mce-style=\"margin: 0px; padding: 0px; border: 0px; vertical-align: baseline; background: transparent; position: relative;\">\n<p style=\"margin: 0px;padding: 0px;border: 0px;vertical-align: baseline;background: transparent\" data-mce-style=\"margin: 0px; padding: 0px; border: 0px; vertical-align: baseline; background: transparent;\"><\/p>\n<\/div>\n<\/div>\n","protected":false},"featured_media":511,"template":"","meta":{"_bbp_topic_count":0,"_bbp_reply_count":0,"_bbp_total_topic_count":0,"_bbp_total_reply_count":0,"_bbp_voice_count":0,"_bbp_anonymous_reply_count":0,"_bbp_topic_count_hidden":0,"_bbp_reply_count_hidden":0,"_bbp_forum_subforum_count":0,"_et_pb_use_builder":"","_et_pb_old_content":"","_et_gb_content_width":"","_joinchat":[]},"product_brand":[],"product_cat":[94],"product_tag":[],"class_list":{"0":"post-403","1":"product","2":"type-product","3":"status-archived","4":"has-post-thumbnail","6":"product_cat-viajes-nacionales","8":"first","9":"instock","10":"shipping-taxable","11":"product-type-simple"},"_links":{"self":[{"href":"https:\/\/pachucatravel.com.mx\/index.php\/wp-json\/wp\/v2\/product\/403","targetHints":{"allow":["GET"]}}],"collection":[{"href":"https:\/\/pachucatravel.com.mx\/index.php\/wp-json\/wp\/v2\/product"}],"about":[{"href":"https:\/\/pachucatravel.com.mx\/index.php\/wp-json\/wp\/v2\/types\/product"}],"wp:featuredmedia":[{"embeddable":true,"href":"https:\/\/pachucatravel.com.mx\/index.php\/wp-json\/wp\/v2\/media\/511"}],"wp:attachment":[{"href":"https:\/\/pachucatravel.com.mx\/index.php\/wp-json\/wp\/v2\/media?parent=403"}],"wp:term":[{"taxonomy":"product_brand","embeddable":true,"href":"https:\/\/pachucatravel.com.mx\/index.php\/wp-json\/wp\/v2\/product_brand?post=403"},{"taxonomy":"product_cat","embeddable":true,"href":"https:\/\/pachucatravel.com.mx\/index.php\/wp-json\/wp\/v2\/product_cat?post=403"},{"taxonomy":"product_tag","embeddable":true,"href":"https:\/\/pachucatravel.com.mx\/index.php\/wp-json\/wp\/v2\/product_tag?post=403"}],"curies":[{"name":"wp","href":"https:\/\/api.w.org\/{rel}","templated":true}]}}