{"id":363,"date":"2024-10-11T14:11:11","date_gmt":"2024-10-11T20:11:11","guid":{"rendered":"https:\/\/pachucatravel.com.mx\/index.php\/product\/dia-de-muertos-en-valquirico-cholula-atlixco-puebla\/"},"modified":"2024-10-23T19:03:16","modified_gmt":"2024-10-24T01:03:16","slug":"dia-de-muertos-en-valquirico-cholula-atlixco-puebla","status":"archived","type":"product","link":"https:\/\/pachucatravel.com.mx\/index.php\/product\/dia-de-muertos-en-valquirico-cholula-atlixco-puebla\/","title":{"rendered":"D\u00eda de muertos en: Val&#8217;Quirico, Cholula &#038; Atlixco, Puebla"},"content":{"rendered":"<p><strong>Fecha:<\/strong> S\u00e1bado 02 de noviembre de 2024<br \/><strong>Punto de salida:<\/strong> \ud83d\udccd Soriana del Valle, Pachuca, Hidalgo<br \/><strong>Hora de salida:<\/strong> 6:00 a.m. (tolerancia m\u00e1xima de 15 minutos)<br \/><strong>Hora de regreso:<\/strong> 11:00 p.m.<\/p>\n<hr>\n<h3><strong>6:00 a.m.<\/strong> \u2013 <strong>Salida desde Soriana del Valle, Pachuca<\/strong><\/h3>\n<ul>\n<li>Punto de encuentro: Estacionamiento de Soriana del Valle, a un costado de Cinemex.<\/li>\n<li>Nota: Llega con tiempo suficiente para abordar las camionetas c\u00f3modamente.<\/li>\n<\/ul>\n<h3><strong>9:00 a.m.<\/strong> \u2013 <strong>Llegada a Atlixco, Puebla<\/strong><\/h3>\n<p><strong>Actividad:<\/strong> Festival de las Catrinas Gigantes<br \/>Disfrutaremos de la impresionante exposici\u00f3n de las Catrinas Gigantes, una obra de arte y tradici\u00f3n que adorna las calles de Atlixco.<\/p>\n<ul>\n<li><strong>Tiempo libre:<\/strong> 3 horas<\/li>\n<li><strong>Recomendaci\u00f3n para desayunar:<\/strong>\n<ul>\n<li>Molletes Atlixquenses<\/li>\n<li>Tamales y Atole<\/li>\n<li>Cecina Atlixquense<\/li>\n<li>Chilaquiles Atlixquenses<\/li>\n<li>Tacos de Barbacoa<br \/><em>(Consulta los lugares recomendados como el Mercado Benito Ju\u00e1rez, El Carmen Caf\u00e9 y Restaurante, Caf\u00e9 del Abuelo, o Restaurante El Castillo)<\/em><\/li>\n<\/ul>\n<\/li>\n<\/ul>\n<h3><strong>12:00 p.m.<\/strong> \u2013 <strong>Salida hacia Cholula, Puebla<\/strong><\/h3>\n<p>Tras disfrutar de Atlixco, abordamos las camionetas rumbo a Cholula.<\/p>\n<h3><strong>12:30 p.m.<\/strong> \u2013 <strong>Llegada a Cholula<\/strong><\/h3>\n<p><strong>Actividad:<\/strong> Campos de cempas\u00fachil<br \/>Exploraremos los vibrantes campos de cempas\u00fachil, un paisaje ideal para tomar fotos.<\/p>\n<ul>\n<li><strong>Tiempo libre:<\/strong> 3 horas<\/li>\n<li><strong>Recomendaci\u00f3n para comida:<\/strong> Mole poblano, chalupas o cemitas en restaurantes locales o puestos de comida econ\u00f3mica en la zona. Ideal para aquellos con un presupuesto m\u00e1s ajustado.<\/li>\n<\/ul>\n<h3><strong>3:30 p.m.<\/strong> \u2013 <strong>Salida hacia Val&#8217;Quirico<\/strong><\/h3>\n<p>Abordamos las camionetas rumbo a nuestra \u00faltima parada del d\u00eda.<\/p>\n<h3><strong>4:30 p.m.<\/strong> \u2013 <strong>Llegada a Val&#8217;Quirico<\/strong><\/h3>\n<p><strong>Actividad:<\/strong> Recorrido y tiempo libre<br \/>Val&#8217;Quirico, con su estilo medieval y encanto europeo, ofrece numerosas oportunidades para disfrutar de sus calles y tiendas, as\u00ed como para tomarse fotos.<\/p>\n<h3><strong>6:00 p.m.<\/strong> \u2013 <strong>Mega Procesi\u00f3n de Catrinas<\/strong><\/h3>\n<p>Asistiremos a la colorida Mega Procesi\u00f3n de Catrinas, un evento lleno de m\u00fasica y tradici\u00f3n.<\/p>\n<ul>\n<li><strong>Concurso:<\/strong> Lleva tu mejor disfraz de catrina, ya que dentro de nuestro grupo de viajeros premiaremos al mejor disfraz con un viaje gratis en uno de nuestros tours programados.<\/li>\n<\/ul>\n<h3><strong>8:00 p.m.<\/strong> \u2013 <strong>Tiempo libre en Val&#8217;Quirico<\/strong><\/h3>\n<p>Despu\u00e9s de la procesi\u00f3n, tendr\u00e1s tiempo para cenar, caminar o relajarte en los caf\u00e9s y restaurantes del lugar.<\/p>\n<h3><strong>9:30 p.m.<\/strong> \u2013 <strong>Abordaje y salida de Val&#8217;Quirico<\/strong><\/h3>\n<p>Nos reunimos para abordar las camionetas de regreso a Pachuca.<\/p>\n<h3><strong>11:00 p.m.<\/strong> \u2013 <strong>Llegada a Soriana del Valle, Pachuca<\/strong><\/h3>\n<p>Fin del recorrido y despedida.<\/p>\n","protected":false},"excerpt":{"rendered":"<div class=\"xdj266r x11i5rnm xat24cr x1mh8g0r x1vvkbs x126k92a\">\n<div dir=\"auto\" style=\"font-family: inherit\" data-mce-style=\"font-family: inherit;\">\u00a1Vive el D\u00eda de Muertos al estilo \u00fanico de Pachuca Travel! <span class=\"html-span xexx8yu x4uap5 x18d9i69 xkhd6sd x1hl2dhg x16tdsg8 x1vvkbs x3nfvp2 x1j61x8r x1fcty0u xdj266r xat24cr xgzva0m xhhsvwb xxymvpz xlup9mm x1kky2od\" style=\"text-align: inherit;padding: 0px;margin: 0px 1px;vertical-align: middle;width: 16px;height: 16px;font-family: inherit\" data-mce-style=\"text-align: inherit; padding: 0px; margin: 0px 1px; vertical-align: middle; width: 16px; height: 16px; font-family: inherit;\"><img loading=\"lazy\" decoding=\"async\" height=\"16\" width=\"16\" alt=\"\ud83c\udf89\" class=\"xz74otr\" src=\"https:\/\/static.xx.fbcdn.net\/images\/emoji.php\/v9\/t8c\/1\/16\/1f389.png\" style=\"border: 0px;object-fit: fill\" data-mce-src=\"https:\/\/static.xx.fbcdn.net\/images\/emoji.php\/v9\/t8c\/1\/16\/1f389.png\" data-mce-style=\"border: 0px; object-fit: fill;\"><\/span><\/div>\n<\/div>\n<div class=\"x11i5rnm xat24cr x1mh8g0r x1vvkbs xtlvy1s x126k92a\">\n<div dir=\"auto\" style=\"font-family: inherit\" data-mce-style=\"font-family: inherit;\">Este a\u00f1o, te llevamos a una nueva aventura con nuestros viajes de un solo d\u00eda. Prep\u00e1rate para una experiencia inolvidable que te har\u00e1 sentir el D\u00eda de Muertos como nunca antes.<\/div>\n<\/div>\n<div class=\"x11i5rnm xat24cr x1mh8g0r x1vvkbs xtlvy1s x126k92a\">\n<div dir=\"auto\" style=\"font-family: inherit\" data-mce-style=\"font-family: inherit;\"><span class=\"html-span xexx8yu x4uap5 x18d9i69 xkhd6sd x1hl2dhg x16tdsg8 x1vvkbs x3nfvp2 x1j61x8r x1fcty0u xdj266r xat24cr xgzva0m xhhsvwb xxymvpz xlup9mm x1kky2od\" style=\"text-align: inherit;padding: 0px;margin: 0px 1px;vertical-align: middle;width: 16px;height: 16px;font-family: inherit\" data-mce-style=\"text-align: inherit; padding: 0px; margin: 0px 1px; vertical-align: middle; width: 16px; height: 16px; font-family: inherit;\"><img loading=\"lazy\" decoding=\"async\" height=\"16\" width=\"16\" alt=\"\ud83d\ude8c\" class=\"xz74otr\" src=\"https:\/\/static.xx.fbcdn.net\/images\/emoji.php\/v9\/t79\/1\/16\/1f68c.png\" style=\"border: 0px;object-fit: fill\" data-mce-src=\"https:\/\/static.xx.fbcdn.net\/images\/emoji.php\/v9\/t79\/1\/16\/1f68c.png\" data-mce-style=\"border: 0px; object-fit: fill;\"><\/span> Nuestra ruta:<\/div>\n<\/div>\n<div class=\"x11i5rnm xat24cr x1mh8g0r x1vvkbs xtlvy1s x126k92a\">\n<div dir=\"auto\" style=\"font-family: inherit\" data-mce-style=\"font-family: inherit;\">1. Atlixco, Puebla: Disfrutaremos del impresionante Festival de las Catrinas Gigantes.<\/div>\n<div dir=\"auto\" style=\"font-family: inherit\" data-mce-style=\"font-family: inherit;\">2. Cholula, Puebla: Nos rodearemos de los hermosos campos de cempas\u00fachil, perfectos para capturar fotos \u00fanicas.<\/div>\n<div dir=\"auto\" style=\"font-family: inherit\" data-mce-style=\"font-family: inherit;\">3. Val&#8217;Quirico: Finalizaremos el d\u00eda con la m\u00e1gica Mega Procesi\u00f3n de Catrinas que este lugar encantador ha preparado para nosotros.<\/div>\n<\/div>\n<div class=\"x11i5rnm xat24cr x1mh8g0r x1vvkbs xtlvy1s x126k92a\">\n<div dir=\"auto\" style=\"font-family: inherit\" data-mce-style=\"font-family: inherit;\"><span class=\"html-span xexx8yu x4uap5 x18d9i69 xkhd6sd x1hl2dhg x16tdsg8 x1vvkbs x3nfvp2 x1j61x8r x1fcty0u xdj266r xat24cr xgzva0m xhhsvwb xxymvpz xlup9mm x1kky2od\" style=\"text-align: inherit;padding: 0px;margin: 0px 1px;vertical-align: middle;width: 16px;height: 16px;font-family: inherit\" data-mce-style=\"text-align: inherit; padding: 0px; margin: 0px 1px; vertical-align: middle; width: 16px; height: 16px; font-family: inherit;\"><img loading=\"lazy\" decoding=\"async\" height=\"16\" width=\"16\" alt=\"\ud83c\udf83\" class=\"xz74otr\" src=\"https:\/\/static.xx.fbcdn.net\/images\/emoji.php\/v9\/t86\/1\/16\/1f383.png\" style=\"border: 0px;object-fit: fill\" data-mce-src=\"https:\/\/static.xx.fbcdn.net\/images\/emoji.php\/v9\/t86\/1\/16\/1f383.png\" data-mce-style=\"border: 0px; object-fit: fill;\"><\/span> \u00a1Concurso de disfraces! Ve con tu mejor disfraz de catrina o catr\u00edn y compite por un viaje gratis a uno de nuestros pr\u00f3ximos tours. \u00a1No te lo pierdas!<\/div>\n<\/div>\n<div class=\"x11i5rnm xat24cr x1mh8g0r x1vvkbs xtlvy1s x126k92a\">\n<div dir=\"auto\" style=\"font-family: inherit\" data-mce-style=\"font-family: inherit;\"><span class=\"html-span xexx8yu x4uap5 x18d9i69 xkhd6sd x1hl2dhg x16tdsg8 x1vvkbs x3nfvp2 x1j61x8r x1fcty0u xdj266r xat24cr xgzva0m xhhsvwb xxymvpz xlup9mm x1kky2od\" style=\"text-align: inherit;padding: 0px;margin: 0px 1px;vertical-align: middle;width: 16px;height: 16px;font-family: inherit\" data-mce-style=\"text-align: inherit; padding: 0px; margin: 0px 1px; vertical-align: middle; width: 16px; height: 16px; font-family: inherit;\"><img loading=\"lazy\" decoding=\"async\" height=\"16\" width=\"16\" alt=\"\ud83d\udcf2\" class=\"xz74otr\" src=\"https:\/\/static.xx.fbcdn.net\/images\/emoji.php\/v9\/td8\/1\/16\/1f4f2.png\" style=\"border: 0px;object-fit: fill\" data-mce-src=\"https:\/\/static.xx.fbcdn.net\/images\/emoji.php\/v9\/td8\/1\/16\/1f4f2.png\" data-mce-style=\"border: 0px; object-fit: fill;\"><\/span> \u00bfQuieres m\u00e1s detalles? Escr\u00edbenos al WhatsApp: <span class=\"html-span xdj266r x11i5rnm xat24cr x1mh8g0r xexx8yu x4uap5 x18d9i69 xkhd6sd x1hl2dhg x16tdsg8 x1vvkbs\" style=\"margin: 0px;text-align: inherit;padding: 0px;font-family: inherit\" data-mce-style=\"margin: 0px; text-align: inherit; padding: 0px; font-family: inherit;\"><a class=\"x1i10hfl xjbqb8w x1ejq31n xd10rxx x1sy0etr x17r0tee x972fbf xcfux6l x1qhh985 xm0m39n x9f619 x1ypdohk xt0psk2 xe8uvvx xdj266r x11i5rnm xat24cr x1mh8g0r xexx8yu x4uap5 x18d9i69 xkhd6sd x16tdsg8 x1hl2dhg xggy1nq x1a2a7pz x1sur9pj xkrqix3 x1fey0fg x1s688f\" href=\"https:\/\/wa.me\/5217712093870?fbclid=IwZXh0bgNhZW0CMTAAAR2UzWoNshx59YCvczp7g3Q5HlUKEPnHQFqDemJv_454ONZp-VLvqw7RK1s_aem_6pBlN3yfBw387XjOuF0IDg\" rel=\"nofollow noreferrer noopener\" role=\"link\" target=\"_blank\" style=\"cursor: pointer;margin: 0px;text-align: inherit;border-style: none;padding: 0px;border-width: 0px;font-weight: 600;background-color: transparent;font-family: inherit\" data-mce-href=\"https:\/\/wa.me\/5217712093870?fbclid=IwZXh0bgNhZW0CMTAAAR2UzWoNshx59YCvczp7g3Q5HlUKEPnHQFqDemJv_454ONZp-VLvqw7RK1s_aem_6pBlN3yfBw387XjOuF0IDg\" data-mce-style=\"cursor: pointer; margin: 0px; text-align: inherit; border-style: none; padding: 0px; border-width: 0px; font-weight: 600; background-color: transparent; font-family: inherit;\">https:\/\/wa.me\/5217712093870<\/a><\/span>. Reserva tu lugar con solo $200. \u00a1Quedan pocos lugares disponibles!<\/div>\n<\/div>\n","protected":false},"featured_media":362,"template":"","meta":{"_bbp_topic_count":0,"_bbp_reply_count":0,"_bbp_total_topic_count":0,"_bbp_total_reply_count":0,"_bbp_voice_count":0,"_bbp_anonymous_reply_count":0,"_bbp_topic_count_hidden":0,"_bbp_reply_count_hidden":0,"_bbp_forum_subforum_count":0,"_et_pb_use_builder":"","_et_pb_old_content":"","_et_gb_content_width":"","_joinchat":[]},"product_brand":[],"product_cat":[94],"product_tag":[],"class_list":{"0":"post-363","1":"product","2":"type-product","3":"status-archived","4":"has-post-thumbnail","6":"product_cat-viajes-nacionales","8":"first","9":"instock","10":"virtual","11":"product-type-simple"},"_links":{"self":[{"href":"https:\/\/pachucatravel.com.mx\/index.php\/wp-json\/wp\/v2\/product\/363","targetHints":{"allow":["GET"]}}],"collection":[{"href":"https:\/\/pachucatravel.com.mx\/index.php\/wp-json\/wp\/v2\/product"}],"about":[{"href":"https:\/\/pachucatravel.com.mx\/index.php\/wp-json\/wp\/v2\/types\/product"}],"wp:featuredmedia":[{"embeddable":true,"href":"https:\/\/pachucatravel.com.mx\/index.php\/wp-json\/wp\/v2\/media\/362"}],"wp:attachment":[{"href":"https:\/\/pachucatravel.com.mx\/index.php\/wp-json\/wp\/v2\/media?parent=363"}],"wp:term":[{"taxonomy":"product_brand","embeddable":true,"href":"https:\/\/pachucatravel.com.mx\/index.php\/wp-json\/wp\/v2\/product_brand?post=363"},{"taxonomy":"product_cat","embeddable":true,"href":"https:\/\/pachucatravel.com.mx\/index.php\/wp-json\/wp\/v2\/product_cat?post=363"},{"taxonomy":"product_tag","embeddable":true,"href":"https:\/\/pachucatravel.com.mx\/index.php\/wp-json\/wp\/v2\/product_tag?post=363"}],"curies":[{"name":"wp","href":"https:\/\/api.w.org\/{rel}","templated":true}]}}